{"id":1003,"date":"2010-04-25T08:56:18","date_gmt":"2010-04-25T06:56:18","guid":{"rendered":"http:\/\/ltbc.fr\/?page_id=1003"},"modified":"2011-10-22T19:05:53","modified_gmt":"2011-10-22T17:05:53","slug":"jean-pierre","status":"publish","type":"page","link":"https:\/\/ltbc.fr\/?page_id=1003","title":{"rendered":"Jean-Pierre"},"content":{"rendered":"<p>_______________________________________________________________________<\/p>\n<p>&nbsp;<\/p>\n<p>Le samedi 10 septembre 2011, j&rsquo;ai pu participer \u00e0 une sortie organis\u00e9e par l&rsquo;association ASTTRE 19 sur le r\u00e9seau du CFTT ( Chemin de Fer Touristique du Tarn ).<\/p>\n<p>L&rsquo;association qui exploite le CFTT, nomm\u00e9e ACOVA, a \u00e9t\u00e9 cr\u00e9\u00e9e en 1975. Elle a pu recr\u00e9er un r\u00e9seau sur une partie de l&#8217;emprise de l&rsquo; ancienne ligne des Tramways \u00e0 vapeur du Tarn, ligne d&rsquo;int\u00e9r\u00eat local \u00e0 voie de 60, qui allait de La Rami\u00e8re \u00e0 Saint-Sulpice. C&rsquo;est ainsi que la section comprise entre Saint-Lieux-les-Lavaur et Giroussens a \u00e9t\u00e9 referr\u00e9e mais avec une voie de 50 au lieu de la voie de 60 d&rsquo;origine.<\/p>\n<p>Sur les photographies qui suivent, vous pourrez admirer la gare de d\u00e9part de Saint-Lieux-les-Lavaur, les ateliers, et une partie du mat\u00e9riel, notamment la machine Decauville n\u00b0 4 de 1932 class\u00e9e monument historique, un locotracteur Billard (bleu), un locotracteur de mine Schoma (rouge) et la chaudi\u00e8re d&rsquo;une seconde machine Decauville, entrepos\u00e9e dans les ateliers.<\/p>\n<p><a href=\"http:\/\/ltbc.fr\/wp-content\/uploads\/2010\/04\/IMGP1909.jpg\"><img loading=\"lazy\" decoding=\"async\" class=\"alignnone size-medium wp-image-1610\" title=\"IMGP1909\" src=\"http:\/\/ltbc.fr\/wp-content\/uploads\/2010\/04\/IMGP1909-300x200.jpg\" alt=\"\" width=\"300\" height=\"200\" srcset=\"https:\/\/ltbc.fr\/wp-content\/uploads\/2010\/04\/IMGP1909-300x200.jpg 300w, https:\/\/ltbc.fr\/wp-content\/uploads\/2010\/04\/IMGP1909-1024x682.jpg 1024w, https:\/\/ltbc.fr\/wp-content\/uploads\/2010\/04\/IMGP1909-150x100.jpg 150w, https:\/\/ltbc.fr\/wp-content\/uploads\/2010\/04\/IMGP1909-400x266.jpg 400w, https:\/\/ltbc.fr\/wp-content\/uploads\/2010\/04\/IMGP1909.jpg 1200w\" sizes=\"auto, (max-width: 300px) 100vw, 300px\" \/><\/a><a href=\"http:\/\/ltbc.fr\/wp-content\/uploads\/2010\/04\/IMGP1921.jpg\"><img loading=\"lazy\" decoding=\"async\" class=\"alignnone size-medium wp-image-1611\" title=\"IMGP1921\" src=\"http:\/\/ltbc.fr\/wp-content\/uploads\/2010\/04\/IMGP1921-300x200.jpg\" alt=\"\" width=\"300\" height=\"200\" srcset=\"https:\/\/ltbc.fr\/wp-content\/uploads\/2010\/04\/IMGP1921-300x200.jpg 300w, https:\/\/ltbc.fr\/wp-content\/uploads\/2010\/04\/IMGP1921-1024x682.jpg 1024w, https:\/\/ltbc.fr\/wp-content\/uploads\/2010\/04\/IMGP1921-150x100.jpg 150w, https:\/\/ltbc.fr\/wp-content\/uploads\/2010\/04\/IMGP1921-400x266.jpg 400w, https:\/\/ltbc.fr\/wp-content\/uploads\/2010\/04\/IMGP1921.jpg 1200w\" sizes=\"auto, (max-width: 300px) 100vw, 300px\" \/><\/a><\/p>\n<p><a href=\"http:\/\/ltbc.fr\/wp-content\/uploads\/2010\/04\/IMGP1905.jpg\"><img loading=\"lazy\" decoding=\"async\" class=\"alignnone size-medium wp-image-1607\" title=\"IMGP1905\" src=\"http:\/\/ltbc.fr\/wp-content\/uploads\/2010\/04\/IMGP1905-300x200.jpg\" alt=\"\" width=\"300\" height=\"200\" srcset=\"https:\/\/ltbc.fr\/wp-content\/uploads\/2010\/04\/IMGP1905-300x200.jpg 300w, https:\/\/ltbc.fr\/wp-content\/uploads\/2010\/04\/IMGP1905-1024x682.jpg 1024w, https:\/\/ltbc.fr\/wp-content\/uploads\/2010\/04\/IMGP1905-150x100.jpg 150w, https:\/\/ltbc.fr\/wp-content\/uploads\/2010\/04\/IMGP1905-400x266.jpg 400w, https:\/\/ltbc.fr\/wp-content\/uploads\/2010\/04\/IMGP1905.jpg 1200w\" sizes=\"auto, (max-width: 300px) 100vw, 300px\" \/><\/a><a href=\"..\/wp-content\/uploads\/2010\/04\/IMGP1903.jpg\"><img loading=\"lazy\" decoding=\"async\" class=\"alignnone size-medium wp-image-1605\" title=\"IMGP1903\" src=\"..\/wp-content\/uploads\/2010\/04\/IMGP1903-300x200.jpg\" alt=\"\" width=\"300\" height=\"200\" srcset=\"https:\/\/ltbc.fr\/wp-content\/uploads\/2010\/04\/IMGP1903-300x200.jpg 300w, https:\/\/ltbc.fr\/wp-content\/uploads\/2010\/04\/IMGP1903-1024x682.jpg 1024w, https:\/\/ltbc.fr\/wp-content\/uploads\/2010\/04\/IMGP1903-150x100.jpg 150w, https:\/\/ltbc.fr\/wp-content\/uploads\/2010\/04\/IMGP1903-400x266.jpg 400w, https:\/\/ltbc.fr\/wp-content\/uploads\/2010\/04\/IMGP1903.jpg 1200w\" sizes=\"auto, (max-width: 300px) 100vw, 300px\" \/><\/a><a href=\"..\/wp-content\/uploads\/2010\/04\/IMGP1906.jpg\"><img loading=\"lazy\" decoding=\"async\" class=\"alignnone size-medium wp-image-1608\" title=\"IMGP1906\" src=\"..\/wp-content\/uploads\/2010\/04\/IMGP1906-300x200.jpg\" alt=\"\" width=\"300\" height=\"200\" srcset=\"https:\/\/ltbc.fr\/wp-content\/uploads\/2010\/04\/IMGP1906-300x200.jpg 300w, https:\/\/ltbc.fr\/wp-content\/uploads\/2010\/04\/IMGP1906-1024x682.jpg 1024w, https:\/\/ltbc.fr\/wp-content\/uploads\/2010\/04\/IMGP1906-150x100.jpg 150w, https:\/\/ltbc.fr\/wp-content\/uploads\/2010\/04\/IMGP1906-400x266.jpg 400w, https:\/\/ltbc.fr\/wp-content\/uploads\/2010\/04\/IMGP1906.jpg 1200w\" sizes=\"auto, (max-width: 300px) 100vw, 300px\" \/><\/a><a href=\"http:\/\/ltbc.fr\/wp-content\/uploads\/2010\/04\/IMGP1908.jpg\"><img loading=\"lazy\" decoding=\"async\" class=\"alignnone size-medium wp-image-1609\" title=\"IMGP1908\" src=\"http:\/\/ltbc.fr\/wp-content\/uploads\/2010\/04\/IMGP1908-300x200.jpg\" alt=\"\" width=\"300\" height=\"200\" srcset=\"https:\/\/ltbc.fr\/wp-content\/uploads\/2010\/04\/IMGP1908-300x200.jpg 300w, https:\/\/ltbc.fr\/wp-content\/uploads\/2010\/04\/IMGP1908-1024x682.jpg 1024w, https:\/\/ltbc.fr\/wp-content\/uploads\/2010\/04\/IMGP1908-150x100.jpg 150w, https:\/\/ltbc.fr\/wp-content\/uploads\/2010\/04\/IMGP1908-400x266.jpg 400w, https:\/\/ltbc.fr\/wp-content\/uploads\/2010\/04\/IMGP1908.jpg 1200w\" sizes=\"auto, (max-width: 300px) 100vw, 300px\" \/><\/a><\/p>\n<p><a href=\"http:\/\/ltbc.fr\/wp-content\/uploads\/2010\/04\/IMGP1904.jpg\"><img loading=\"lazy\" decoding=\"async\" class=\"alignnone size-medium wp-image-1606\" title=\"IMGP1904\" src=\"http:\/\/ltbc.fr\/wp-content\/uploads\/2010\/04\/IMGP1904-300x200.jpg\" alt=\"\" width=\"300\" height=\"200\" srcset=\"https:\/\/ltbc.fr\/wp-content\/uploads\/2010\/04\/IMGP1904-300x200.jpg 300w, https:\/\/ltbc.fr\/wp-content\/uploads\/2010\/04\/IMGP1904-1024x682.jpg 1024w, https:\/\/ltbc.fr\/wp-content\/uploads\/2010\/04\/IMGP1904-150x100.jpg 150w, https:\/\/ltbc.fr\/wp-content\/uploads\/2010\/04\/IMGP1904-400x266.jpg 400w, https:\/\/ltbc.fr\/wp-content\/uploads\/2010\/04\/IMGP1904.jpg 1200w\" sizes=\"auto, (max-width: 300px) 100vw, 300px\" \/><\/a><a href=\"http:\/\/ltbc.fr\/wp-content\/uploads\/2010\/04\/IMGP1925.jpg\"><img loading=\"lazy\" decoding=\"async\" class=\"alignnone size-medium wp-image-1612\" title=\"IMGP1925\" src=\"http:\/\/ltbc.fr\/wp-content\/uploads\/2010\/04\/IMGP1925-300x200.jpg\" alt=\"\" width=\"300\" height=\"200\" srcset=\"https:\/\/ltbc.fr\/wp-content\/uploads\/2010\/04\/IMGP1925-300x200.jpg 300w, https:\/\/ltbc.fr\/wp-content\/uploads\/2010\/04\/IMGP1925-1024x682.jpg 1024w, https:\/\/ltbc.fr\/wp-content\/uploads\/2010\/04\/IMGP1925-150x100.jpg 150w, https:\/\/ltbc.fr\/wp-content\/uploads\/2010\/04\/IMGP1925-400x266.jpg 400w, https:\/\/ltbc.fr\/wp-content\/uploads\/2010\/04\/IMGP1925.jpg 1200w\" sizes=\"auto, (max-width: 300px) 100vw, 300px\" \/><\/a><a href=\"http:\/\/ltbc.fr\/wp-content\/uploads\/2010\/04\/IMGP1928.jpg\"><img loading=\"lazy\" decoding=\"async\" class=\"alignnone size-medium wp-image-1613\" title=\"IMGP1928\" src=\"http:\/\/ltbc.fr\/wp-content\/uploads\/2010\/04\/IMGP1928-300x200.jpg\" alt=\"\" width=\"300\" height=\"200\" srcset=\"https:\/\/ltbc.fr\/wp-content\/uploads\/2010\/04\/IMGP1928-300x200.jpg 300w, https:\/\/ltbc.fr\/wp-content\/uploads\/2010\/04\/IMGP1928-1024x682.jpg 1024w, https:\/\/ltbc.fr\/wp-content\/uploads\/2010\/04\/IMGP1928-150x100.jpg 150w, https:\/\/ltbc.fr\/wp-content\/uploads\/2010\/04\/IMGP1928-400x266.jpg 400w, https:\/\/ltbc.fr\/wp-content\/uploads\/2010\/04\/IMGP1928.jpg 1200w\" sizes=\"auto, (max-width: 300px) 100vw, 300px\" \/><\/a><a href=\"http:\/\/ltbc.fr\/wp-content\/uploads\/2010\/04\/IMGP1929.jpg\"><img loading=\"lazy\" decoding=\"async\" class=\"alignnone size-medium wp-image-1614\" title=\"IMGP1929\" src=\"http:\/\/ltbc.fr\/wp-content\/uploads\/2010\/04\/IMGP1929-300x200.jpg\" alt=\"\" width=\"300\" height=\"200\" srcset=\"https:\/\/ltbc.fr\/wp-content\/uploads\/2010\/04\/IMGP1929-300x200.jpg 300w, https:\/\/ltbc.fr\/wp-content\/uploads\/2010\/04\/IMGP1929-1024x682.jpg 1024w, https:\/\/ltbc.fr\/wp-content\/uploads\/2010\/04\/IMGP1929-150x100.jpg 150w, https:\/\/ltbc.fr\/wp-content\/uploads\/2010\/04\/IMGP1929-400x266.jpg 400w, https:\/\/ltbc.fr\/wp-content\/uploads\/2010\/04\/IMGP1929.jpg 1200w\" sizes=\"auto, (max-width: 300px) 100vw, 300px\" \/><\/a><a href=\"http:\/\/ltbc.fr\/wp-content\/uploads\/2010\/04\/IMGP1930.jpg\"><img loading=\"lazy\" decoding=\"async\" class=\"alignnone size-medium wp-image-1615\" title=\"IMGP1930\" src=\"http:\/\/ltbc.fr\/wp-content\/uploads\/2010\/04\/IMGP1930-300x200.jpg\" alt=\"\" width=\"300\" height=\"200\" srcset=\"https:\/\/ltbc.fr\/wp-content\/uploads\/2010\/04\/IMGP1930-300x200.jpg 300w, https:\/\/ltbc.fr\/wp-content\/uploads\/2010\/04\/IMGP1930-1024x682.jpg 1024w, https:\/\/ltbc.fr\/wp-content\/uploads\/2010\/04\/IMGP1930-150x100.jpg 150w, https:\/\/ltbc.fr\/wp-content\/uploads\/2010\/04\/IMGP1930-400x266.jpg 400w, https:\/\/ltbc.fr\/wp-content\/uploads\/2010\/04\/IMGP1930.jpg 1200w\" sizes=\"auto, (max-width: 300px) 100vw, 300px\" \/><\/a><a href=\"http:\/\/ltbc.fr\/wp-content\/uploads\/2010\/04\/IMGP1934.jpg\"><img loading=\"lazy\" decoding=\"async\" class=\"alignnone size-medium wp-image-1616\" title=\"IMGP1934\" src=\"http:\/\/ltbc.fr\/wp-content\/uploads\/2010\/04\/IMGP1934-300x200.jpg\" alt=\"\" width=\"300\" height=\"200\" srcset=\"https:\/\/ltbc.fr\/wp-content\/uploads\/2010\/04\/IMGP1934-300x200.jpg 300w, https:\/\/ltbc.fr\/wp-content\/uploads\/2010\/04\/IMGP1934-1024x682.jpg 1024w, https:\/\/ltbc.fr\/wp-content\/uploads\/2010\/04\/IMGP1934-150x100.jpg 150w, https:\/\/ltbc.fr\/wp-content\/uploads\/2010\/04\/IMGP1934-400x266.jpg 400w, https:\/\/ltbc.fr\/wp-content\/uploads\/2010\/04\/IMGP1934.jpg 1200w\" sizes=\"auto, (max-width: 300px) 100vw, 300px\" \/><\/a><\/p>\n<p>________________________________________________________________________<\/p>\n<p>Par ailleurs, vous pourrez voir sur les photographies qui suivent une 141 TA du P.O., sur base Jouef, superd\u00e9taill\u00e9e par Eric Seibel ( M\u00e9canic Train), et l&rsquo;avant d&rsquo;une 141E, du m\u00eame Eric Seibel.<\/p>\n<p><a href=\"http:\/\/ltbc.fr\/wp-content\/uploads\/2010\/04\/13.jpg\"><img loading=\"lazy\" decoding=\"async\" class=\"alignnone size-medium wp-image-1617\" title=\"1\" src=\"http:\/\/ltbc.fr\/wp-content\/uploads\/2010\/04\/13-300x200.jpg\" alt=\"\" width=\"300\" height=\"200\" srcset=\"https:\/\/ltbc.fr\/wp-content\/uploads\/2010\/04\/13-300x200.jpg 300w, https:\/\/ltbc.fr\/wp-content\/uploads\/2010\/04\/13-1024x682.jpg 1024w, https:\/\/ltbc.fr\/wp-content\/uploads\/2010\/04\/13-150x100.jpg 150w, https:\/\/ltbc.fr\/wp-content\/uploads\/2010\/04\/13-400x266.jpg 400w, https:\/\/ltbc.fr\/wp-content\/uploads\/2010\/04\/13.jpg 1200w\" sizes=\"auto, (max-width: 300px) 100vw, 300px\" \/><\/a><a href=\"http:\/\/ltbc.fr\/wp-content\/uploads\/2010\/04\/21.jpg\"><img loading=\"lazy\" decoding=\"async\" class=\"alignnone size-medium wp-image-1618\" title=\"2\" src=\"http:\/\/ltbc.fr\/wp-content\/uploads\/2010\/04\/21-300x200.jpg\" alt=\"\" width=\"300\" height=\"200\" srcset=\"https:\/\/ltbc.fr\/wp-content\/uploads\/2010\/04\/21-300x200.jpg 300w, https:\/\/ltbc.fr\/wp-content\/uploads\/2010\/04\/21-1024x682.jpg 1024w, https:\/\/ltbc.fr\/wp-content\/uploads\/2010\/04\/21-150x100.jpg 150w, https:\/\/ltbc.fr\/wp-content\/uploads\/2010\/04\/21-400x266.jpg 400w, https:\/\/ltbc.fr\/wp-content\/uploads\/2010\/04\/21.jpg 1200w\" sizes=\"auto, (max-width: 300px) 100vw, 300px\" \/><\/a><a href=\"http:\/\/ltbc.fr\/wp-content\/uploads\/2010\/04\/31.jpg\"><img loading=\"lazy\" decoding=\"async\" class=\"alignnone size-medium wp-image-1619\" title=\"3\" src=\"http:\/\/ltbc.fr\/wp-content\/uploads\/2010\/04\/31-300x200.jpg\" alt=\"\" width=\"300\" height=\"200\" srcset=\"https:\/\/ltbc.fr\/wp-content\/uploads\/2010\/04\/31-300x200.jpg 300w, https:\/\/ltbc.fr\/wp-content\/uploads\/2010\/04\/31-1024x682.jpg 1024w, https:\/\/ltbc.fr\/wp-content\/uploads\/2010\/04\/31-150x100.jpg 150w, https:\/\/ltbc.fr\/wp-content\/uploads\/2010\/04\/31-400x266.jpg 400w, https:\/\/ltbc.fr\/wp-content\/uploads\/2010\/04\/31.jpg 1200w\" sizes=\"auto, (max-width: 300px) 100vw, 300px\" \/><\/a><a href=\"http:\/\/ltbc.fr\/wp-content\/uploads\/2010\/04\/51.jpg\"><img loading=\"lazy\" decoding=\"async\" class=\"alignnone size-medium wp-image-1620\" title=\"5\" src=\"http:\/\/ltbc.fr\/wp-content\/uploads\/2010\/04\/51-300x200.jpg\" alt=\"\" width=\"300\" height=\"200\" srcset=\"https:\/\/ltbc.fr\/wp-content\/uploads\/2010\/04\/51-300x200.jpg 300w, https:\/\/ltbc.fr\/wp-content\/uploads\/2010\/04\/51-1024x682.jpg 1024w, https:\/\/ltbc.fr\/wp-content\/uploads\/2010\/04\/51-150x100.jpg 150w, https:\/\/ltbc.fr\/wp-content\/uploads\/2010\/04\/51-400x266.jpg 400w, https:\/\/ltbc.fr\/wp-content\/uploads\/2010\/04\/51.jpg 1200w\" sizes=\"auto, (max-width: 300px) 100vw, 300px\" \/><\/a><a href=\"http:\/\/ltbc.fr\/wp-content\/uploads\/2010\/04\/61.jpg\"><img loading=\"lazy\" decoding=\"async\" class=\"alignnone size-medium wp-image-1621\" title=\"6\" src=\"http:\/\/ltbc.fr\/wp-content\/uploads\/2010\/04\/61-300x200.jpg\" alt=\"\" width=\"300\" height=\"200\" srcset=\"https:\/\/ltbc.fr\/wp-content\/uploads\/2010\/04\/61-300x200.jpg 300w, https:\/\/ltbc.fr\/wp-content\/uploads\/2010\/04\/61-1024x682.jpg 1024w, https:\/\/ltbc.fr\/wp-content\/uploads\/2010\/04\/61-150x100.jpg 150w, https:\/\/ltbc.fr\/wp-content\/uploads\/2010\/04\/61-400x266.jpg 400w, https:\/\/ltbc.fr\/wp-content\/uploads\/2010\/04\/61.jpg 1200w\" sizes=\"auto, (max-width: 300px) 100vw, 300px\" \/><\/a><a href=\"http:\/\/ltbc.fr\/wp-content\/uploads\/2010\/04\/81.jpg\"><img loading=\"lazy\" decoding=\"async\" class=\"alignnone size-medium wp-image-1622\" title=\"8\" src=\"http:\/\/ltbc.fr\/wp-content\/uploads\/2010\/04\/81-300x200.jpg\" alt=\"\" width=\"300\" height=\"200\" srcset=\"https:\/\/ltbc.fr\/wp-content\/uploads\/2010\/04\/81-300x200.jpg 300w, https:\/\/ltbc.fr\/wp-content\/uploads\/2010\/04\/81-1024x682.jpg 1024w, https:\/\/ltbc.fr\/wp-content\/uploads\/2010\/04\/81-150x100.jpg 150w, https:\/\/ltbc.fr\/wp-content\/uploads\/2010\/04\/81-400x266.jpg 400w, https:\/\/ltbc.fr\/wp-content\/uploads\/2010\/04\/81.jpg 1200w\" sizes=\"auto, (max-width: 300px) 100vw, 300px\" \/><\/a><\/p>\n<p>________________________________________________________________________<\/p>\n<p>Deux photos prises en 1937, gare d&rsquo;Austerlitz, montrant une magnifique 240 PO-Midi avec mon p\u00e8re, mon grand-p\u00e8re et un grand oncle<\/p>\n<p><a href=\"http:\/\/ltbc.fr\/wp-content\/uploads\/2010\/04\/IMG_0001.jpg\"><img loading=\"lazy\" decoding=\"async\" class=\"alignnone size-medium wp-image-1004\" title=\"IMG_0001\" src=\"http:\/\/ltbc.fr\/wp-content\/uploads\/2010\/04\/IMG_0001-300x164.jpg\" alt=\"\" width=\"300\" height=\"164\" srcset=\"https:\/\/ltbc.fr\/wp-content\/uploads\/2010\/04\/IMG_0001-300x164.jpg 300w, https:\/\/ltbc.fr\/wp-content\/uploads\/2010\/04\/IMG_0001-1024x560.jpg 1024w, https:\/\/ltbc.fr\/wp-content\/uploads\/2010\/04\/IMG_0001.jpg 1600w\" sizes=\"auto, (max-width: 300px) 100vw, 300px\" \/><\/a><a href=\"http:\/\/ltbc.fr\/wp-content\/uploads\/2010\/04\/IMG_0002.jpg\"><img loading=\"lazy\" decoding=\"async\" class=\"alignnone size-medium wp-image-1005\" title=\"IMG_0002\" src=\"http:\/\/ltbc.fr\/wp-content\/uploads\/2010\/04\/IMG_0002-300x218.jpg\" alt=\"\" width=\"300\" height=\"218\" srcset=\"https:\/\/ltbc.fr\/wp-content\/uploads\/2010\/04\/IMG_0002-300x218.jpg 300w, https:\/\/ltbc.fr\/wp-content\/uploads\/2010\/04\/IMG_0002-1024x744.jpg 1024w, https:\/\/ltbc.fr\/wp-content\/uploads\/2010\/04\/IMG_0002.jpg 1600w\" sizes=\"auto, (max-width: 300px) 100vw, 300px\" \/><\/a><\/p>\n","protected":false},"excerpt":{"rendered":"<p>_______________________________________________________________________<\/p>\n<p>&nbsp;<\/p>\n<p>Le samedi 10 septembre 2011, j&rsquo;ai pu participer \u00e0 une sortie organis\u00e9e par l&rsquo;association ASTTRE 19 sur le r\u00e9seau du CFTT ( Chemin de Fer Touristique du Tarn ).<\/p>\n<p>L&rsquo;association qui exploite le CFTT, nomm\u00e9e ACOVA, a \u00e9t\u00e9 cr\u00e9\u00e9e en 1975. Elle a pu recr\u00e9er un r\u00e9seau sur une partie de l&#8217;emprise de [&#8230;]<\/p>\n","protected":false},"author":1,"featured_media":0,"parent":310,"menu_order":0,"comment_status":"open","ping_status":"open","template":"","meta":{"_monsterinsights_skip_tracking":false,"_monsterinsights_sitenote_active":false,"_monsterinsights_sitenote_note":"","_monsterinsights_sitenote_category":0,"footnotes":""},"class_list":["post-1003","page","type-page","status-publish","hentry","odd"],"aioseo_notices":[],"_links":{"self":[{"href":"https:\/\/ltbc.fr\/index.php?rest_route=\/wp\/v2\/pages\/1003","targetHints":{"allow":["GET"]}}],"collection":[{"href":"https:\/\/ltbc.fr\/index.php?rest_route=\/wp\/v2\/pages"}],"about":[{"href":"https:\/\/ltbc.fr\/index.php?rest_route=\/wp\/v2\/types\/page"}],"author":[{"embeddable":true,"href":"https:\/\/ltbc.fr\/index.php?rest_route=\/wp\/v2\/users\/1"}],"replies":[{"embeddable":true,"href":"https:\/\/ltbc.fr\/index.php?rest_route=%2Fwp%2Fv2%2Fcomments&post=1003"}],"version-history":[{"count":8,"href":"https:\/\/ltbc.fr\/index.php?rest_route=\/wp\/v2\/pages\/1003\/revisions"}],"predecessor-version":[{"id":1604,"href":"https:\/\/ltbc.fr\/index.php?rest_route=\/wp\/v2\/pages\/1003\/revisions\/1604"}],"up":[{"embeddable":true,"href":"https:\/\/ltbc.fr\/index.php?rest_route=\/wp\/v2\/pages\/310"}],"wp:attachment":[{"href":"https:\/\/ltbc.fr\/index.php?rest_route=%2Fwp%2Fv2%2Fmedia&parent=1003"}],"curies":[{"name":"wp","href":"https:\/\/api.w.org\/{rel}","templated":true}]}}