{"id":1771,"date":"2014-10-19T21:06:31","date_gmt":"2014-10-19T19:06:31","guid":{"rendered":"http:\/\/ltbc.fr\/?page_id=1771"},"modified":"2014-10-19T22:04:32","modified_gmt":"2014-10-19T20:04:32","slug":"guy","status":"publish","type":"page","link":"https:\/\/ltbc.fr\/?page_id=1771","title":{"rendered":"Guy"},"content":{"rendered":"<p>Voici quelques vues de l&rsquo;ancien r\u00e9seau de notre Pr\u00e9sident. Ce r\u00e9seau est aujourd&rsquo;hui totalement d\u00e9mont\u00e9.<\/p>\n<p>Vous pouvez cliquer sur les images pour les agrandir.<\/p>\n<p>&nbsp;<\/p>\n<p><a href=\"http:\/\/ltbc.fr\/wp-content\/uploads\/2014\/10\/01.jpg\"><img loading=\"lazy\" decoding=\"async\" class=\"alignnone  wp-image-1773\" alt=\"01\" src=\"http:\/\/ltbc.fr\/wp-content\/uploads\/2014\/10\/01.jpg\" width=\"600\" height=\"398\" srcset=\"https:\/\/ltbc.fr\/wp-content\/uploads\/2014\/10\/01.jpg 1200w, https:\/\/ltbc.fr\/wp-content\/uploads\/2014\/10\/01-300x199.jpg 300w, https:\/\/ltbc.fr\/wp-content\/uploads\/2014\/10\/01-1024x680.jpg 1024w, https:\/\/ltbc.fr\/wp-content\/uploads\/2014\/10\/01-150x99.jpg 150w, https:\/\/ltbc.fr\/wp-content\/uploads\/2014\/10\/01-400x265.jpg 400w\" sizes=\"auto, (max-width: 600px) 100vw, 600px\" \/><\/a><\/p>\n<p><a href=\"http:\/\/ltbc.fr\/wp-content\/uploads\/2014\/10\/03.jpg\"><img loading=\"lazy\" decoding=\"async\" class=\"alignnone  wp-image-1777\" alt=\"03\" src=\"http:\/\/ltbc.fr\/wp-content\/uploads\/2014\/10\/03.jpg\" width=\"600\" height=\"398\" srcset=\"https:\/\/ltbc.fr\/wp-content\/uploads\/2014\/10\/03.jpg 1200w, https:\/\/ltbc.fr\/wp-content\/uploads\/2014\/10\/03-300x199.jpg 300w, https:\/\/ltbc.fr\/wp-content\/uploads\/2014\/10\/03-1024x680.jpg 1024w, https:\/\/ltbc.fr\/wp-content\/uploads\/2014\/10\/03-150x99.jpg 150w, https:\/\/ltbc.fr\/wp-content\/uploads\/2014\/10\/03-400x265.jpg 400w\" sizes=\"auto, (max-width: 600px) 100vw, 600px\" \/><\/a><\/p>\n<p><img loading=\"lazy\" decoding=\"async\" class=\"alignnone  wp-image-1776\" alt=\"02\" src=\"http:\/\/ltbc.fr\/wp-content\/uploads\/2014\/10\/02.jpg\" width=\"600\" height=\"398\" srcset=\"https:\/\/ltbc.fr\/wp-content\/uploads\/2014\/10\/02.jpg 1200w, https:\/\/ltbc.fr\/wp-content\/uploads\/2014\/10\/02-300x199.jpg 300w, https:\/\/ltbc.fr\/wp-content\/uploads\/2014\/10\/02-1024x680.jpg 1024w, https:\/\/ltbc.fr\/wp-content\/uploads\/2014\/10\/02-150x99.jpg 150w, https:\/\/ltbc.fr\/wp-content\/uploads\/2014\/10\/02-400x265.jpg 400w\" sizes=\"auto, (max-width: 600px) 100vw, 600px\" \/><\/p>\n<p><a href=\"http:\/\/ltbc.fr\/wp-content\/uploads\/2014\/10\/041.jpg\"><img loading=\"lazy\" decoding=\"async\" class=\"alignnone  wp-image-1781\" alt=\"04\" src=\"http:\/\/ltbc.fr\/wp-content\/uploads\/2014\/10\/041.jpg\" width=\"600\" height=\"396\" srcset=\"https:\/\/ltbc.fr\/wp-content\/uploads\/2014\/10\/041-300x199.jpg 300w, https:\/\/ltbc.fr\/wp-content\/uploads\/2014\/10\/041-150x99.jpg 150w, https:\/\/ltbc.fr\/wp-content\/uploads\/2014\/10\/041-400x265.jpg 400w\" sizes=\"auto, (max-width: 600px) 100vw, 600px\" \/><\/a><\/p>\n<p><a href=\"http:\/\/ltbc.fr\/wp-content\/uploads\/2014\/10\/05.jpg\"><img loading=\"lazy\" decoding=\"async\" class=\"alignnone size-full wp-image-1782\" alt=\"05\" src=\"http:\/\/ltbc.fr\/wp-content\/uploads\/2014\/10\/05.jpg\" width=\"600\" height=\"397\" srcset=\"https:\/\/ltbc.fr\/wp-content\/uploads\/2014\/10\/05-300x199.jpg 300w, https:\/\/ltbc.fr\/wp-content\/uploads\/2014\/10\/05-1024x680.jpg 1024w, https:\/\/ltbc.fr\/wp-content\/uploads\/2014\/10\/05-150x99.jpg 150w, https:\/\/ltbc.fr\/wp-content\/uploads\/2014\/10\/05-400x265.jpg 400w\" sizes=\"auto, (max-width: 600px) 100vw, 600px\" \/><\/a><\/p>\n<p><a href=\"http:\/\/ltbc.fr\/wp-content\/uploads\/2014\/10\/06.jpg\"><img loading=\"lazy\" decoding=\"async\" class=\"alignnone size-full wp-image-1783\" alt=\"06\" src=\"http:\/\/ltbc.fr\/wp-content\/uploads\/2014\/10\/06.jpg\" width=\"600\" height=\"399\" srcset=\"https:\/\/ltbc.fr\/wp-content\/uploads\/2014\/10\/06.jpg 1200w, https:\/\/ltbc.fr\/wp-content\/uploads\/2014\/10\/06-300x199.jpg 300w, https:\/\/ltbc.fr\/wp-content\/uploads\/2014\/10\/06-1024x680.jpg 1024w, https:\/\/ltbc.fr\/wp-content\/uploads\/2014\/10\/06-150x99.jpg 150w, https:\/\/ltbc.fr\/wp-content\/uploads\/2014\/10\/06-400x265.jpg 400w\" sizes=\"auto, (max-width: 600px) 100vw, 600px\" \/><\/a><\/p>\n<p><a href=\"http:\/\/ltbc.fr\/wp-content\/uploads\/2014\/10\/07.jpg\"><img loading=\"lazy\" decoding=\"async\" class=\"alignnone size-full wp-image-1785\" alt=\"07\" src=\"http:\/\/ltbc.fr\/wp-content\/uploads\/2014\/10\/07.jpg\" width=\"600\" height=\"400\" srcset=\"https:\/\/ltbc.fr\/wp-content\/uploads\/2014\/10\/07.jpg 1200w, https:\/\/ltbc.fr\/wp-content\/uploads\/2014\/10\/07-300x200.jpg 300w, https:\/\/ltbc.fr\/wp-content\/uploads\/2014\/10\/07-1024x682.jpg 1024w, https:\/\/ltbc.fr\/wp-content\/uploads\/2014\/10\/07-150x100.jpg 150w, https:\/\/ltbc.fr\/wp-content\/uploads\/2014\/10\/07-400x266.jpg 400w\" sizes=\"auto, (max-width: 600px) 100vw, 600px\" \/><\/a><\/p>\n<p><a href=\"http:\/\/ltbc.fr\/wp-content\/uploads\/2014\/10\/08.jpg\"><img loading=\"lazy\" decoding=\"async\" class=\"alignnone size-full wp-image-1786\" alt=\"08\" src=\"http:\/\/ltbc.fr\/wp-content\/uploads\/2014\/10\/08.jpg\" width=\"600\" height=\"399\" srcset=\"https:\/\/ltbc.fr\/wp-content\/uploads\/2014\/10\/08.jpg 1200w, https:\/\/ltbc.fr\/wp-content\/uploads\/2014\/10\/08-300x200.jpg 300w, https:\/\/ltbc.fr\/wp-content\/uploads\/2014\/10\/08-1024x682.jpg 1024w, https:\/\/ltbc.fr\/wp-content\/uploads\/2014\/10\/08-150x100.jpg 150w, https:\/\/ltbc.fr\/wp-content\/uploads\/2014\/10\/08-400x266.jpg 400w\" sizes=\"auto, (max-width: 600px) 100vw, 600px\" \/><\/a><\/p>\n<p><a href=\"http:\/\/ltbc.fr\/wp-content\/uploads\/2014\/10\/09.jpg\"><img loading=\"lazy\" decoding=\"async\" class=\"alignnone size-full wp-image-1787\" alt=\"09\" src=\"http:\/\/ltbc.fr\/wp-content\/uploads\/2014\/10\/09.jpg\" width=\"600\" height=\"397\" srcset=\"https:\/\/ltbc.fr\/wp-content\/uploads\/2014\/10\/09-300x199.jpg 300w, https:\/\/ltbc.fr\/wp-content\/uploads\/2014\/10\/09-1024x680.jpg 1024w, https:\/\/ltbc.fr\/wp-content\/uploads\/2014\/10\/09-150x99.jpg 150w, https:\/\/ltbc.fr\/wp-content\/uploads\/2014\/10\/09-400x265.jpg 400w\" sizes=\"auto, (max-width: 600px) 100vw, 600px\" \/><\/a><\/p>\n<p><a href=\"http:\/\/ltbc.fr\/wp-content\/uploads\/2014\/10\/10.jpg\"><img loading=\"lazy\" decoding=\"async\" class=\"alignnone size-full wp-image-1788\" alt=\"10\" src=\"http:\/\/ltbc.fr\/wp-content\/uploads\/2014\/10\/10.jpg\" width=\"600\" height=\"399\" srcset=\"https:\/\/ltbc.fr\/wp-content\/uploads\/2014\/10\/10.jpg 1200w, https:\/\/ltbc.fr\/wp-content\/uploads\/2014\/10\/10-300x199.jpg 300w, https:\/\/ltbc.fr\/wp-content\/uploads\/2014\/10\/10-1024x680.jpg 1024w, https:\/\/ltbc.fr\/wp-content\/uploads\/2014\/10\/10-150x99.jpg 150w, https:\/\/ltbc.fr\/wp-content\/uploads\/2014\/10\/10-400x265.jpg 400w\" sizes=\"auto, (max-width: 600px) 100vw, 600px\" \/><\/a><\/p>\n<p><a href=\"http:\/\/ltbc.fr\/wp-content\/uploads\/2014\/10\/11.jpg\"><img loading=\"lazy\" decoding=\"async\" class=\"alignnone size-full wp-image-1790\" alt=\"11\" src=\"http:\/\/ltbc.fr\/wp-content\/uploads\/2014\/10\/11.jpg\" width=\"600\" height=\"399\" srcset=\"https:\/\/ltbc.fr\/wp-content\/uploads\/2014\/10\/11.jpg 1200w, https:\/\/ltbc.fr\/wp-content\/uploads\/2014\/10\/11-300x200.jpg 300w, https:\/\/ltbc.fr\/wp-content\/uploads\/2014\/10\/11-1024x682.jpg 1024w, https:\/\/ltbc.fr\/wp-content\/uploads\/2014\/10\/11-150x100.jpg 150w, https:\/\/ltbc.fr\/wp-content\/uploads\/2014\/10\/11-400x266.jpg 400w\" sizes=\"auto, (max-width: 600px) 100vw, 600px\" \/><\/a><\/p>\n<p><a href=\"http:\/\/ltbc.fr\/wp-content\/uploads\/2014\/10\/12.jpg\"><img loading=\"lazy\" decoding=\"async\" class=\"alignnone size-full wp-image-1791\" alt=\"12\" src=\"http:\/\/ltbc.fr\/wp-content\/uploads\/2014\/10\/12.jpg\" width=\"600\" height=\"399\" srcset=\"https:\/\/ltbc.fr\/wp-content\/uploads\/2014\/10\/12.jpg 1200w, https:\/\/ltbc.fr\/wp-content\/uploads\/2014\/10\/12-300x200.jpg 300w, https:\/\/ltbc.fr\/wp-content\/uploads\/2014\/10\/12-1024x682.jpg 1024w, https:\/\/ltbc.fr\/wp-content\/uploads\/2014\/10\/12-150x100.jpg 150w, https:\/\/ltbc.fr\/wp-content\/uploads\/2014\/10\/12-400x266.jpg 400w\" sizes=\"auto, (max-width: 600px) 100vw, 600px\" \/><\/a><\/p>\n<p><a href=\"http:\/\/ltbc.fr\/wp-content\/uploads\/2014\/10\/13.jpg\"><img loading=\"lazy\" decoding=\"async\" class=\"alignnone size-full wp-image-1792\" alt=\"13\" src=\"http:\/\/ltbc.fr\/wp-content\/uploads\/2014\/10\/13.jpg\" width=\"600\" height=\"400\" srcset=\"https:\/\/ltbc.fr\/wp-content\/uploads\/2014\/10\/13.jpg 1200w, https:\/\/ltbc.fr\/wp-content\/uploads\/2014\/10\/13-300x200.jpg 300w, https:\/\/ltbc.fr\/wp-content\/uploads\/2014\/10\/13-1024x682.jpg 1024w, https:\/\/ltbc.fr\/wp-content\/uploads\/2014\/10\/13-150x100.jpg 150w, https:\/\/ltbc.fr\/wp-content\/uploads\/2014\/10\/13-400x266.jpg 400w\" sizes=\"auto, (max-width: 600px) 100vw, 600px\" \/><\/a><\/p>\n<p><a href=\"http:\/\/ltbc.fr\/wp-content\/uploads\/2014\/10\/14.jpg\"><img loading=\"lazy\" decoding=\"async\" class=\"alignnone size-full wp-image-1793\" alt=\"14\" src=\"http:\/\/ltbc.fr\/wp-content\/uploads\/2014\/10\/14.jpg\" width=\"400\" height=\"599\" \/><\/a><\/p>\n<p><a href=\"http:\/\/ltbc.fr\/wp-content\/uploads\/2014\/10\/15.jpg\"><img loading=\"lazy\" decoding=\"async\" class=\"alignnone size-full wp-image-1794\" alt=\"15\" src=\"http:\/\/ltbc.fr\/wp-content\/uploads\/2014\/10\/15.jpg\" width=\"600\" height=\"212\" srcset=\"https:\/\/ltbc.fr\/wp-content\/uploads\/2014\/10\/15.jpg 1200w, https:\/\/ltbc.fr\/wp-content\/uploads\/2014\/10\/15-300x105.jpg 300w, https:\/\/ltbc.fr\/wp-content\/uploads\/2014\/10\/15-1024x360.jpg 1024w, https:\/\/ltbc.fr\/wp-content\/uploads\/2014\/10\/15-150x52.jpg 150w, https:\/\/ltbc.fr\/wp-content\/uploads\/2014\/10\/15-400x141.jpg 400w\" sizes=\"auto, (max-width: 600px) 100vw, 600px\" \/><\/a><\/p>\n<p><a href=\"http:\/\/ltbc.fr\/wp-content\/uploads\/2014\/10\/16.jpg\"><img loading=\"lazy\" decoding=\"async\" class=\"alignnone size-full wp-image-1796\" alt=\"16\" src=\"http:\/\/ltbc.fr\/wp-content\/uploads\/2014\/10\/16.jpg\" width=\"600\" height=\"400\" srcset=\"https:\/\/ltbc.fr\/wp-content\/uploads\/2014\/10\/16.jpg 1200w, https:\/\/ltbc.fr\/wp-content\/uploads\/2014\/10\/16-300x200.jpg 300w, https:\/\/ltbc.fr\/wp-content\/uploads\/2014\/10\/16-1024x682.jpg 1024w, https:\/\/ltbc.fr\/wp-content\/uploads\/2014\/10\/16-150x100.jpg 150w, https:\/\/ltbc.fr\/wp-content\/uploads\/2014\/10\/16-400x266.jpg 400w\" sizes=\"auto, (max-width: 600px) 100vw, 600px\" \/><\/a><\/p>\n<p><a href=\"http:\/\/ltbc.fr\/wp-content\/uploads\/2014\/10\/17.jpg\"><img loading=\"lazy\" decoding=\"async\" class=\"alignnone size-full wp-image-1797\" alt=\"17\" src=\"http:\/\/ltbc.fr\/wp-content\/uploads\/2014\/10\/17.jpg\" width=\"600\" height=\"290\" srcset=\"https:\/\/ltbc.fr\/wp-content\/uploads\/2014\/10\/17.jpg 1200w, https:\/\/ltbc.fr\/wp-content\/uploads\/2014\/10\/17-300x145.jpg 300w, https:\/\/ltbc.fr\/wp-content\/uploads\/2014\/10\/17-1024x495.jpg 1024w, https:\/\/ltbc.fr\/wp-content\/uploads\/2014\/10\/17-150x72.jpg 150w, https:\/\/ltbc.fr\/wp-content\/uploads\/2014\/10\/17-400x193.jpg 400w\" sizes=\"auto, (max-width: 600px) 100vw, 600px\" \/><\/a><\/p>\n<p><a href=\"http:\/\/ltbc.fr\/wp-content\/uploads\/2014\/10\/18.jpg\"><img loading=\"lazy\" decoding=\"async\" class=\"alignnone size-full wp-image-1798\" alt=\"18\" src=\"http:\/\/ltbc.fr\/wp-content\/uploads\/2014\/10\/18.jpg\" width=\"600\" height=\"400\" srcset=\"https:\/\/ltbc.fr\/wp-content\/uploads\/2014\/10\/18.jpg 1200w, https:\/\/ltbc.fr\/wp-content\/uploads\/2014\/10\/18-300x200.jpg 300w, https:\/\/ltbc.fr\/wp-content\/uploads\/2014\/10\/18-1024x682.jpg 1024w, https:\/\/ltbc.fr\/wp-content\/uploads\/2014\/10\/18-150x100.jpg 150w, https:\/\/ltbc.fr\/wp-content\/uploads\/2014\/10\/18-400x266.jpg 400w\" sizes=\"auto, (max-width: 600px) 100vw, 600px\" \/><\/a><\/p>\n<p>&nbsp;<\/p>\n<p>&nbsp;<\/p>\n<p>&nbsp;<\/p>\n","protected":false},"excerpt":{"rendered":"<p>Voici quelques vues de l&rsquo;ancien r\u00e9seau de notre Pr\u00e9sident. Ce r\u00e9seau est aujourd&rsquo;hui totalement d\u00e9mont\u00e9.<\/p>\n<p>Vous pouvez cliquer sur les images pour les agrandir.<\/p>\n<p>&nbsp;<\/p>\n<\/p>\n<\/p>\n<\/p>\n<\/p>\n<\/p>\n<\/p>\n<\/p>\n<\/p>\n<\/p>\n<p>&nbsp;<\/p>\n<p>&nbsp;<\/p>\n<p>&nbsp;<\/p>\n<p> [&#8230;]<\/p>\n","protected":false},"author":1,"featured_media":0,"parent":310,"menu_order":0,"comment_status":"open","ping_status":"open","template":"","meta":{"_monsterinsights_skip_tracking":false,"_monsterinsights_sitenote_active":false,"_monsterinsights_sitenote_note":"","_monsterinsights_sitenote_category":0,"footnotes":""},"class_list":["post-1771","page","type-page","status-publish","hentry","odd"],"aioseo_notices":[],"_links":{"self":[{"href":"https:\/\/ltbc.fr\/index.php?rest_route=\/wp\/v2\/pages\/1771","targetHints":{"allow":["GET"]}}],"collection":[{"href":"https:\/\/ltbc.fr\/index.php?rest_route=\/wp\/v2\/pages"}],"about":[{"href":"https:\/\/ltbc.fr\/index.php?rest_route=\/wp\/v2\/types\/page"}],"author":[{"embeddable":true,"href":"https:\/\/ltbc.fr\/index.php?rest_route=\/wp\/v2\/users\/1"}],"replies":[{"embeddable":true,"href":"https:\/\/ltbc.fr\/index.php?rest_route=%2Fwp%2Fv2%2Fcomments&post=1771"}],"version-history":[{"count":10,"href":"https:\/\/ltbc.fr\/index.php?rest_route=\/wp\/v2\/pages\/1771\/revisions"}],"predecessor-version":[{"id":1803,"href":"https:\/\/ltbc.fr\/index.php?rest_route=\/wp\/v2\/pages\/1771\/revisions\/1803"}],"up":[{"embeddable":true,"href":"https:\/\/ltbc.fr\/index.php?rest_route=\/wp\/v2\/pages\/310"}],"wp:attachment":[{"href":"https:\/\/ltbc.fr\/index.php?rest_route=%2Fwp%2Fv2%2Fmedia&parent=1771"}],"curies":[{"name":"wp","href":"https:\/\/api.w.org\/{rel}","templated":true}]}}