{"id":2,"date":"2009-12-26T18:15:57","date_gmt":"2009-12-26T18:15:57","guid":{"rendered":"http:\/\/ltbc.fr\/?page_id=2"},"modified":"2016-11-14T17:39:06","modified_gmt":"2016-11-14T16:39:06","slug":"a-propos","status":"publish","type":"page","link":"https:\/\/ltbc.fr\/?page_id=2","title":{"rendered":"Accueil"},"content":{"rendered":"<p>Bienvenue sur le site du club de train Briviste Corr\u00e9zien consacr\u00e9 au mod\u00e9lisme ferroviaire. Dans ces pages vous trouverez des informations sur nos activit\u00e9s pass\u00e9es et futures.<\/p>\n<p>Lorsque vous arrivez sur ce blog, apr\u00e8s avoir fait : ltbc.fr, vous pouvez voir les articles, en ordre chronologique, l&rsquo;article le plus r\u00e9cent se trouvant en haut de page.<\/p>\n<p>Vous pouvez aussi consulter les articles en cliquant sur une date dans la liste \u00ab\u00a0Archives\u00a0\u00bb, colonne de droite.<\/p>\n<p>Vous pouvez \u00e9galement consulter des pages, au moyen des onglets situ\u00e9s en haut. Des copies de ces onglets figurent dans la partie inf\u00e9rieure de la colonne de droite.<\/p>\n<p>N&rsquo;h\u00e9sitez pas \u00e0 d\u00e9poser des commentaires pour les articles qui vous ont int\u00e9ress\u00e9s, apr\u00e8s avoir cliqu\u00e9 sur \u00ab\u00a0laisser un commentaire\u00a0\u00bb, en bas de l&rsquo;article concern\u00e9. Votre premier commentaire ne para\u00eetra pas imm\u00e9diatement, il faudra qu&rsquo;un mod\u00e9rateur l&rsquo;accepte avant qu&rsquo;il soit publi\u00e9. Ceci pour \u00e9viter les spams.<\/p>\n<p>Si vous avez besoin de contacter les responsables du Club, vous avez les renseignements n\u00e9cessaires dans l&rsquo;onglet \u00ab\u00a0NOS COORDONNEES\u00a0\u00bb<\/p>\n<p>Bonne visite<\/p>\n<div id=\"attachment_3\" style=\"width: 510px\" class=\"wp-caption alignnone\"><a href=\"http:\/\/ltbc.fr\/wp-content\/uploads\/2009\/12\/ltbc_001.jpg\"><img loading=\"lazy\" decoding=\"async\" aria-describedby=\"caption-attachment-3\" class=\"size-full wp-image-3\" title=\"Vue d'ensemble de nos locaux\" src=\"http:\/\/ltbc.fr\/wp-content\/uploads\/2009\/12\/ltbc_001.jpg\" alt=\"Vue d'ensemble de nos locaux\" width=\"500\" height=\"333\" srcset=\"https:\/\/ltbc.fr\/wp-content\/uploads\/2009\/12\/ltbc_001.jpg 500w, https:\/\/ltbc.fr\/wp-content\/uploads\/2009\/12\/ltbc_001-300x199.jpg 300w\" sizes=\"auto, (max-width: 500px) 100vw, 500px\" \/><\/a><p id=\"caption-attachment-3\" class=\"wp-caption-text\">Vue d&rsquo;ensemble de nos locaux<\/p><\/div>\n<p><span style=\"border-radius: 2px; text-indent: 20px; width: auto; padding: 0px 4px 0px 0px; text-align: center; font: bold 11px\/20px 'Helvetica Neue',Helvetica,sans-serif; color: #ffffff; background: #bd081c no-repeat scroll 3px 50% \/ 14px 14px; position: absolute; opacity: 1; z-index: 8675309; display: none; cursor: pointer;\">Enregistrer<\/span><\/p>\n<p><span style=\"border-radius: 2px; text-indent: 20px; width: auto; padding: 0px 4px 0px 0px; text-align: center; font: bold 11px\/20px 'Helvetica Neue',Helvetica,sans-serif; color: #ffffff; background: #bd081c no-repeat scroll 3px 50% \/ 14px 14px; position: absolute; opacity: 1; z-index: 8675309; display: none; cursor: pointer;\">Enregistrer<\/span><\/p>\n<p><span style=\"border-radius: 2px; text-indent: 20px; width: auto; padding: 0px 4px 0px 0px; text-align: center; font: bold 11px\/20px 'Helvetica Neue',Helvetica,sans-serif; color: #ffffff; background: #bd081c  no-repeat scroll 3px 50% \/ 14px 14px; position: absolute; opacity: 1; z-index: 8675309; display: none; cursor: pointer; top: 340px; left: 20px;\">Enregistrer<\/span><\/p>\n","protected":false},"excerpt":{"rendered":"<p>Bienvenue sur le site du club de train Briviste Corr\u00e9zien consacr\u00e9 au mod\u00e9lisme ferroviaire. Dans ces pages vous trouverez des informations sur nos activit\u00e9s pass\u00e9es et futures.<\/p>\n<p>Lorsque vous arrivez sur ce blog, apr\u00e8s avoir fait : ltbc.fr, vous pouvez voir les articles, en ordre chronologique, l&rsquo;article le plus r\u00e9cent se trouvant en haut de [&#8230;]<\/p>\n","protected":false},"author":1,"featured_media":0,"parent":0,"menu_order":0,"comment_status":"open","ping_status":"open","template":"","meta":{"_monsterinsights_skip_tracking":false,"_monsterinsights_sitenote_active":false,"_monsterinsights_sitenote_note":"","_monsterinsights_sitenote_category":0,"footnotes":""},"class_list":["post-2","page","type-page","status-publish","hentry","odd"],"aioseo_notices":[],"_links":{"self":[{"href":"https:\/\/ltbc.fr\/index.php?rest_route=\/wp\/v2\/pages\/2","targetHints":{"allow":["GET"]}}],"collection":[{"href":"https:\/\/ltbc.fr\/index.php?rest_route=\/wp\/v2\/pages"}],"about":[{"href":"https:\/\/ltbc.fr\/index.php?rest_route=\/wp\/v2\/types\/page"}],"author":[{"embeddable":true,"href":"https:\/\/ltbc.fr\/index.php?rest_route=\/wp\/v2\/users\/1"}],"replies":[{"embeddable":true,"href":"https:\/\/ltbc.fr\/index.php?rest_route=%2Fwp%2Fv2%2Fcomments&post=2"}],"version-history":[{"count":15,"href":"https:\/\/ltbc.fr\/index.php?rest_route=\/wp\/v2\/pages\/2\/revisions"}],"predecessor-version":[{"id":2123,"href":"https:\/\/ltbc.fr\/index.php?rest_route=\/wp\/v2\/pages\/2\/revisions\/2123"}],"wp:attachment":[{"href":"https:\/\/ltbc.fr\/index.php?rest_route=%2Fwp%2Fv2%2Fmedia&parent=2"}],"curies":[{"name":"wp","href":"https:\/\/api.w.org\/{rel}","templated":true}]}}