{"id":2416,"date":"2019-01-18T10:59:45","date_gmt":"2019-01-18T09:59:45","guid":{"rendered":"https:\/\/ltbc.fr\/?page_id=2416"},"modified":"2019-02-03T18:11:17","modified_gmt":"2019-02-03T17:11:17","slug":"simon","status":"publish","type":"page","link":"https:\/\/ltbc.fr\/?page_id=2416","title":{"rendered":"Simon"},"content":{"rendered":"\n<p>Voici une petite vid\u00e9o, tourn\u00e9e par Simon, montrant son nouveau r\u00e9seau \u00e0 l&rsquo;\u00e9chelle O, en cours de construction. C&rsquo;est un premier essai, il y a encore beaucoup \u00e0 faire !<\/p>\n\n\n<iframe loading=\"lazy\"  id=\"_ytid_88371\"  width=\"640\" height=\"360\"  data-origwidth=\"640\" data-origheight=\"360\" src=\"https:\/\/www.youtube.com\/embed\/uo28Tx9G72c?enablejsapi=1&autoplay=0&cc_load_policy=0&cc_lang_pref=&iv_load_policy=1&loop=0&modestbranding=0&rel=1&fs=1&playsinline=0&autohide=2&theme=dark&color=red&controls=1&\" class=\"__youtube_prefs__  no-lazyload\" title=\"YouTube player\"  allow=\"accelerometer; autoplay; clipboard-write; encrypted-media; gyroscope; picture-in-picture\" allowfullscreen data-no-lazy=\"1\" data-skipgform_ajax_framebjll=\"\"><\/iframe>","protected":false},"excerpt":{"rendered":"\n<p>Voici une petite vid\u00e9o, tourn\u00e9e par Simon, montrant son nouveau r\u00e9seau \u00e0 l&rsquo;\u00e9chelle O, en cours de construction. C&rsquo;est un premier essai, il y a encore beaucoup \u00e0 faire !<\/p>\n","protected":false},"author":1,"featured_media":0,"parent":310,"menu_order":0,"comment_status":"closed","ping_status":"closed","template":"","meta":{"_monsterinsights_skip_tracking":false,"_monsterinsights_sitenote_active":false,"_monsterinsights_sitenote_note":"","_monsterinsights_sitenote_category":0,"footnotes":""},"class_list":["post-2416","page","type-page","status-publish","hentry","odd"],"aioseo_notices":[],"_links":{"self":[{"href":"https:\/\/ltbc.fr\/index.php?rest_route=\/wp\/v2\/pages\/2416","targetHints":{"allow":["GET"]}}],"collection":[{"href":"https:\/\/ltbc.fr\/index.php?rest_route=\/wp\/v2\/pages"}],"about":[{"href":"https:\/\/ltbc.fr\/index.php?rest_route=\/wp\/v2\/types\/page"}],"author":[{"embeddable":true,"href":"https:\/\/ltbc.fr\/index.php?rest_route=\/wp\/v2\/users\/1"}],"replies":[{"embeddable":true,"href":"https:\/\/ltbc.fr\/index.php?rest_route=%2Fwp%2Fv2%2Fcomments&post=2416"}],"version-history":[{"count":6,"href":"https:\/\/ltbc.fr\/index.php?rest_route=\/wp\/v2\/pages\/2416\/revisions"}],"predecessor-version":[{"id":2439,"href":"https:\/\/ltbc.fr\/index.php?rest_route=\/wp\/v2\/pages\/2416\/revisions\/2439"}],"up":[{"embeddable":true,"href":"https:\/\/ltbc.fr\/index.php?rest_route=\/wp\/v2\/pages\/310"}],"wp:attachment":[{"href":"https:\/\/ltbc.fr\/index.php?rest_route=%2Fwp%2Fv2%2Fmedia&parent=2416"}],"curies":[{"name":"wp","href":"https:\/\/api.w.org\/{rel}","templated":true}]}}