{"id":310,"date":"2010-01-02T22:52:46","date_gmt":"2010-01-02T21:52:46","guid":{"rendered":"http:\/\/ltbc.fr\/?page_id=310"},"modified":"2025-06-26T15:32:29","modified_gmt":"2025-06-26T13:32:29","slug":"espace-des-adherents","status":"publish","type":"page","link":"https:\/\/ltbc.fr\/?page_id=310","title":{"rendered":"Espace des adh\u00e9rents"},"content":{"rendered":"<p>Vous \u00eates adh\u00e9rent du LTBC, cet espace est fait pour vous.<\/p>\n<p>Le Blog a besoin d&rsquo;\u00eatre aliment\u00e9 en permanence avec des articles nouveaux, pour rester un lieu d&rsquo;\u00e9change convivial, o\u00f9 les visiteurs auront plaisir \u00e0 venir et revenir.<\/p>\n<p>Vous poss\u00e9dez un r\u00e9seau?<\/p>\n<p>Vous poss\u00e9dez des mat\u00e9riels ferroviaires sortant de l&rsquo;ordinaire? (mat\u00e9riel ancien, de collection, constructions personnelles &#8230;)<\/p>\n<p>Vous avez r\u00e9alis\u00e9 une construction personnelle? Vous pouvez d\u00e9crire et illustrer les diff\u00e9rentes \u00e9tapes de la construction?<\/p>\n<p>Vous connaissez des astuces, des tours de main?<\/p>\n<p>Etc &#8230;<\/p>\n<p>Adressez nous vos photos, vos vid\u00e9os, vos dessins, vos textes, nous nous chargerons de la publication.<\/p>\n<p>Ces documents peuvent nous \u00eatre communiqu\u00e9s sous forme de fichiers informatiques, quel que soit le format de ces fichiers, ou sous forme de documents scannables.<\/p>\n<p>Pour les photos, la plus grande dimension peut \u00eatre de 1600 pixels, voire plus si la photo le m\u00e9rite.<\/p>\n<p>Si vous n&rsquo;avez pas le moyen de prendre des photos, Marcel ou Francis peuvent s&rsquo;en charger. Pour faire des vid\u00e9os, voir Marcel.<\/p>\n<p>____________________________________________<\/p>\n<p>Pour acc\u00e9der \u00e0 l&rsquo;espace de chaque adh\u00e9rent, vous pouvez soit cliquer sur les onglets en haut de page, soit cliquer sur son nom ci-dessous :<\/p>\n<p><a href=\"http:\/\/ltbc.fr\/?page_id=377\">Marcel<\/a><\/p>\n<p><a href=\"http:\/\/ltbc.fr\/?page_id=425\" data-wplink-edit=\"true\">Francis<\/a><\/p>\n<p><a href=\"http:\/\/ltbc.fr\/?page_id=496\">J\u00e9r\u00f4me<\/a><\/p>\n<p><a href=\"http:\/\/ltbc.fr\/?page_id=505\">Michel F.<\/a><\/p>\n<p><a href=\"http:\/\/ltbc.fr\/?page_id=541\">Jean-No\u00ebl<\/a><\/p>\n<p><a href=\"http:\/\/ltbc.fr\/?page_id=557\">Christian<\/a><\/p>\n<p><a href=\"http:\/\/ltbc.fr\/?page_id=769\">Jeannot<\/a><\/p>\n<p><a href=\"http:\/\/ltbc.fr\/?page_id=1003\">Jean-Pierre<\/a><\/p>\n<p><a href=\"http:\/\/ltbc.fr\/?page_id=1771\">Guy<\/a><\/p>\n\n\n<p><a href=\"https:\/\/ltbc.fr\/?page_id=4062&amp;preview=true\" target=\"_blank\" rel=\"noopener\">Co<\/a><a href=\"https:\/\/ltbc.fr\/?page_id=4062&amp;preview=true\" target=\"_blank\" rel=\"noopener nofollow sponsored ugc\">lin<\/a><\/p>\n\n\n\n<p><\/p>\n","protected":false},"excerpt":{"rendered":"<p>Vous \u00eates adh\u00e9rent du LTBC, cet espace est fait pour vous.<\/p>\n<p>Le Blog a besoin d&rsquo;\u00eatre aliment\u00e9 en permanence avec des articles nouveaux, pour rester un lieu d&rsquo;\u00e9change convivial, o\u00f9 les visiteurs auront plaisir \u00e0 venir et revenir.<\/p>\n<p>Vous poss\u00e9dez un r\u00e9seau?<\/p>\n<p>Vous poss\u00e9dez des mat\u00e9riels ferroviaires sortant de l&rsquo;ordinaire? (mat\u00e9riel ancien, de collection, constructions [&#8230;]<\/p>\n","protected":false},"author":1,"featured_media":0,"parent":0,"menu_order":0,"comment_status":"open","ping_status":"open","template":"","meta":{"_monsterinsights_skip_tracking":false,"_monsterinsights_sitenote_active":false,"_monsterinsights_sitenote_note":"","_monsterinsights_sitenote_category":0,"footnotes":""},"class_list":["post-310","page","type-page","status-publish","hentry","odd"],"aioseo_notices":[],"_links":{"self":[{"href":"https:\/\/ltbc.fr\/index.php?rest_route=\/wp\/v2\/pages\/310","targetHints":{"allow":["GET"]}}],"collection":[{"href":"https:\/\/ltbc.fr\/index.php?rest_route=\/wp\/v2\/pages"}],"about":[{"href":"https:\/\/ltbc.fr\/index.php?rest_route=\/wp\/v2\/types\/page"}],"author":[{"embeddable":true,"href":"https:\/\/ltbc.fr\/index.php?rest_route=\/wp\/v2\/users\/1"}],"replies":[{"embeddable":true,"href":"https:\/\/ltbc.fr\/index.php?rest_route=%2Fwp%2Fv2%2Fcomments&post=310"}],"version-history":[{"count":22,"href":"https:\/\/ltbc.fr\/index.php?rest_route=\/wp\/v2\/pages\/310\/revisions"}],"predecessor-version":[{"id":4078,"href":"https:\/\/ltbc.fr\/index.php?rest_route=\/wp\/v2\/pages\/310\/revisions\/4078"}],"wp:attachment":[{"href":"https:\/\/ltbc.fr\/index.php?rest_route=%2Fwp%2Fv2%2Fmedia&parent=310"}],"curies":[{"name":"wp","href":"https:\/\/api.w.org\/{rel}","templated":true}]}}