{"id":313,"date":"2010-01-02T20:35:36","date_gmt":"2010-01-02T19:35:36","guid":{"rendered":"http:\/\/ltbc.fr\/?page_id=313"},"modified":"2019-01-18T10:32:35","modified_gmt":"2019-01-18T09:32:35","slug":"sponsors","status":"publish","type":"page","link":"https:\/\/ltbc.fr\/?page_id=313","title":{"rendered":"Sponsors"},"content":{"rendered":"<p>Vous d\u00e9sirez sponsoriser notre Association ?<\/p>\n<p>Cette page vous est destin\u00e9e.<\/p>\n<p>Nous pouvons y faire figurer vos photographies, vos textes et un lien vers votre site si vous en poss\u00e9dez un.<\/p>\n<p>N&rsquo;h\u00e9sitez pas \u00e0 nous envoyer un courrier \u00e0<\/p>\n<p>\u00ab\u00a0Le Train Briviste Corr\u00e9zien\u00a0\u00bb<\/p>\n<p>19, avenue de l&rsquo;Industrie<\/p>\n<p>19360 Malemort<\/p>\n<p>ou un mail \u00e0 notre Pr\u00e9sident :<\/p>\n<p>limoreau@wanadoo.fr<\/p>\n","protected":false},"excerpt":{"rendered":"<p>Vous d\u00e9sirez sponsoriser notre Association ?<\/p>\n<p>Cette page vous est destin\u00e9e.<\/p>\n<p>Nous pouvons y faire figurer vos photographies, vos textes et un lien vers votre site si vous en poss\u00e9dez un.<\/p>\n<p>N&rsquo;h\u00e9sitez pas \u00e0 nous envoyer un courrier \u00e0<\/p>\n<p>\u00ab Le Train Briviste Corr\u00e9zien \u00bb<\/p>\n<p>19, avenue de l&rsquo;Industrie<\/p>\n<p>19360 Malemort<\/p>\n<p>ou un mail \u00e0 [&#8230;]<\/p>\n","protected":false},"author":1,"featured_media":0,"parent":0,"menu_order":0,"comment_status":"open","ping_status":"open","template":"","meta":{"_monsterinsights_skip_tracking":false,"_monsterinsights_sitenote_active":false,"_monsterinsights_sitenote_note":"","_monsterinsights_sitenote_category":0,"footnotes":""},"class_list":["post-313","page","type-page","status-publish","hentry","odd"],"aioseo_notices":[],"_links":{"self":[{"href":"https:\/\/ltbc.fr\/index.php?rest_route=\/wp\/v2\/pages\/313","targetHints":{"allow":["GET"]}}],"collection":[{"href":"https:\/\/ltbc.fr\/index.php?rest_route=\/wp\/v2\/pages"}],"about":[{"href":"https:\/\/ltbc.fr\/index.php?rest_route=\/wp\/v2\/types\/page"}],"author":[{"embeddable":true,"href":"https:\/\/ltbc.fr\/index.php?rest_route=\/wp\/v2\/users\/1"}],"replies":[{"embeddable":true,"href":"https:\/\/ltbc.fr\/index.php?rest_route=%2Fwp%2Fv2%2Fcomments&post=313"}],"version-history":[{"count":5,"href":"https:\/\/ltbc.fr\/index.php?rest_route=\/wp\/v2\/pages\/313\/revisions"}],"predecessor-version":[{"id":2406,"href":"https:\/\/ltbc.fr\/index.php?rest_route=\/wp\/v2\/pages\/313\/revisions\/2406"}],"wp:attachment":[{"href":"https:\/\/ltbc.fr\/index.php?rest_route=%2Fwp%2Fv2%2Fmedia&parent=313"}],"curies":[{"name":"wp","href":"https:\/\/api.w.org\/{rel}","templated":true}]}}