{"id":3134,"date":"2021-03-07T16:18:01","date_gmt":"2021-03-07T15:18:01","guid":{"rendered":"https:\/\/ltbc.fr\/?page_id=3134"},"modified":"2021-03-07T23:27:00","modified_gmt":"2021-03-07T22:27:00","slug":"lionel","status":"publish","type":"page","link":"https:\/\/ltbc.fr\/?page_id=3134","title":{"rendered":"Lionel"},"content":{"rendered":"\n<p>Voici les photographies de la collection d&rsquo;autorails de Lionel.<\/p>\n\n\n\n<p>Certains proviennent de kits en laiton mont\u00e9s par Lionel ( Buffaud Robatel, ADX ), d&rsquo;autres de caisses en r\u00e9sine fournies par Apocopa (Dunlop, AEK), ou de caisses AS ( ABV ).<\/p>\n\n\n\n<p>La \u00ab\u00a0mobylette\u00a0\u00bb est de R87, le De Dietrich est un mod\u00e8le AS, la Micheline et le Berliet sont des mod\u00e8les Atlas motoris\u00e9s et digitalis\u00e9s.<\/p>\n\n\n\n<p>Le X 2700 ( double vert\/jaune ) est une caisse Apocopa adapt\u00e9 sur un chassis Roco.<\/p>\n\n\n\n<p>Le 2800 1\u00e8re classe est un mod\u00e8le Roco modifi\u00e9 avec un kit.<\/p>\n\n\n\n<p>Les photographies sont de Lionel.<\/p>\n\n\n\n<p><\/p>\n\n\n\n<p>Cliquez sur les images pour les agrandir.<\/p>\n\n\n\n<figure class=\"wp-block-image size-large is-resized\"><a href=\"https:\/\/ltbc.fr\/wp-content\/uploads\/2021\/03\/01-1.jpg\"><img loading=\"lazy\" decoding=\"async\" src=\"https:\/\/ltbc.fr\/wp-content\/uploads\/2021\/03\/01-1-1024x344.jpg\" alt=\"\" class=\"wp-image-3149\" width=\"768\" height=\"258\" srcset=\"https:\/\/ltbc.fr\/wp-content\/uploads\/2021\/03\/01-1-1024x344.jpg 1024w, https:\/\/ltbc.fr\/wp-content\/uploads\/2021\/03\/01-1-300x101.jpg 300w, https:\/\/ltbc.fr\/wp-content\/uploads\/2021\/03\/01-1-768x258.jpg 768w, https:\/\/ltbc.fr\/wp-content\/uploads\/2021\/03\/01-1-1536x515.jpg 1536w, https:\/\/ltbc.fr\/wp-content\/uploads\/2021\/03\/01-1-150x50.jpg 150w, https:\/\/ltbc.fr\/wp-content\/uploads\/2021\/03\/01-1-400x134.jpg 400w, https:\/\/ltbc.fr\/wp-content\/uploads\/2021\/03\/01-1.jpg 1800w\" sizes=\"auto, (max-width: 768px) 100vw, 768px\" \/><\/a><\/figure>\n\n\n\n<figure class=\"wp-block-image size-large is-resized\"><a href=\"https:\/\/ltbc.fr\/wp-content\/uploads\/2021\/03\/02-2.jpg\"><img loading=\"lazy\" decoding=\"async\" src=\"https:\/\/ltbc.fr\/wp-content\/uploads\/2021\/03\/02-2-1024x476.jpg\" alt=\"\" class=\"wp-image-3161\" width=\"768\" height=\"357\" srcset=\"https:\/\/ltbc.fr\/wp-content\/uploads\/2021\/03\/02-2-1024x476.jpg 1024w, https:\/\/ltbc.fr\/wp-content\/uploads\/2021\/03\/02-2-300x139.jpg 300w, https:\/\/ltbc.fr\/wp-content\/uploads\/2021\/03\/02-2-768x357.jpg 768w, https:\/\/ltbc.fr\/wp-content\/uploads\/2021\/03\/02-2-1536x713.jpg 1536w, https:\/\/ltbc.fr\/wp-content\/uploads\/2021\/03\/02-2-150x70.jpg 150w, https:\/\/ltbc.fr\/wp-content\/uploads\/2021\/03\/02-2-400x186.jpg 400w, https:\/\/ltbc.fr\/wp-content\/uploads\/2021\/03\/02-2.jpg 1800w\" sizes=\"auto, (max-width: 768px) 100vw, 768px\" \/><\/a><\/figure>\n\n\n\n<figure class=\"wp-block-image size-large is-resized\"><a href=\"https:\/\/ltbc.fr\/wp-content\/uploads\/2021\/03\/03-2.jpg\"><img loading=\"lazy\" decoding=\"async\" src=\"https:\/\/ltbc.fr\/wp-content\/uploads\/2021\/03\/03-2-1024x431.jpg\" alt=\"\" class=\"wp-image-3162\" width=\"768\" height=\"323\" srcset=\"https:\/\/ltbc.fr\/wp-content\/uploads\/2021\/03\/03-2-1024x431.jpg 1024w, https:\/\/ltbc.fr\/wp-content\/uploads\/2021\/03\/03-2-300x126.jpg 300w, https:\/\/ltbc.fr\/wp-content\/uploads\/2021\/03\/03-2-768x323.jpg 768w, https:\/\/ltbc.fr\/wp-content\/uploads\/2021\/03\/03-2-1536x646.jpg 1536w, https:\/\/ltbc.fr\/wp-content\/uploads\/2021\/03\/03-2-150x63.jpg 150w, https:\/\/ltbc.fr\/wp-content\/uploads\/2021\/03\/03-2-400x168.jpg 400w, https:\/\/ltbc.fr\/wp-content\/uploads\/2021\/03\/03-2.jpg 1800w\" sizes=\"auto, (max-width: 768px) 100vw, 768px\" \/><\/a><\/figure>\n\n\n\n<figure class=\"wp-block-image size-large is-resized\"><a href=\"https:\/\/ltbc.fr\/wp-content\/uploads\/2021\/03\/04-2.jpg\"><img loading=\"lazy\" decoding=\"async\" src=\"https:\/\/ltbc.fr\/wp-content\/uploads\/2021\/03\/04-2-1024x447.jpg\" alt=\"\" class=\"wp-image-3163\" width=\"768\" height=\"335\" srcset=\"https:\/\/ltbc.fr\/wp-content\/uploads\/2021\/03\/04-2-1024x447.jpg 1024w, https:\/\/ltbc.fr\/wp-content\/uploads\/2021\/03\/04-2-300x131.jpg 300w, https:\/\/ltbc.fr\/wp-content\/uploads\/2021\/03\/04-2-768x335.jpg 768w, https:\/\/ltbc.fr\/wp-content\/uploads\/2021\/03\/04-2-1536x670.jpg 1536w, https:\/\/ltbc.fr\/wp-content\/uploads\/2021\/03\/04-2-150x65.jpg 150w, https:\/\/ltbc.fr\/wp-content\/uploads\/2021\/03\/04-2-400x174.jpg 400w, https:\/\/ltbc.fr\/wp-content\/uploads\/2021\/03\/04-2.jpg 1800w\" sizes=\"auto, (max-width: 768px) 100vw, 768px\" \/><\/a><\/figure>\n\n\n\n<figure class=\"wp-block-image size-large is-resized\"><a href=\"https:\/\/ltbc.fr\/wp-content\/uploads\/2021\/03\/05-2.jpg\"><img loading=\"lazy\" decoding=\"async\" src=\"https:\/\/ltbc.fr\/wp-content\/uploads\/2021\/03\/05-2-1024x457.jpg\" alt=\"\" class=\"wp-image-3164\" width=\"768\" height=\"343\" srcset=\"https:\/\/ltbc.fr\/wp-content\/uploads\/2021\/03\/05-2-1024x457.jpg 1024w, https:\/\/ltbc.fr\/wp-content\/uploads\/2021\/03\/05-2-300x134.jpg 300w, https:\/\/ltbc.fr\/wp-content\/uploads\/2021\/03\/05-2-768x343.jpg 768w, https:\/\/ltbc.fr\/wp-content\/uploads\/2021\/03\/05-2-1536x686.jpg 1536w, https:\/\/ltbc.fr\/wp-content\/uploads\/2021\/03\/05-2-150x67.jpg 150w, https:\/\/ltbc.fr\/wp-content\/uploads\/2021\/03\/05-2-400x179.jpg 400w, https:\/\/ltbc.fr\/wp-content\/uploads\/2021\/03\/05-2.jpg 1800w\" sizes=\"auto, (max-width: 768px) 100vw, 768px\" \/><\/a><\/figure>\n\n\n\n<figure class=\"wp-block-image size-large is-resized\"><a href=\"https:\/\/ltbc.fr\/wp-content\/uploads\/2021\/03\/06-2.jpg\"><img loading=\"lazy\" decoding=\"async\" src=\"https:\/\/ltbc.fr\/wp-content\/uploads\/2021\/03\/06-2-1024x460.jpg\" alt=\"\" class=\"wp-image-3165\" width=\"768\" height=\"345\" srcset=\"https:\/\/ltbc.fr\/wp-content\/uploads\/2021\/03\/06-2-1024x460.jpg 1024w, https:\/\/ltbc.fr\/wp-content\/uploads\/2021\/03\/06-2-300x135.jpg 300w, https:\/\/ltbc.fr\/wp-content\/uploads\/2021\/03\/06-2-768x345.jpg 768w, https:\/\/ltbc.fr\/wp-content\/uploads\/2021\/03\/06-2-1536x690.jpg 1536w, https:\/\/ltbc.fr\/wp-content\/uploads\/2021\/03\/06-2-150x67.jpg 150w, https:\/\/ltbc.fr\/wp-content\/uploads\/2021\/03\/06-2-400x180.jpg 400w, https:\/\/ltbc.fr\/wp-content\/uploads\/2021\/03\/06-2.jpg 1800w\" sizes=\"auto, (max-width: 768px) 100vw, 768px\" \/><\/a><\/figure>\n\n\n\n<figure class=\"wp-block-image size-large is-resized\"><a href=\"https:\/\/ltbc.fr\/wp-content\/uploads\/2021\/03\/07-2.jpg\"><img loading=\"lazy\" decoding=\"async\" src=\"https:\/\/ltbc.fr\/wp-content\/uploads\/2021\/03\/07-2-1024x404.jpg\" alt=\"\" class=\"wp-image-3166\" width=\"768\" height=\"303\" srcset=\"https:\/\/ltbc.fr\/wp-content\/uploads\/2021\/03\/07-2-1024x404.jpg 1024w, https:\/\/ltbc.fr\/wp-content\/uploads\/2021\/03\/07-2-300x119.jpg 300w, https:\/\/ltbc.fr\/wp-content\/uploads\/2021\/03\/07-2-768x303.jpg 768w, https:\/\/ltbc.fr\/wp-content\/uploads\/2021\/03\/07-2-1536x607.jpg 1536w, https:\/\/ltbc.fr\/wp-content\/uploads\/2021\/03\/07-2-150x59.jpg 150w, https:\/\/ltbc.fr\/wp-content\/uploads\/2021\/03\/07-2-400x158.jpg 400w, https:\/\/ltbc.fr\/wp-content\/uploads\/2021\/03\/07-2.jpg 1800w\" sizes=\"auto, (max-width: 768px) 100vw, 768px\" \/><\/a><\/figure>\n\n\n\n<figure class=\"wp-block-image size-large is-resized\"><a href=\"https:\/\/ltbc.fr\/wp-content\/uploads\/2021\/03\/08-2.jpg\"><img loading=\"lazy\" decoding=\"async\" src=\"https:\/\/ltbc.fr\/wp-content\/uploads\/2021\/03\/08-2-1024x433.jpg\" alt=\"\" class=\"wp-image-3167\" width=\"768\" height=\"325\" srcset=\"https:\/\/ltbc.fr\/wp-content\/uploads\/2021\/03\/08-2-1024x433.jpg 1024w, https:\/\/ltbc.fr\/wp-content\/uploads\/2021\/03\/08-2-300x127.jpg 300w, https:\/\/ltbc.fr\/wp-content\/uploads\/2021\/03\/08-2-768x325.jpg 768w, https:\/\/ltbc.fr\/wp-content\/uploads\/2021\/03\/08-2-1536x650.jpg 1536w, https:\/\/ltbc.fr\/wp-content\/uploads\/2021\/03\/08-2-150x64.jpg 150w, https:\/\/ltbc.fr\/wp-content\/uploads\/2021\/03\/08-2-400x169.jpg 400w, https:\/\/ltbc.fr\/wp-content\/uploads\/2021\/03\/08-2.jpg 1800w\" sizes=\"auto, (max-width: 768px) 100vw, 768px\" \/><\/a><\/figure>\n\n\n\n<figure class=\"wp-block-image size-large is-resized\"><a href=\"https:\/\/ltbc.fr\/wp-content\/uploads\/2021\/03\/09-2.jpg\"><img loading=\"lazy\" decoding=\"async\" src=\"https:\/\/ltbc.fr\/wp-content\/uploads\/2021\/03\/09-2-1024x482.jpg\" alt=\"\" class=\"wp-image-3168\" width=\"768\" height=\"362\" srcset=\"https:\/\/ltbc.fr\/wp-content\/uploads\/2021\/03\/09-2-1024x482.jpg 1024w, https:\/\/ltbc.fr\/wp-content\/uploads\/2021\/03\/09-2-300x141.jpg 300w, https:\/\/ltbc.fr\/wp-content\/uploads\/2021\/03\/09-2-768x362.jpg 768w, https:\/\/ltbc.fr\/wp-content\/uploads\/2021\/03\/09-2-1536x724.jpg 1536w, https:\/\/ltbc.fr\/wp-content\/uploads\/2021\/03\/09-2-150x71.jpg 150w, https:\/\/ltbc.fr\/wp-content\/uploads\/2021\/03\/09-2-400x188.jpg 400w, https:\/\/ltbc.fr\/wp-content\/uploads\/2021\/03\/09-2.jpg 1800w\" sizes=\"auto, (max-width: 768px) 100vw, 768px\" \/><\/a><\/figure>\n\n\n\n<figure class=\"wp-block-image size-large is-resized\"><a href=\"https:\/\/ltbc.fr\/wp-content\/uploads\/2021\/03\/10-2.jpg\"><img loading=\"lazy\" decoding=\"async\" src=\"https:\/\/ltbc.fr\/wp-content\/uploads\/2021\/03\/10-2-1024x368.jpg\" alt=\"\" class=\"wp-image-3169\" width=\"768\" height=\"276\" srcset=\"https:\/\/ltbc.fr\/wp-content\/uploads\/2021\/03\/10-2-1024x368.jpg 1024w, https:\/\/ltbc.fr\/wp-content\/uploads\/2021\/03\/10-2-300x108.jpg 300w, https:\/\/ltbc.fr\/wp-content\/uploads\/2021\/03\/10-2-768x276.jpg 768w, https:\/\/ltbc.fr\/wp-content\/uploads\/2021\/03\/10-2-1536x552.jpg 1536w, https:\/\/ltbc.fr\/wp-content\/uploads\/2021\/03\/10-2-150x54.jpg 150w, https:\/\/ltbc.fr\/wp-content\/uploads\/2021\/03\/10-2-400x144.jpg 400w, https:\/\/ltbc.fr\/wp-content\/uploads\/2021\/03\/10-2.jpg 1800w\" sizes=\"auto, (max-width: 768px) 100vw, 768px\" \/><\/a><\/figure>\n\n\n\n<figure class=\"wp-block-image size-large is-resized\"><a href=\"https:\/\/ltbc.fr\/wp-content\/uploads\/2021\/03\/11-2.jpg\"><img loading=\"lazy\" decoding=\"async\" src=\"https:\/\/ltbc.fr\/wp-content\/uploads\/2021\/03\/11-2-1024x345.jpg\" alt=\"\" class=\"wp-image-3170\" width=\"768\" height=\"259\" srcset=\"https:\/\/ltbc.fr\/wp-content\/uploads\/2021\/03\/11-2-1024x345.jpg 1024w, https:\/\/ltbc.fr\/wp-content\/uploads\/2021\/03\/11-2-300x101.jpg 300w, https:\/\/ltbc.fr\/wp-content\/uploads\/2021\/03\/11-2-768x259.jpg 768w, https:\/\/ltbc.fr\/wp-content\/uploads\/2021\/03\/11-2-1536x517.jpg 1536w, https:\/\/ltbc.fr\/wp-content\/uploads\/2021\/03\/11-2-150x51.jpg 150w, https:\/\/ltbc.fr\/wp-content\/uploads\/2021\/03\/11-2-400x135.jpg 400w, https:\/\/ltbc.fr\/wp-content\/uploads\/2021\/03\/11-2.jpg 1800w\" sizes=\"auto, (max-width: 768px) 100vw, 768px\" \/><\/a><\/figure>\n\n\n\n<figure class=\"wp-block-image size-large is-resized is-style-default\"><a href=\"https:\/\/ltbc.fr\/wp-content\/uploads\/2021\/03\/12-2.jpg\"><img loading=\"lazy\" decoding=\"async\" src=\"https:\/\/ltbc.fr\/wp-content\/uploads\/2021\/03\/12-2-1024x481.jpg\" alt=\"\" class=\"wp-image-3171\" width=\"768\" height=\"361\" srcset=\"https:\/\/ltbc.fr\/wp-content\/uploads\/2021\/03\/12-2-1024x481.jpg 1024w, https:\/\/ltbc.fr\/wp-content\/uploads\/2021\/03\/12-2-300x141.jpg 300w, https:\/\/ltbc.fr\/wp-content\/uploads\/2021\/03\/12-2-768x361.jpg 768w, https:\/\/ltbc.fr\/wp-content\/uploads\/2021\/03\/12-2-1536x722.jpg 1536w, https:\/\/ltbc.fr\/wp-content\/uploads\/2021\/03\/12-2-150x71.jpg 150w, https:\/\/ltbc.fr\/wp-content\/uploads\/2021\/03\/12-2-400x188.jpg 400w, https:\/\/ltbc.fr\/wp-content\/uploads\/2021\/03\/12-2.jpg 1800w\" sizes=\"auto, (max-width: 768px) 100vw, 768px\" \/><\/a><\/figure>\n","protected":false},"excerpt":{"rendered":"\n<p>Voici les photographies de la collection d&rsquo;autorails de Lionel.<\/p>\n<p>Certains proviennent de kits en laiton mont\u00e9s par Lionel ( Buffaud Robatel, ADX ), d&rsquo;autres de caisses en r\u00e9sine fournies par Apocopa (Dunlop, AEK), ou de caisses AS ( ABV ).<\/p>\n<p>La \u00ab mobylette \u00bb est de R87, le De Dietrich est un mod\u00e8le AS, [&#8230;]<\/p>\n","protected":false},"author":1,"featured_media":0,"parent":310,"menu_order":0,"comment_status":"closed","ping_status":"closed","template":"","meta":{"_monsterinsights_skip_tracking":false,"_monsterinsights_sitenote_active":false,"_monsterinsights_sitenote_note":"","_monsterinsights_sitenote_category":0,"footnotes":""},"class_list":["post-3134","page","type-page","status-publish","hentry","odd"],"aioseo_notices":[],"_links":{"self":[{"href":"https:\/\/ltbc.fr\/index.php?rest_route=\/wp\/v2\/pages\/3134","targetHints":{"allow":["GET"]}}],"collection":[{"href":"https:\/\/ltbc.fr\/index.php?rest_route=\/wp\/v2\/pages"}],"about":[{"href":"https:\/\/ltbc.fr\/index.php?rest_route=\/wp\/v2\/types\/page"}],"author":[{"embeddable":true,"href":"https:\/\/ltbc.fr\/index.php?rest_route=\/wp\/v2\/users\/1"}],"replies":[{"embeddable":true,"href":"https:\/\/ltbc.fr\/index.php?rest_route=%2Fwp%2Fv2%2Fcomments&post=3134"}],"version-history":[{"count":9,"href":"https:\/\/ltbc.fr\/index.php?rest_route=\/wp\/v2\/pages\/3134\/revisions"}],"predecessor-version":[{"id":3188,"href":"https:\/\/ltbc.fr\/index.php?rest_route=\/wp\/v2\/pages\/3134\/revisions\/3188"}],"up":[{"embeddable":true,"href":"https:\/\/ltbc.fr\/index.php?rest_route=\/wp\/v2\/pages\/310"}],"wp:attachment":[{"href":"https:\/\/ltbc.fr\/index.php?rest_route=%2Fwp%2Fv2%2Fmedia&parent=3134"}],"curies":[{"name":"wp","href":"https:\/\/api.w.org\/{rel}","templated":true}]}}