{"id":335,"date":"2010-01-06T18:30:06","date_gmt":"2010-01-06T17:30:06","guid":{"rendered":"http:\/\/ltbc.fr\/?page_id=335"},"modified":"2010-01-20T10:16:21","modified_gmt":"2010-01-20T09:16:21","slug":"expo-2009","status":"publish","type":"page","link":"https:\/\/ltbc.fr\/?page_id=335","title":{"rendered":"Expo 2009"},"content":{"rendered":"<p>Vues g\u00e9n\u00e9rales de la salle des trois provinces \u00e0 Brive la Gaillarde :<\/p>\n<p><a href=\"http:\/\/ltbc.fr\/wp-content\/uploads\/2010\/01\/DSC011911.jpg\"><img loading=\"lazy\" decoding=\"async\" class=\"alignleft size-medium wp-image-338\" title=\"DSC011911\" src=\"http:\/\/ltbc.fr\/wp-content\/uploads\/2010\/01\/DSC011911-300x199.jpg\" alt=\"\" width=\"300\" height=\"199\" srcset=\"https:\/\/ltbc.fr\/wp-content\/uploads\/2010\/01\/DSC011911-300x199.jpg 300w, https:\/\/ltbc.fr\/wp-content\/uploads\/2010\/01\/DSC011911-1024x681.jpg 1024w, https:\/\/ltbc.fr\/wp-content\/uploads\/2010\/01\/DSC011911.jpg 1200w\" sizes=\"auto, (max-width: 300px) 100vw, 300px\" \/><\/a><a href=\"http:\/\/ltbc.fr\/wp-content\/uploads\/2010\/01\/DSC011921.jpg\"><img loading=\"lazy\" decoding=\"async\" class=\"alignleft size-medium wp-image-339\" title=\"DSC011921\" src=\"http:\/\/ltbc.fr\/wp-content\/uploads\/2010\/01\/DSC011921-300x199.jpg\" alt=\"\" width=\"300\" height=\"199\" srcset=\"https:\/\/ltbc.fr\/wp-content\/uploads\/2010\/01\/DSC011921-300x199.jpg 300w, https:\/\/ltbc.fr\/wp-content\/uploads\/2010\/01\/DSC011921-1024x681.jpg 1024w, https:\/\/ltbc.fr\/wp-content\/uploads\/2010\/01\/DSC011921.jpg 1200w\" sizes=\"auto, (max-width: 300px) 100vw, 300px\" \/><\/a><a href=\"http:\/\/ltbc.fr\/wp-content\/uploads\/2010\/01\/DSC011931.jpg\"><img loading=\"lazy\" decoding=\"async\" class=\"alignleft size-medium wp-image-340\" title=\"DSC011931\" src=\"http:\/\/ltbc.fr\/wp-content\/uploads\/2010\/01\/DSC011931-300x199.jpg\" alt=\"\" width=\"300\" height=\"199\" srcset=\"https:\/\/ltbc.fr\/wp-content\/uploads\/2010\/01\/DSC011931-300x199.jpg 300w, https:\/\/ltbc.fr\/wp-content\/uploads\/2010\/01\/DSC011931-1024x681.jpg 1024w, https:\/\/ltbc.fr\/wp-content\/uploads\/2010\/01\/DSC011931.jpg 1200w\" sizes=\"auto, (max-width: 300px) 100vw, 300px\" \/><\/a><\/p>\n<p>__________________________________________________<\/p>\n<p>Quelques exposants :<\/p>\n<p><a href=\"http:\/\/ltbc.fr\/wp-content\/uploads\/2010\/01\/DSC01172.jpg\"><img loading=\"lazy\" decoding=\"async\" class=\"alignleft size-medium wp-image-342\" title=\"DSC01172\" src=\"http:\/\/ltbc.fr\/wp-content\/uploads\/2010\/01\/DSC01172-300x184.jpg\" alt=\"\" width=\"300\" height=\"184\" srcset=\"https:\/\/ltbc.fr\/wp-content\/uploads\/2010\/01\/DSC01172-300x184.jpg 300w, https:\/\/ltbc.fr\/wp-content\/uploads\/2010\/01\/DSC01172-1024x630.jpg 1024w, https:\/\/ltbc.fr\/wp-content\/uploads\/2010\/01\/DSC01172.jpg 1200w\" sizes=\"auto, (max-width: 300px) 100vw, 300px\" \/><\/a><a href=\"http:\/\/ltbc.fr\/wp-content\/uploads\/2010\/01\/DSC01173.jpg\"><img loading=\"lazy\" decoding=\"async\" class=\"alignleft size-medium wp-image-343\" title=\"DSC01173\" src=\"http:\/\/ltbc.fr\/wp-content\/uploads\/2010\/01\/DSC01173-300x199.jpg\" alt=\"\" width=\"300\" height=\"199\" srcset=\"https:\/\/ltbc.fr\/wp-content\/uploads\/2010\/01\/DSC01173-300x199.jpg 300w, https:\/\/ltbc.fr\/wp-content\/uploads\/2010\/01\/DSC01173-1024x681.jpg 1024w, https:\/\/ltbc.fr\/wp-content\/uploads\/2010\/01\/DSC01173.jpg 1200w\" sizes=\"auto, (max-width: 300px) 100vw, 300px\" \/><\/a><a href=\"http:\/\/ltbc.fr\/wp-content\/uploads\/2010\/01\/DSC01175.jpg\"><img loading=\"lazy\" decoding=\"async\" class=\"alignleft size-medium wp-image-344\" title=\"DSC01175\" src=\"http:\/\/ltbc.fr\/wp-content\/uploads\/2010\/01\/DSC01175-300x199.jpg\" alt=\"\" width=\"300\" height=\"199\" srcset=\"https:\/\/ltbc.fr\/wp-content\/uploads\/2010\/01\/DSC01175-300x199.jpg 300w, https:\/\/ltbc.fr\/wp-content\/uploads\/2010\/01\/DSC01175-1024x681.jpg 1024w, https:\/\/ltbc.fr\/wp-content\/uploads\/2010\/01\/DSC01175.jpg 1200w\" sizes=\"auto, (max-width: 300px) 100vw, 300px\" \/><\/a><a href=\"http:\/\/ltbc.fr\/wp-content\/uploads\/2010\/01\/DSC01179.jpg\"><img loading=\"lazy\" decoding=\"async\" class=\"alignleft size-medium wp-image-346\" title=\"DSC01179\" src=\"http:\/\/ltbc.fr\/wp-content\/uploads\/2010\/01\/DSC01179-300x199.jpg\" alt=\"\" width=\"300\" height=\"199\" srcset=\"https:\/\/ltbc.fr\/wp-content\/uploads\/2010\/01\/DSC01179-300x199.jpg 300w, https:\/\/ltbc.fr\/wp-content\/uploads\/2010\/01\/DSC01179-1024x680.jpg 1024w, https:\/\/ltbc.fr\/wp-content\/uploads\/2010\/01\/DSC01179.jpg 1200w\" sizes=\"auto, (max-width: 300px) 100vw, 300px\" \/><\/a><a href=\"http:\/\/ltbc.fr\/wp-content\/uploads\/2010\/01\/DSC01180.jpg\"><img loading=\"lazy\" decoding=\"async\" class=\"alignleft size-medium wp-image-347\" title=\"DSC01180\" src=\"http:\/\/ltbc.fr\/wp-content\/uploads\/2010\/01\/DSC01180-300x199.jpg\" alt=\"\" width=\"300\" height=\"199\" srcset=\"https:\/\/ltbc.fr\/wp-content\/uploads\/2010\/01\/DSC01180-300x199.jpg 300w, https:\/\/ltbc.fr\/wp-content\/uploads\/2010\/01\/DSC01180-1024x681.jpg 1024w, https:\/\/ltbc.fr\/wp-content\/uploads\/2010\/01\/DSC01180.jpg 1200w\" sizes=\"auto, (max-width: 300px) 100vw, 300px\" \/><\/a><a href=\"http:\/\/ltbc.fr\/wp-content\/uploads\/2010\/01\/DSC01181.jpg\"><img loading=\"lazy\" decoding=\"async\" class=\"alignleft size-medium wp-image-348\" title=\"DSC01181\" src=\"http:\/\/ltbc.fr\/wp-content\/uploads\/2010\/01\/DSC01181-300x199.jpg\" alt=\"\" width=\"300\" height=\"199\" srcset=\"https:\/\/ltbc.fr\/wp-content\/uploads\/2010\/01\/DSC01181-300x199.jpg 300w, https:\/\/ltbc.fr\/wp-content\/uploads\/2010\/01\/DSC01181-1024x680.jpg 1024w, https:\/\/ltbc.fr\/wp-content\/uploads\/2010\/01\/DSC01181.jpg 1200w\" sizes=\"auto, (max-width: 300px) 100vw, 300px\" \/><\/a><a href=\"http:\/\/ltbc.fr\/wp-content\/uploads\/2010\/01\/DSC01185.jpg\"><img loading=\"lazy\" decoding=\"async\" class=\"alignleft size-medium wp-image-349\" title=\"DSC01185\" src=\"http:\/\/ltbc.fr\/wp-content\/uploads\/2010\/01\/DSC01185-300x199.jpg\" alt=\"\" width=\"300\" height=\"199\" srcset=\"https:\/\/ltbc.fr\/wp-content\/uploads\/2010\/01\/DSC01185-300x199.jpg 300w, https:\/\/ltbc.fr\/wp-content\/uploads\/2010\/01\/DSC01185-1024x681.jpg 1024w, https:\/\/ltbc.fr\/wp-content\/uploads\/2010\/01\/DSC01185.jpg 1200w\" sizes=\"auto, (max-width: 300px) 100vw, 300px\" \/><\/a><a href=\"http:\/\/ltbc.fr\/wp-content\/uploads\/2010\/01\/DSC01186.jpg\"><img loading=\"lazy\" decoding=\"async\" class=\"alignleft size-medium wp-image-350\" title=\"DSC01186\" src=\"http:\/\/ltbc.fr\/wp-content\/uploads\/2010\/01\/DSC01186-300x199.jpg\" alt=\"\" width=\"300\" height=\"199\" srcset=\"https:\/\/ltbc.fr\/wp-content\/uploads\/2010\/01\/DSC01186-300x199.jpg 300w, https:\/\/ltbc.fr\/wp-content\/uploads\/2010\/01\/DSC01186-1024x681.jpg 1024w, https:\/\/ltbc.fr\/wp-content\/uploads\/2010\/01\/DSC01186.jpg 1200w\" sizes=\"auto, (max-width: 300px) 100vw, 300px\" \/><\/a><a href=\"http:\/\/ltbc.fr\/wp-content\/uploads\/2010\/01\/DSC01188.jpg\"><img loading=\"lazy\" decoding=\"async\" class=\"alignleft size-medium wp-image-351\" title=\"DSC01188\" src=\"http:\/\/ltbc.fr\/wp-content\/uploads\/2010\/01\/DSC01188-300x166.jpg\" alt=\"\" width=\"300\" height=\"166\" srcset=\"https:\/\/ltbc.fr\/wp-content\/uploads\/2010\/01\/DSC01188-300x166.jpg 300w, https:\/\/ltbc.fr\/wp-content\/uploads\/2010\/01\/DSC01188-1024x569.jpg 1024w, https:\/\/ltbc.fr\/wp-content\/uploads\/2010\/01\/DSC01188.jpg 1200w\" sizes=\"auto, (max-width: 300px) 100vw, 300px\" \/><\/a><a href=\"http:\/\/ltbc.fr\/wp-content\/uploads\/2010\/01\/DSC01189.jpg\"><img loading=\"lazy\" decoding=\"async\" class=\"alignleft size-medium wp-image-352\" title=\"DSC01189\" src=\"http:\/\/ltbc.fr\/wp-content\/uploads\/2010\/01\/DSC01189-300x199.jpg\" alt=\"\" width=\"300\" height=\"199\" srcset=\"https:\/\/ltbc.fr\/wp-content\/uploads\/2010\/01\/DSC01189-300x199.jpg 300w, https:\/\/ltbc.fr\/wp-content\/uploads\/2010\/01\/DSC01189-1024x681.jpg 1024w, https:\/\/ltbc.fr\/wp-content\/uploads\/2010\/01\/DSC01189.jpg 1200w\" sizes=\"auto, (max-width: 300px) 100vw, 300px\" \/><\/a><a href=\"http:\/\/ltbc.fr\/wp-content\/uploads\/2010\/01\/DSC01190.jpg\"><img loading=\"lazy\" decoding=\"async\" class=\"alignleft size-medium wp-image-353\" title=\"DSC01190\" src=\"http:\/\/ltbc.fr\/wp-content\/uploads\/2010\/01\/DSC01190-300x199.jpg\" alt=\"\" width=\"300\" height=\"199\" srcset=\"https:\/\/ltbc.fr\/wp-content\/uploads\/2010\/01\/DSC01190-300x199.jpg 300w, https:\/\/ltbc.fr\/wp-content\/uploads\/2010\/01\/DSC01190-1024x681.jpg 1024w, https:\/\/ltbc.fr\/wp-content\/uploads\/2010\/01\/DSC01190.jpg 1200w\" sizes=\"auto, (max-width: 300px) 100vw, 300px\" \/><\/a><a href=\"http:\/\/ltbc.fr\/wp-content\/uploads\/2010\/01\/DSC01195.jpg\"><img loading=\"lazy\" decoding=\"async\" class=\"alignleft size-medium wp-image-354\" title=\"DSC01195\" src=\"http:\/\/ltbc.fr\/wp-content\/uploads\/2010\/01\/DSC01195-300x199.jpg\" alt=\"\" width=\"300\" height=\"199\" srcset=\"https:\/\/ltbc.fr\/wp-content\/uploads\/2010\/01\/DSC01195-300x199.jpg 300w, https:\/\/ltbc.fr\/wp-content\/uploads\/2010\/01\/DSC01195-1024x680.jpg 1024w, https:\/\/ltbc.fr\/wp-content\/uploads\/2010\/01\/DSC01195.jpg 1200w\" sizes=\"auto, (max-width: 300px) 100vw, 300px\" \/><\/a><a href=\"http:\/\/ltbc.fr\/wp-content\/uploads\/2010\/01\/DSC01198.jpg\"><img loading=\"lazy\" decoding=\"async\" class=\"alignleft size-medium wp-image-355\" title=\"DSC01198\" src=\"http:\/\/ltbc.fr\/wp-content\/uploads\/2010\/01\/DSC01198-300x199.jpg\" alt=\"\" width=\"300\" height=\"199\" srcset=\"https:\/\/ltbc.fr\/wp-content\/uploads\/2010\/01\/DSC01198-300x199.jpg 300w, https:\/\/ltbc.fr\/wp-content\/uploads\/2010\/01\/DSC01198-1024x681.jpg 1024w, https:\/\/ltbc.fr\/wp-content\/uploads\/2010\/01\/DSC01198.jpg 1200w\" sizes=\"auto, (max-width: 300px) 100vw, 300px\" \/><\/a><a href=\"http:\/\/ltbc.fr\/wp-content\/uploads\/2010\/01\/DSC01204.jpg\"><img loading=\"lazy\" decoding=\"async\" class=\"alignleft size-medium wp-image-356\" title=\"DSC01204\" src=\"http:\/\/ltbc.fr\/wp-content\/uploads\/2010\/01\/DSC01204-300x199.jpg\" alt=\"\" width=\"300\" height=\"199\" srcset=\"https:\/\/ltbc.fr\/wp-content\/uploads\/2010\/01\/DSC01204-300x199.jpg 300w, https:\/\/ltbc.fr\/wp-content\/uploads\/2010\/01\/DSC01204-1024x681.jpg 1024w, https:\/\/ltbc.fr\/wp-content\/uploads\/2010\/01\/DSC01204.jpg 1200w\" sizes=\"auto, (max-width: 300px) 100vw, 300px\" \/><\/a><a href=\"http:\/\/ltbc.fr\/wp-content\/uploads\/2010\/01\/DSC01206.jpg\"><img loading=\"lazy\" decoding=\"async\" class=\"alignleft size-medium wp-image-357\" title=\"DSC01206\" src=\"http:\/\/ltbc.fr\/wp-content\/uploads\/2010\/01\/DSC01206-300x172.jpg\" alt=\"\" width=\"300\" height=\"172\" srcset=\"https:\/\/ltbc.fr\/wp-content\/uploads\/2010\/01\/DSC01206-300x172.jpg 300w, https:\/\/ltbc.fr\/wp-content\/uploads\/2010\/01\/DSC01206-1024x587.jpg 1024w, https:\/\/ltbc.fr\/wp-content\/uploads\/2010\/01\/DSC01206.jpg 1200w\" sizes=\"auto, (max-width: 300px) 100vw, 300px\" \/><\/a><a href=\"http:\/\/ltbc.fr\/wp-content\/uploads\/2010\/01\/DSC01207.jpg\"><img loading=\"lazy\" decoding=\"async\" class=\"alignleft size-medium wp-image-358\" title=\"DSC01207\" src=\"http:\/\/ltbc.fr\/wp-content\/uploads\/2010\/01\/DSC01207-300x199.jpg\" alt=\"\" width=\"300\" height=\"199\" srcset=\"https:\/\/ltbc.fr\/wp-content\/uploads\/2010\/01\/DSC01207-300x199.jpg 300w, https:\/\/ltbc.fr\/wp-content\/uploads\/2010\/01\/DSC01207-1024x681.jpg 1024w, https:\/\/ltbc.fr\/wp-content\/uploads\/2010\/01\/DSC01207.jpg 1200w\" sizes=\"auto, (max-width: 300px) 100vw, 300px\" \/><\/a><a href=\"http:\/\/ltbc.fr\/wp-content\/uploads\/2010\/01\/DSC01209.jpg\"><img loading=\"lazy\" decoding=\"async\" class=\"alignleft size-medium wp-image-359\" title=\"DSC01209\" src=\"http:\/\/ltbc.fr\/wp-content\/uploads\/2010\/01\/DSC01209-300x199.jpg\" alt=\"\" width=\"300\" height=\"199\" srcset=\"https:\/\/ltbc.fr\/wp-content\/uploads\/2010\/01\/DSC01209-300x199.jpg 300w, https:\/\/ltbc.fr\/wp-content\/uploads\/2010\/01\/DSC01209-1024x681.jpg 1024w, https:\/\/ltbc.fr\/wp-content\/uploads\/2010\/01\/DSC01209.jpg 1200w\" sizes=\"auto, (max-width: 300px) 100vw, 300px\" \/><\/a><a href=\"http:\/\/ltbc.fr\/wp-content\/uploads\/2010\/01\/DSC01210.jpg\"><img loading=\"lazy\" decoding=\"async\" class=\"alignleft size-medium wp-image-360\" title=\"DSC01210\" src=\"http:\/\/ltbc.fr\/wp-content\/uploads\/2010\/01\/DSC01210-300x200.jpg\" alt=\"\" width=\"300\" height=\"200\" srcset=\"https:\/\/ltbc.fr\/wp-content\/uploads\/2010\/01\/DSC01210-300x200.jpg 300w, https:\/\/ltbc.fr\/wp-content\/uploads\/2010\/01\/DSC01210-1024x682.jpg 1024w, https:\/\/ltbc.fr\/wp-content\/uploads\/2010\/01\/DSC01210.jpg 1200w\" sizes=\"auto, (max-width: 300px) 100vw, 300px\" \/><\/a><a href=\"http:\/\/ltbc.fr\/wp-content\/uploads\/2010\/01\/DSC01211.jpg\"><img loading=\"lazy\" decoding=\"async\" class=\"alignleft size-medium wp-image-361\" title=\"DSC01211\" src=\"http:\/\/ltbc.fr\/wp-content\/uploads\/2010\/01\/DSC01211-300x200.jpg\" alt=\"\" width=\"300\" height=\"200\" srcset=\"https:\/\/ltbc.fr\/wp-content\/uploads\/2010\/01\/DSC01211-300x200.jpg 300w, https:\/\/ltbc.fr\/wp-content\/uploads\/2010\/01\/DSC01211-1024x682.jpg 1024w, https:\/\/ltbc.fr\/wp-content\/uploads\/2010\/01\/DSC01211.jpg 1200w\" sizes=\"auto, (max-width: 300px) 100vw, 300px\" \/><\/a><a href=\"http:\/\/ltbc.fr\/wp-content\/uploads\/2010\/01\/DSC01213.jpg\"><img loading=\"lazy\" decoding=\"async\" class=\"alignleft size-medium wp-image-362\" title=\"DSC01213\" src=\"http:\/\/ltbc.fr\/wp-content\/uploads\/2010\/01\/DSC01213-300x200.jpg\" alt=\"\" width=\"300\" height=\"200\" srcset=\"https:\/\/ltbc.fr\/wp-content\/uploads\/2010\/01\/DSC01213-300x200.jpg 300w, https:\/\/ltbc.fr\/wp-content\/uploads\/2010\/01\/DSC01213-1024x682.jpg 1024w, https:\/\/ltbc.fr\/wp-content\/uploads\/2010\/01\/DSC01213.jpg 1200w\" sizes=\"auto, (max-width: 300px) 100vw, 300px\" \/><\/a><a href=\"http:\/\/ltbc.fr\/wp-content\/uploads\/2010\/01\/DSC01217.jpg\"><img loading=\"lazy\" decoding=\"async\" class=\"alignleft size-medium wp-image-363\" title=\"DSC01217\" src=\"http:\/\/ltbc.fr\/wp-content\/uploads\/2010\/01\/DSC01217-300x130.jpg\" alt=\"\" width=\"300\" height=\"130\" srcset=\"https:\/\/ltbc.fr\/wp-content\/uploads\/2010\/01\/DSC01217-300x130.jpg 300w, https:\/\/ltbc.fr\/wp-content\/uploads\/2010\/01\/DSC01217-1024x444.jpg 1024w, https:\/\/ltbc.fr\/wp-content\/uploads\/2010\/01\/DSC01217.jpg 1200w\" sizes=\"auto, (max-width: 300px) 100vw, 300px\" \/><\/a><a href=\"http:\/\/ltbc.fr\/wp-content\/uploads\/2010\/01\/DSC01218.jpg\"><img loading=\"lazy\" decoding=\"async\" class=\"alignleft size-medium wp-image-364\" title=\"DSC01218\" src=\"http:\/\/ltbc.fr\/wp-content\/uploads\/2010\/01\/DSC01218-300x205.jpg\" alt=\"\" width=\"300\" height=\"205\" srcset=\"https:\/\/ltbc.fr\/wp-content\/uploads\/2010\/01\/DSC01218-300x205.jpg 300w, https:\/\/ltbc.fr\/wp-content\/uploads\/2010\/01\/DSC01218-1024x699.jpg 1024w, https:\/\/ltbc.fr\/wp-content\/uploads\/2010\/01\/DSC01218.jpg 1200w\" sizes=\"auto, (max-width: 300px) 100vw, 300px\" \/><\/a><a href=\"http:\/\/ltbc.fr\/wp-content\/uploads\/2010\/01\/DSC01221.jpg\"><img loading=\"lazy\" decoding=\"async\" class=\"alignleft size-medium wp-image-365\" title=\"DSC01221\" src=\"http:\/\/ltbc.fr\/wp-content\/uploads\/2010\/01\/DSC01221-300x206.jpg\" alt=\"\" width=\"300\" height=\"206\" srcset=\"https:\/\/ltbc.fr\/wp-content\/uploads\/2010\/01\/DSC01221-300x206.jpg 300w, https:\/\/ltbc.fr\/wp-content\/uploads\/2010\/01\/DSC01221-1024x705.jpg 1024w, https:\/\/ltbc.fr\/wp-content\/uploads\/2010\/01\/DSC01221.jpg 1200w\" sizes=\"auto, (max-width: 300px) 100vw, 300px\" \/><\/a><a href=\"http:\/\/ltbc.fr\/wp-content\/uploads\/2010\/01\/DSC01222.jpg\"><img loading=\"lazy\" decoding=\"async\" class=\"alignleft size-medium wp-image-366\" title=\"DSC01222\" src=\"http:\/\/ltbc.fr\/wp-content\/uploads\/2010\/01\/DSC01222-300x200.jpg\" alt=\"\" width=\"300\" height=\"200\" srcset=\"https:\/\/ltbc.fr\/wp-content\/uploads\/2010\/01\/DSC01222-300x200.jpg 300w, https:\/\/ltbc.fr\/wp-content\/uploads\/2010\/01\/DSC01222-1024x682.jpg 1024w, https:\/\/ltbc.fr\/wp-content\/uploads\/2010\/01\/DSC01222.jpg 1200w\" sizes=\"auto, (max-width: 300px) 100vw, 300px\" \/><\/a><a href=\"http:\/\/ltbc.fr\/wp-content\/uploads\/2010\/01\/DSC01224.jpg\"><img loading=\"lazy\" decoding=\"async\" class=\"alignleft size-medium wp-image-367\" title=\"DSC01224\" src=\"http:\/\/ltbc.fr\/wp-content\/uploads\/2010\/01\/DSC01224-300x200.jpg\" alt=\"\" width=\"300\" height=\"200\" srcset=\"https:\/\/ltbc.fr\/wp-content\/uploads\/2010\/01\/DSC01224-300x200.jpg 300w, https:\/\/ltbc.fr\/wp-content\/uploads\/2010\/01\/DSC01224-1024x682.jpg 1024w, https:\/\/ltbc.fr\/wp-content\/uploads\/2010\/01\/DSC01224.jpg 1200w\" sizes=\"auto, (max-width: 300px) 100vw, 300px\" \/><\/a><a href=\"http:\/\/ltbc.fr\/wp-content\/uploads\/2010\/01\/DSC01225.jpg\"><img loading=\"lazy\" decoding=\"async\" class=\"alignleft size-medium wp-image-368\" title=\"DSC01225\" src=\"http:\/\/ltbc.fr\/wp-content\/uploads\/2010\/01\/DSC01225-300x200.jpg\" alt=\"\" width=\"300\" height=\"200\" srcset=\"https:\/\/ltbc.fr\/wp-content\/uploads\/2010\/01\/DSC01225-300x200.jpg 300w, https:\/\/ltbc.fr\/wp-content\/uploads\/2010\/01\/DSC01225-1024x682.jpg 1024w, https:\/\/ltbc.fr\/wp-content\/uploads\/2010\/01\/DSC01225.jpg 1200w\" sizes=\"auto, (max-width: 300px) 100vw, 300px\" \/><\/a><\/p>\n","protected":false},"excerpt":{"rendered":"<p>Vues g\u00e9n\u00e9rales de la salle des trois provinces \u00e0 Brive la Gaillarde :<\/p>\n<\/p>\n<p>__________________________________________________<\/p>\n<p>Quelques exposants :<\/p>\n<\/p>\n<p> [&#8230;]<\/p>\n","protected":false},"author":1,"featured_media":0,"parent":396,"menu_order":0,"comment_status":"open","ping_status":"open","template":"","meta":{"_monsterinsights_skip_tracking":false,"_monsterinsights_sitenote_active":false,"_monsterinsights_sitenote_note":"","_monsterinsights_sitenote_category":0,"footnotes":""},"class_list":["post-335","page","type-page","status-publish","hentry","odd"],"aioseo_notices":[],"_links":{"self":[{"href":"https:\/\/ltbc.fr\/index.php?rest_route=\/wp\/v2\/pages\/335","targetHints":{"allow":["GET"]}}],"collection":[{"href":"https:\/\/ltbc.fr\/index.php?rest_route=\/wp\/v2\/pages"}],"about":[{"href":"https:\/\/ltbc.fr\/index.php?rest_route=\/wp\/v2\/types\/page"}],"author":[{"embeddable":true,"href":"https:\/\/ltbc.fr\/index.php?rest_route=\/wp\/v2\/users\/1"}],"replies":[{"embeddable":true,"href":"https:\/\/ltbc.fr\/index.php?rest_route=%2Fwp%2Fv2%2Fcomments&post=335"}],"version-history":[{"count":4,"href":"https:\/\/ltbc.fr\/index.php?rest_route=\/wp\/v2\/pages\/335\/revisions"}],"predecessor-version":[{"id":402,"href":"https:\/\/ltbc.fr\/index.php?rest_route=\/wp\/v2\/pages\/335\/revisions\/402"}],"up":[{"embeddable":true,"href":"https:\/\/ltbc.fr\/index.php?rest_route=\/wp\/v2\/pages\/396"}],"wp:attachment":[{"href":"https:\/\/ltbc.fr\/index.php?rest_route=%2Fwp%2Fv2%2Fmedia&parent=335"}],"curies":[{"name":"wp","href":"https:\/\/api.w.org\/{rel}","templated":true}]}}