{"id":377,"date":"2010-01-09T14:59:28","date_gmt":"2010-01-09T13:59:28","guid":{"rendered":"http:\/\/ltbc.fr\/?page_id=377"},"modified":"2016-05-23T11:36:00","modified_gmt":"2016-05-23T09:36:00","slug":"marcel","status":"publish","type":"page","link":"https:\/\/ltbc.fr\/?page_id=377","title":{"rendered":"Marcel"},"content":{"rendered":"<p>Comme il faut un premier, je me pr\u00e9sente, Marcel Soissons, vice pr\u00e9sident du LTBC, commer\u00e7ant \u00e0 la retraite.<br \/>\nLe train miniature, je suis tomb\u00e9 dedans tout petit, il y en avait d\u00e9j\u00e0 chez moi \u00e0 ma naissance.<br \/>\nMon premier train fut du Hornby O dont je poss\u00e8de encore quelques pi\u00e8ces rescap\u00e9es d&rsquo;un cambriolage.<br \/>\nMon premier r\u00e9seau \u00e9tait install\u00e9 dans la cave de mon commerce. vous trouverez ci-dessous une petite video r\u00e9alis\u00e9e \u00e0 partir d&rsquo;un film super 8 de 1970 ce qui explique la m\u00e9diocre qualit\u00e9.<\/p>\n<p><strong>(Malheureusement cette vid\u00e9o semble ne plus \u00eatre disponible sur Youtube)<\/strong><\/p>\n","protected":false},"excerpt":{"rendered":"<p>Comme il faut un premier, je me pr\u00e9sente, Marcel Soissons, vice pr\u00e9sident du LTBC, commer\u00e7ant \u00e0 la retraite. Le train miniature, je suis tomb\u00e9 dedans tout petit, il y en avait d\u00e9j\u00e0 chez moi \u00e0 ma naissance. Mon premier train fut du Hornby O dont je poss\u00e8de encore quelques pi\u00e8ces rescap\u00e9es d&rsquo;un cambriolage. Mon premier [&#8230;]<\/p>\n","protected":false},"author":1,"featured_media":0,"parent":310,"menu_order":0,"comment_status":"open","ping_status":"open","template":"","meta":{"_monsterinsights_skip_tracking":false,"_monsterinsights_sitenote_active":false,"_monsterinsights_sitenote_note":"","_monsterinsights_sitenote_category":0,"footnotes":""},"class_list":["post-377","page","type-page","status-publish","hentry","odd"],"aioseo_notices":[],"_links":{"self":[{"href":"https:\/\/ltbc.fr\/index.php?rest_route=\/wp\/v2\/pages\/377","targetHints":{"allow":["GET"]}}],"collection":[{"href":"https:\/\/ltbc.fr\/index.php?rest_route=\/wp\/v2\/pages"}],"about":[{"href":"https:\/\/ltbc.fr\/index.php?rest_route=\/wp\/v2\/types\/page"}],"author":[{"embeddable":true,"href":"https:\/\/ltbc.fr\/index.php?rest_route=\/wp\/v2\/users\/1"}],"replies":[{"embeddable":true,"href":"https:\/\/ltbc.fr\/index.php?rest_route=%2Fwp%2Fv2%2Fcomments&post=377"}],"version-history":[{"count":4,"href":"https:\/\/ltbc.fr\/index.php?rest_route=\/wp\/v2\/pages\/377\/revisions"}],"predecessor-version":[{"id":2098,"href":"https:\/\/ltbc.fr\/index.php?rest_route=\/wp\/v2\/pages\/377\/revisions\/2098"}],"up":[{"embeddable":true,"href":"https:\/\/ltbc.fr\/index.php?rest_route=\/wp\/v2\/pages\/310"}],"wp:attachment":[{"href":"https:\/\/ltbc.fr\/index.php?rest_route=%2Fwp%2Fv2%2Fmedia&parent=377"}],"curies":[{"name":"wp","href":"https:\/\/api.w.org\/{rel}","templated":true}]}}