{"id":396,"date":"2010-01-20T10:10:54","date_gmt":"2010-01-20T09:10:54","guid":{"rendered":"http:\/\/ltbc.fr\/?page_id=396"},"modified":"2018-12-25T11:47:06","modified_gmt":"2018-12-25T10:47:06","slug":"expos","status":"publish","type":"page","link":"https:\/\/ltbc.fr\/?page_id=396","title":{"rendered":"Expositions"},"content":{"rendered":"<p>Du 8 d\u00e9cembre 1987 au 3 janvier 1988 a eu lieu au th\u00e9\u00e2tre de Brive une une exposition sur le th\u00e8me du Train.<\/p>\n<p>(Cliquez sur les images pour les agrandir)<\/p>\n<p><a href=\"http:\/\/ltbc.fr\/wp-content\/uploads\/2018\/12\/expo87-1.jpg\"><img loading=\"lazy\" decoding=\"async\" class=\"alignnone size-medium wp-image-2345\" src=\"http:\/\/ltbc.fr\/wp-content\/uploads\/2018\/12\/expo87-1-216x300.jpg\" alt=\"\" width=\"216\" height=\"300\" srcset=\"https:\/\/ltbc.fr\/wp-content\/uploads\/2018\/12\/expo87-1-216x300.jpg 216w, https:\/\/ltbc.fr\/wp-content\/uploads\/2018\/12\/expo87-1-768x1068.jpg 768w, https:\/\/ltbc.fr\/wp-content\/uploads\/2018\/12\/expo87-1-736x1024.jpg 736w, https:\/\/ltbc.fr\/wp-content\/uploads\/2018\/12\/expo87-1-108x150.jpg 108w, https:\/\/ltbc.fr\/wp-content\/uploads\/2018\/12\/expo87-1-400x556.jpg 400w, https:\/\/ltbc.fr\/wp-content\/uploads\/2018\/12\/expo87-1.jpg 1760w\" sizes=\"auto, (max-width: 216px) 100vw, 216px\" \/><\/a> <a href=\"http:\/\/ltbc.fr\/wp-content\/uploads\/2018\/12\/expo87-2.jpg\"><img loading=\"lazy\" decoding=\"async\" class=\"alignnone size-medium wp-image-2346\" src=\"http:\/\/ltbc.fr\/wp-content\/uploads\/2018\/12\/expo87-2-216x300.jpg\" alt=\"\" width=\"216\" height=\"300\" srcset=\"https:\/\/ltbc.fr\/wp-content\/uploads\/2018\/12\/expo87-2-216x300.jpg 216w, https:\/\/ltbc.fr\/wp-content\/uploads\/2018\/12\/expo87-2-768x1068.jpg 768w, https:\/\/ltbc.fr\/wp-content\/uploads\/2018\/12\/expo87-2-736x1024.jpg 736w, https:\/\/ltbc.fr\/wp-content\/uploads\/2018\/12\/expo87-2-108x150.jpg 108w, https:\/\/ltbc.fr\/wp-content\/uploads\/2018\/12\/expo87-2-400x556.jpg 400w, https:\/\/ltbc.fr\/wp-content\/uploads\/2018\/12\/expo87-2.jpg 1760w\" sizes=\"auto, (max-width: 216px) 100vw, 216px\" \/><\/a> <a href=\"http:\/\/ltbc.fr\/wp-content\/uploads\/2018\/12\/expo87-5.jpg\"><img loading=\"lazy\" decoding=\"async\" class=\"alignnone size-medium wp-image-2343\" src=\"http:\/\/ltbc.fr\/wp-content\/uploads\/2018\/12\/expo87-5-300x204.jpg\" alt=\"\" width=\"300\" height=\"204\" srcset=\"https:\/\/ltbc.fr\/wp-content\/uploads\/2018\/12\/expo87-5-300x204.jpg 300w, https:\/\/ltbc.fr\/wp-content\/uploads\/2018\/12\/expo87-5-768x521.jpg 768w, https:\/\/ltbc.fr\/wp-content\/uploads\/2018\/12\/expo87-5-1024x695.jpg 1024w, https:\/\/ltbc.fr\/wp-content\/uploads\/2018\/12\/expo87-5-150x102.jpg 150w, https:\/\/ltbc.fr\/wp-content\/uploads\/2018\/12\/expo87-5-400x272.jpg 400w\" sizes=\"auto, (max-width: 300px) 100vw, 300px\" \/><\/a> <a href=\"http:\/\/ltbc.fr\/wp-content\/uploads\/2018\/12\/expo87-4.jpg\"><img loading=\"lazy\" decoding=\"async\" class=\"alignnone size-medium wp-image-2342\" src=\"http:\/\/ltbc.fr\/wp-content\/uploads\/2018\/12\/expo87-4-300x180.jpg\" alt=\"\" width=\"300\" height=\"180\" srcset=\"https:\/\/ltbc.fr\/wp-content\/uploads\/2018\/12\/expo87-4-300x180.jpg 300w, https:\/\/ltbc.fr\/wp-content\/uploads\/2018\/12\/expo87-4-768x461.jpg 768w, https:\/\/ltbc.fr\/wp-content\/uploads\/2018\/12\/expo87-4-1024x615.jpg 1024w, https:\/\/ltbc.fr\/wp-content\/uploads\/2018\/12\/expo87-4-150x90.jpg 150w, https:\/\/ltbc.fr\/wp-content\/uploads\/2018\/12\/expo87-4-400x240.jpg 400w\" sizes=\"auto, (max-width: 300px) 100vw, 300px\" \/><\/a> <a href=\"http:\/\/ltbc.fr\/wp-content\/uploads\/2018\/12\/expo87-3.jpg\"><img loading=\"lazy\" decoding=\"async\" class=\"alignnone size-medium wp-image-2341\" src=\"http:\/\/ltbc.fr\/wp-content\/uploads\/2018\/12\/expo87-3-300x180.jpg\" alt=\"\" width=\"300\" height=\"180\" srcset=\"https:\/\/ltbc.fr\/wp-content\/uploads\/2018\/12\/expo87-3-300x180.jpg 300w, https:\/\/ltbc.fr\/wp-content\/uploads\/2018\/12\/expo87-3-768x460.jpg 768w, https:\/\/ltbc.fr\/wp-content\/uploads\/2018\/12\/expo87-3-1024x613.jpg 1024w, https:\/\/ltbc.fr\/wp-content\/uploads\/2018\/12\/expo87-3-150x90.jpg 150w, https:\/\/ltbc.fr\/wp-content\/uploads\/2018\/12\/expo87-3-400x239.jpg 400w\" sizes=\"auto, (max-width: 300px) 100vw, 300px\" \/><\/a><\/p>\n<p>Deux expositions internationales ont ensuite \u00e9t\u00e9 organis\u00e9es par le LTBC.<\/p>\n<p>La premi\u00e8re en 2007 . <a href=\"http:\/\/ltbc.fr\/?page_id=397\">Cliquez ici<\/a><\/p>\n<p>La deuxi\u00e8me en 2009 . <a href=\"http:\/\/ltbc.fr\/?page_id=335\">Cliquez ici<\/a><\/p>\n","protected":false},"excerpt":{"rendered":"<p>Du 8 d\u00e9cembre 1987 au 3 janvier 1988 a eu lieu au th\u00e9\u00e2tre de Brive une une exposition sur le th\u00e8me du Train.<\/p>\n<p>(Cliquez sur les images pour les agrandir)<\/p>\n<\/p>\n<p>Deux expositions internationales ont ensuite \u00e9t\u00e9 organis\u00e9es par le LTBC.<\/p>\n<p>La premi\u00e8re en 2007 . Cliquez ici<\/p>\n<p>La deuxi\u00e8me en 2009 . Cliquez [&#8230;]<\/p>\n","protected":false},"author":1,"featured_media":0,"parent":0,"menu_order":0,"comment_status":"open","ping_status":"open","template":"","meta":{"_monsterinsights_skip_tracking":false,"_monsterinsights_sitenote_active":false,"_monsterinsights_sitenote_note":"","_monsterinsights_sitenote_category":0,"footnotes":""},"class_list":["post-396","page","type-page","status-publish","hentry","odd"],"aioseo_notices":[],"_links":{"self":[{"href":"https:\/\/ltbc.fr\/index.php?rest_route=\/wp\/v2\/pages\/396","targetHints":{"allow":["GET"]}}],"collection":[{"href":"https:\/\/ltbc.fr\/index.php?rest_route=\/wp\/v2\/pages"}],"about":[{"href":"https:\/\/ltbc.fr\/index.php?rest_route=\/wp\/v2\/types\/page"}],"author":[{"embeddable":true,"href":"https:\/\/ltbc.fr\/index.php?rest_route=\/wp\/v2\/users\/1"}],"replies":[{"embeddable":true,"href":"https:\/\/ltbc.fr\/index.php?rest_route=%2Fwp%2Fv2%2Fcomments&post=396"}],"version-history":[{"count":14,"href":"https:\/\/ltbc.fr\/index.php?rest_route=\/wp\/v2\/pages\/396\/revisions"}],"predecessor-version":[{"id":2363,"href":"https:\/\/ltbc.fr\/index.php?rest_route=\/wp\/v2\/pages\/396\/revisions\/2363"}],"wp:attachment":[{"href":"https:\/\/ltbc.fr\/index.php?rest_route=%2Fwp%2Fv2%2Fmedia&parent=396"}],"curies":[{"name":"wp","href":"https:\/\/api.w.org\/{rel}","templated":true}]}}