{"id":397,"date":"2010-01-20T10:12:36","date_gmt":"2010-01-20T09:12:36","guid":{"rendered":"http:\/\/ltbc.fr\/?page_id=397"},"modified":"2010-03-14T08:22:09","modified_gmt":"2010-03-14T07:22:09","slug":"expo-2007","status":"publish","type":"page","link":"https:\/\/ltbc.fr\/?page_id=397","title":{"rendered":"Expo 2007"},"content":{"rendered":"<p>Le 15 et 16 Septembre 2007, le Club a organis\u00e9 sa premi\u00e8re\u00a0 exposition internationale avec comme th\u00e8me le mod\u00e9lisme ferroviaire.<\/p>\n<p><object classid=\"clsid:d27cdb6e-ae6d-11cf-96b8-444553540000\" width=\"425\" height=\"344\" codebase=\"http:\/\/download.macromedia.com\/pub\/shockwave\/cabs\/flash\/swflash.cab#version=6,0,40,0\"><param name=\"allowFullScreen\" value=\"true\" \/><param name=\"allowscriptaccess\" value=\"always\" \/><param name=\"src\" value=\"http:\/\/www.youtube.com\/v\/nrLlh0ahPVw&amp;hl=fr_FR&amp;fs=1&amp;rel=0&amp;color1=0x234900&amp;color2=0x4e9e00\" \/><param name=\"allowfullscreen\" value=\"true\" \/><embed type=\"application\/x-shockwave-flash\" width=\"425\" height=\"344\" src=\"http:\/\/www.youtube.com\/v\/nrLlh0ahPVw&amp;hl=fr_FR&amp;fs=1&amp;rel=0&amp;color1=0x234900&amp;color2=0x4e9e00\" allowscriptaccess=\"always\" allowfullscreen=\"true\"><\/embed><\/object><\/p>\n<p>Voir \u00e9galement les photographies prises par Jeannot, c&rsquo;est <a href=\"http:\/\/ltbc.fr\/?page_id=770\">ici<\/a><\/p>\n","protected":false},"excerpt":{"rendered":"<p>Le 15 et 16 Septembre 2007, le Club a organis\u00e9 sa premi\u00e8re exposition internationale avec comme th\u00e8me le mod\u00e9lisme ferroviaire.<\/p>\n<\/p>\n<p>Voir \u00e9galement les photographies prises par Jeannot, c&rsquo;est ici<\/p>\n","protected":false},"author":1,"featured_media":0,"parent":396,"menu_order":0,"comment_status":"open","ping_status":"open","template":"","meta":{"_monsterinsights_skip_tracking":false,"_monsterinsights_sitenote_active":false,"_monsterinsights_sitenote_note":"","_monsterinsights_sitenote_category":0,"footnotes":""},"class_list":["post-397","page","type-page","status-publish","hentry","odd"],"aioseo_notices":[],"_links":{"self":[{"href":"https:\/\/ltbc.fr\/index.php?rest_route=\/wp\/v2\/pages\/397","targetHints":{"allow":["GET"]}}],"collection":[{"href":"https:\/\/ltbc.fr\/index.php?rest_route=\/wp\/v2\/pages"}],"about":[{"href":"https:\/\/ltbc.fr\/index.php?rest_route=\/wp\/v2\/types\/page"}],"author":[{"embeddable":true,"href":"https:\/\/ltbc.fr\/index.php?rest_route=\/wp\/v2\/users\/1"}],"replies":[{"embeddable":true,"href":"https:\/\/ltbc.fr\/index.php?rest_route=%2Fwp%2Fv2%2Fcomments&post=397"}],"version-history":[{"count":3,"href":"https:\/\/ltbc.fr\/index.php?rest_route=\/wp\/v2\/pages\/397\/revisions"}],"predecessor-version":[{"id":816,"href":"https:\/\/ltbc.fr\/index.php?rest_route=\/wp\/v2\/pages\/397\/revisions\/816"}],"up":[{"embeddable":true,"href":"https:\/\/ltbc.fr\/index.php?rest_route=\/wp\/v2\/pages\/396"}],"wp:attachment":[{"href":"https:\/\/ltbc.fr\/index.php?rest_route=%2Fwp%2Fv2%2Fmedia&parent=397"}],"curies":[{"name":"wp","href":"https:\/\/api.w.org\/{rel}","templated":true}]}}