{"id":505,"date":"2010-01-28T11:49:15","date_gmt":"2010-01-28T10:49:15","guid":{"rendered":"http:\/\/ltbc.fr\/?page_id=505"},"modified":"2018-06-15T08:33:30","modified_gmt":"2018-06-15T06:33:30","slug":"michel-f","status":"publish","type":"page","link":"https:\/\/ltbc.fr\/?page_id=505","title":{"rendered":"Reine et Michel Fossey"},"content":{"rendered":"<p>En compl\u00e9ment de leur grand r\u00e9seau, Reine et Michel ont r\u00e9alis\u00e9 un petit r\u00e9seau inspir\u00e9 de la gare de Douadic.<\/p>\n<p>En voici une vid\u00e9o :<\/p>\n<iframe loading=\"lazy\"  id=\"_ytid_61071\"  width=\"640\" height=\"360\"  data-origwidth=\"640\" data-origheight=\"360\" src=\"https:\/\/www.youtube.com\/embed\/wGnYv7302wU?enablejsapi=1&autoplay=0&cc_load_policy=0&cc_lang_pref=&iv_load_policy=1&loop=0&modestbranding=0&rel=1&fs=1&playsinline=0&autohide=2&theme=dark&color=red&controls=1&\" class=\"__youtube_prefs__  no-lazyload\" title=\"YouTube player\"  allow=\"accelerometer; autoplay; clipboard-write; encrypted-media; gyroscope; picture-in-picture\" allowfullscreen data-no-lazy=\"1\" data-skipgform_ajax_framebjll=\"\"><\/iframe>\n<p>_______________________________________________________________________________________________<\/p>\n<p>Voici une nouvelle vid\u00e9o montrant le grand r\u00e9seau en mai 2018.<\/p>\n<iframe loading=\"lazy\"  id=\"_ytid_49479\"  width=\"640\" height=\"360\"  data-origwidth=\"640\" data-origheight=\"360\" src=\"https:\/\/www.youtube.com\/embed\/FpXSJsTYdtw?enablejsapi=1&autoplay=0&cc_load_policy=0&cc_lang_pref=&iv_load_policy=1&loop=0&modestbranding=0&rel=1&fs=1&playsinline=0&autohide=2&theme=dark&color=red&controls=1&\" class=\"__youtube_prefs__  no-lazyload\" title=\"YouTube player\"  allow=\"accelerometer; autoplay; clipboard-write; encrypted-media; gyroscope; picture-in-picture\" allowfullscreen data-no-lazy=\"1\" data-skipgform_ajax_framebjll=\"\"><\/iframe>\n<p>_______________________________________________________________________________________________<\/p>\n<p>Une vid\u00e9o de mon r\u00e9seau, prise le 18 septembre 2011 par Francis.<\/p>\n<p><iframe loading=\"lazy\"  id=\"_ytid_14118\"  width=\"640\" height=\"360\"  data-origwidth=\"640\" data-origheight=\"360\" src=\"https:\/\/www.youtube.com\/embed\/N7is00lNgl4?enablejsapi=1&autoplay=0&cc_load_policy=0&cc_lang_pref=&iv_load_policy=1&loop=0&modestbranding=0&rel=1&fs=1&playsinline=0&autohide=2&theme=dark&color=red&controls=1&\" class=\"__youtube_prefs__  no-lazyload\" title=\"YouTube player\"  allow=\"accelerometer; autoplay; clipboard-write; encrypted-media; gyroscope; picture-in-picture\" allowfullscreen data-no-lazy=\"1\" data-skipgform_ajax_framebjll=\"\"><\/iframe><br \/>\n_______________________________________________________________________________________________<\/p>\n<p>Pr\u00e9sentation de mon r\u00e9seau :<\/p>\n<p>En pr\u00e9ambule, je dois dire que je ne suis pas bricoleur de nature et que je ne travaille donc pas dans la facilit\u00e9.<\/p>\n<p>Pour moi le mod\u00e9lisme est rest\u00e9 longtemps en gestation puisque j&rsquo;ai eu mon premier train, Hornby O \u00e0 5 ans. Puis \u00e0 58 ans, j&rsquo;\u00e9tais pr\u00eat et j&rsquo;ai construit ce r\u00e9seau de 4.50m sur 3.30m.<\/p>\n<p>C&rsquo;est un r\u00e9seau secondaire \u00e0 voie unique avec une gare principale, voyageurs et marchandises et une petite gare secondaire. Dans ces 2 gares, des voies d&rsquo;\u00e9vitement me permettent des croisements.Une troisi\u00e8me petite gare touristique avec un d\u00e9pot,se situe sur une voie d\u00e9vi\u00e9e, en contre bas.<\/p>\n<p>Ce r\u00e9seau fonctionne en digital ROCO.<\/p>\n<p>Voici une vid\u00e9o embarqu\u00e9e :<\/p>\n<iframe loading=\"lazy\"  id=\"_ytid_43351\"  width=\"640\" height=\"480\"  data-origwidth=\"640\" data-origheight=\"480\" src=\"https:\/\/www.youtube.com\/embed\/s-7T8XDgwjg?enablejsapi=1&autoplay=0&cc_load_policy=0&cc_lang_pref=&iv_load_policy=1&loop=0&modestbranding=0&rel=1&fs=1&playsinline=0&autohide=2&theme=dark&color=red&controls=1&\" class=\"__youtube_prefs__  no-lazyload\" title=\"YouTube player\"  allow=\"accelerometer; autoplay; clipboard-write; encrypted-media; gyroscope; picture-in-picture\" allowfullscreen data-no-lazy=\"1\" data-skipgform_ajax_framebjll=\"\"><\/iframe>\n<p>Puis quelques photographies :<\/p>\n<p><a href=\"http:\/\/ltbc.fr\/wp-content\/uploads\/2010\/01\/r\u00e9seau.jpg\"><img loading=\"lazy\" decoding=\"async\" class=\"size-medium wp-image-506 alignnone\" title=\"_r\u00e9seau\" src=\"http:\/\/ltbc.fr\/wp-content\/uploads\/2010\/01\/r\u00e9seau-300x269.jpg\" alt=\"\" width=\"300\" height=\"269\" srcset=\"https:\/\/ltbc.fr\/wp-content\/uploads\/2010\/01\/r\u00e9seau-300x269.jpg 300w, https:\/\/ltbc.fr\/wp-content\/uploads\/2010\/01\/r\u00e9seau.jpg 640w\" sizes=\"auto, (max-width: 300px) 100vw, 300px\" \/><\/a><a href=\"http:\/\/ltbc.fr\/wp-content\/uploads\/2010\/01\/r\u00e9seau2.jpg\"><img loading=\"lazy\" decoding=\"async\" class=\"size-medium wp-image-507 alignnone\" title=\"_r\u00e9seau2\" src=\"http:\/\/ltbc.fr\/wp-content\/uploads\/2010\/01\/r\u00e9seau2-300x225.jpg\" alt=\"\" width=\"300\" height=\"225\" srcset=\"https:\/\/ltbc.fr\/wp-content\/uploads\/2010\/01\/r\u00e9seau2-300x225.jpg 300w, https:\/\/ltbc.fr\/wp-content\/uploads\/2010\/01\/r\u00e9seau2.jpg 640w\" sizes=\"auto, (max-width: 300px) 100vw, 300px\" \/><\/a><a href=\"http:\/\/ltbc.fr\/wp-content\/uploads\/2010\/01\/r\u00e9seau3.jpg\"><img loading=\"lazy\" decoding=\"async\" class=\"size-medium wp-image-508 alignnone\" title=\"_r\u00e9seau3\" src=\"http:\/\/ltbc.fr\/wp-content\/uploads\/2010\/01\/r\u00e9seau3-300x225.jpg\" alt=\"\" width=\"300\" height=\"225\" srcset=\"https:\/\/ltbc.fr\/wp-content\/uploads\/2010\/01\/r\u00e9seau3-300x225.jpg 300w, https:\/\/ltbc.fr\/wp-content\/uploads\/2010\/01\/r\u00e9seau3.jpg 640w\" sizes=\"auto, (max-width: 300px) 100vw, 300px\" \/><\/a><a href=\"http:\/\/ltbc.fr\/wp-content\/uploads\/2010\/01\/r\u00e9seau4.jpg\"><img loading=\"lazy\" decoding=\"async\" class=\"size-medium wp-image-509 alignnone\" title=\"_r\u00e9seau4\" src=\"http:\/\/ltbc.fr\/wp-content\/uploads\/2010\/01\/r\u00e9seau4-300x225.jpg\" alt=\"\" width=\"300\" height=\"225\" srcset=\"https:\/\/ltbc.fr\/wp-content\/uploads\/2010\/01\/r\u00e9seau4-300x225.jpg 300w, https:\/\/ltbc.fr\/wp-content\/uploads\/2010\/01\/r\u00e9seau4.jpg 640w\" sizes=\"auto, (max-width: 300px) 100vw, 300px\" \/><\/a><a href=\"http:\/\/ltbc.fr\/wp-content\/uploads\/2010\/01\/r\u00e9seau5.jpg\"><img loading=\"lazy\" decoding=\"async\" class=\"size-medium wp-image-510 alignnone\" title=\"_r\u00e9seau5\" src=\"http:\/\/ltbc.fr\/wp-content\/uploads\/2010\/01\/r\u00e9seau5-300x225.jpg\" alt=\"\" width=\"300\" height=\"225\" srcset=\"https:\/\/ltbc.fr\/wp-content\/uploads\/2010\/01\/r\u00e9seau5-300x225.jpg 300w, https:\/\/ltbc.fr\/wp-content\/uploads\/2010\/01\/r\u00e9seau5.jpg 640w\" sizes=\"auto, (max-width: 300px) 100vw, 300px\" \/><\/a><a href=\"http:\/\/ltbc.fr\/wp-content\/uploads\/2010\/01\/r\u00e9seau6.jpg\"><img loading=\"lazy\" decoding=\"async\" class=\"size-medium wp-image-511 alignnone\" title=\"_r\u00e9seau6\" src=\"http:\/\/ltbc.fr\/wp-content\/uploads\/2010\/01\/r\u00e9seau6-300x225.jpg\" alt=\"\" width=\"300\" height=\"225\" srcset=\"https:\/\/ltbc.fr\/wp-content\/uploads\/2010\/01\/r\u00e9seau6-300x225.jpg 300w, https:\/\/ltbc.fr\/wp-content\/uploads\/2010\/01\/r\u00e9seau6.jpg 640w\" sizes=\"auto, (max-width: 300px) 100vw, 300px\" \/><\/a><a href=\"http:\/\/ltbc.fr\/wp-content\/uploads\/2010\/01\/r\u00e9seau7.jpg\"><img loading=\"lazy\" decoding=\"async\" class=\"size-medium wp-image-512 alignnone\" title=\"_r\u00e9seau7\" src=\"http:\/\/ltbc.fr\/wp-content\/uploads\/2010\/01\/r\u00e9seau7-300x225.jpg\" alt=\"\" width=\"300\" height=\"225\" srcset=\"https:\/\/ltbc.fr\/wp-content\/uploads\/2010\/01\/r\u00e9seau7-300x225.jpg 300w, https:\/\/ltbc.fr\/wp-content\/uploads\/2010\/01\/r\u00e9seau7.jpg 640w\" sizes=\"auto, (max-width: 300px) 100vw, 300px\" \/><\/a><a href=\"http:\/\/ltbc.fr\/wp-content\/uploads\/2010\/01\/r\u00e9seau8.jpg\"><img loading=\"lazy\" decoding=\"async\" class=\"size-medium wp-image-513 alignnone\" title=\"_r\u00e9seau8\" src=\"http:\/\/ltbc.fr\/wp-content\/uploads\/2010\/01\/r\u00e9seau8-300x225.jpg\" alt=\"\" width=\"300\" height=\"225\" srcset=\"https:\/\/ltbc.fr\/wp-content\/uploads\/2010\/01\/r\u00e9seau8-300x225.jpg 300w, https:\/\/ltbc.fr\/wp-content\/uploads\/2010\/01\/r\u00e9seau8.jpg 640w\" sizes=\"auto, (max-width: 300px) 100vw, 300px\" \/><\/a><a href=\"http:\/\/ltbc.fr\/wp-content\/uploads\/2010\/01\/r\u00e9seau9.jpg\"><img loading=\"lazy\" decoding=\"async\" class=\"size-medium wp-image-514 alignnone\" title=\"_r\u00e9seau9\" src=\"http:\/\/ltbc.fr\/wp-content\/uploads\/2010\/01\/r\u00e9seau9-300x225.jpg\" alt=\"\" width=\"300\" height=\"225\" srcset=\"https:\/\/ltbc.fr\/wp-content\/uploads\/2010\/01\/r\u00e9seau9-300x225.jpg 300w, https:\/\/ltbc.fr\/wp-content\/uploads\/2010\/01\/r\u00e9seau9.jpg 640w\" sizes=\"auto, (max-width: 300px) 100vw, 300px\" \/><\/a><a href=\"http:\/\/ltbc.fr\/wp-content\/uploads\/2010\/01\/r\u00e9seau10.jpg\"><img loading=\"lazy\" decoding=\"async\" class=\"size-medium wp-image-515 alignnone\" title=\"_r\u00e9seau10\" src=\"http:\/\/ltbc.fr\/wp-content\/uploads\/2010\/01\/r\u00e9seau10-300x225.jpg\" alt=\"\" width=\"300\" height=\"225\" srcset=\"https:\/\/ltbc.fr\/wp-content\/uploads\/2010\/01\/r\u00e9seau10-300x225.jpg 300w, https:\/\/ltbc.fr\/wp-content\/uploads\/2010\/01\/r\u00e9seau10.jpg 640w\" sizes=\"auto, (max-width: 300px) 100vw, 300px\" \/><\/a><\/p>\n<p>Mon r\u00e9seau lorsqu&rsquo;il \u00e9tait en cours de construction dans mon grenier :<\/p>\n<p><a href=\"http:\/\/ltbc.fr\/wp-content\/uploads\/2010\/01\/MF1.jpg\"><img loading=\"lazy\" decoding=\"async\" class=\"alignleft size-medium wp-image-972\" title=\"MF1\" src=\"http:\/\/ltbc.fr\/wp-content\/uploads\/2010\/01\/MF1-300x192.jpg\" alt=\"\" width=\"300\" height=\"192\" srcset=\"https:\/\/ltbc.fr\/wp-content\/uploads\/2010\/01\/MF1-300x192.jpg 300w, https:\/\/ltbc.fr\/wp-content\/uploads\/2010\/01\/MF1-1024x657.jpg 1024w, https:\/\/ltbc.fr\/wp-content\/uploads\/2010\/01\/MF1.jpg 1600w\" sizes=\"auto, (max-width: 300px) 100vw, 300px\" \/><\/a><a href=\"http:\/\/ltbc.fr\/wp-content\/uploads\/2010\/01\/MF2.jpg\"><img loading=\"lazy\" decoding=\"async\" class=\"alignleft size-medium wp-image-973\" title=\"MF2\" src=\"http:\/\/ltbc.fr\/wp-content\/uploads\/2010\/01\/MF2-300x192.jpg\" alt=\"\" width=\"300\" height=\"192\" srcset=\"https:\/\/ltbc.fr\/wp-content\/uploads\/2010\/01\/MF2-300x192.jpg 300w, https:\/\/ltbc.fr\/wp-content\/uploads\/2010\/01\/MF2-1024x657.jpg 1024w, https:\/\/ltbc.fr\/wp-content\/uploads\/2010\/01\/MF2.jpg 1600w\" sizes=\"auto, (max-width: 300px) 100vw, 300px\" \/><\/a><a href=\"http:\/\/ltbc.fr\/wp-content\/uploads\/2010\/01\/MF3.jpg\"><img loading=\"lazy\" decoding=\"async\" class=\"alignleft size-medium wp-image-974\" title=\"MF3\" src=\"http:\/\/ltbc.fr\/wp-content\/uploads\/2010\/01\/MF3-300x195.jpg\" alt=\"\" width=\"300\" height=\"195\" srcset=\"https:\/\/ltbc.fr\/wp-content\/uploads\/2010\/01\/MF3-300x195.jpg 300w, https:\/\/ltbc.fr\/wp-content\/uploads\/2010\/01\/MF3-1024x666.jpg 1024w, https:\/\/ltbc.fr\/wp-content\/uploads\/2010\/01\/MF3.jpg 1600w\" sizes=\"auto, (max-width: 300px) 100vw, 300px\" \/><\/a><a href=\"http:\/\/ltbc.fr\/wp-content\/uploads\/2010\/01\/MF4.jpg\"><img loading=\"lazy\" decoding=\"async\" class=\"alignleft size-medium wp-image-975\" title=\"MF4\" src=\"http:\/\/ltbc.fr\/wp-content\/uploads\/2010\/01\/MF4-300x200.jpg\" alt=\"\" width=\"300\" height=\"200\" srcset=\"https:\/\/ltbc.fr\/wp-content\/uploads\/2010\/01\/MF4-300x200.jpg 300w, https:\/\/ltbc.fr\/wp-content\/uploads\/2010\/01\/MF4-1024x685.jpg 1024w, https:\/\/ltbc.fr\/wp-content\/uploads\/2010\/01\/MF4.jpg 1600w\" sizes=\"auto, (max-width: 300px) 100vw, 300px\" \/><\/a><a href=\"http:\/\/ltbc.fr\/wp-content\/uploads\/2010\/01\/MF5.jpg\"><img loading=\"lazy\" decoding=\"async\" class=\"alignleft size-medium wp-image-976\" title=\"MF5\" src=\"http:\/\/ltbc.fr\/wp-content\/uploads\/2010\/01\/MF5-300x195.jpg\" alt=\"\" width=\"300\" height=\"195\" srcset=\"https:\/\/ltbc.fr\/wp-content\/uploads\/2010\/01\/MF5-300x195.jpg 300w, https:\/\/ltbc.fr\/wp-content\/uploads\/2010\/01\/MF5-1024x666.jpg 1024w, https:\/\/ltbc.fr\/wp-content\/uploads\/2010\/01\/MF5.jpg 1600w\" sizes=\"auto, (max-width: 300px) 100vw, 300px\" \/><\/a><a href=\"http:\/\/ltbc.fr\/wp-content\/uploads\/2010\/01\/MF6.jpg\"><img loading=\"lazy\" decoding=\"async\" class=\"alignleft size-medium wp-image-977\" title=\"MF6\" src=\"http:\/\/ltbc.fr\/wp-content\/uploads\/2010\/01\/MF6-300x192.jpg\" alt=\"\" width=\"300\" height=\"192\" srcset=\"https:\/\/ltbc.fr\/wp-content\/uploads\/2010\/01\/MF6-300x192.jpg 300w, https:\/\/ltbc.fr\/wp-content\/uploads\/2010\/01\/MF6-1024x657.jpg 1024w, https:\/\/ltbc.fr\/wp-content\/uploads\/2010\/01\/MF6.jpg 1600w\" sizes=\"auto, (max-width: 300px) 100vw, 300px\" \/><\/a><a href=\"http:\/\/ltbc.fr\/wp-content\/uploads\/2010\/01\/MF7.jpg\"><img loading=\"lazy\" decoding=\"async\" class=\"alignleft size-medium wp-image-978\" title=\"MF7\" src=\"http:\/\/ltbc.fr\/wp-content\/uploads\/2010\/01\/MF7-300x192.jpg\" alt=\"\" width=\"300\" height=\"192\" srcset=\"https:\/\/ltbc.fr\/wp-content\/uploads\/2010\/01\/MF7-300x192.jpg 300w, https:\/\/ltbc.fr\/wp-content\/uploads\/2010\/01\/MF7-1024x658.jpg 1024w, https:\/\/ltbc.fr\/wp-content\/uploads\/2010\/01\/MF7.jpg 1600w\" sizes=\"auto, (max-width: 300px) 100vw, 300px\" \/><\/a><a href=\"http:\/\/ltbc.fr\/wp-content\/uploads\/2010\/01\/MF8.jpg\"><img loading=\"lazy\" decoding=\"async\" class=\"alignleft size-medium wp-image-979\" title=\"MF8\" src=\"http:\/\/ltbc.fr\/wp-content\/uploads\/2010\/01\/MF8-300x194.jpg\" alt=\"\" width=\"300\" height=\"194\" srcset=\"https:\/\/ltbc.fr\/wp-content\/uploads\/2010\/01\/MF8-300x194.jpg 300w, https:\/\/ltbc.fr\/wp-content\/uploads\/2010\/01\/MF8-1024x664.jpg 1024w, https:\/\/ltbc.fr\/wp-content\/uploads\/2010\/01\/MF8.jpg 1600w\" sizes=\"auto, (max-width: 300px) 100vw, 300px\" \/><\/a><a href=\"http:\/\/ltbc.fr\/wp-content\/uploads\/2010\/01\/MF9.jpg\"><img loading=\"lazy\" decoding=\"async\" class=\"alignleft size-medium wp-image-980\" title=\"MF9\" src=\"http:\/\/ltbc.fr\/wp-content\/uploads\/2010\/01\/MF9-300x196.jpg\" alt=\"\" width=\"300\" height=\"196\" srcset=\"https:\/\/ltbc.fr\/wp-content\/uploads\/2010\/01\/MF9-300x196.jpg 300w, https:\/\/ltbc.fr\/wp-content\/uploads\/2010\/01\/MF9-1024x671.jpg 1024w, https:\/\/ltbc.fr\/wp-content\/uploads\/2010\/01\/MF9.jpg 1600w\" sizes=\"auto, (max-width: 300px) 100vw, 300px\" \/><\/a><a href=\"http:\/\/ltbc.fr\/wp-content\/uploads\/2010\/01\/MF10.jpg\"><img loading=\"lazy\" decoding=\"async\" class=\"alignleft size-medium wp-image-981\" title=\"MF10\" src=\"http:\/\/ltbc.fr\/wp-content\/uploads\/2010\/01\/MF10-300x195.jpg\" alt=\"\" width=\"300\" height=\"195\" srcset=\"https:\/\/ltbc.fr\/wp-content\/uploads\/2010\/01\/MF10-300x195.jpg 300w, https:\/\/ltbc.fr\/wp-content\/uploads\/2010\/01\/MF10-1024x666.jpg 1024w, https:\/\/ltbc.fr\/wp-content\/uploads\/2010\/01\/MF10.jpg 1600w\" sizes=\"auto, (max-width: 300px) 100vw, 300px\" \/><\/a><a href=\"http:\/\/ltbc.fr\/wp-content\/uploads\/2010\/01\/MF11.jpg\"><img loading=\"lazy\" decoding=\"async\" class=\"alignleft size-medium wp-image-982\" title=\"MF11\" src=\"http:\/\/ltbc.fr\/wp-content\/uploads\/2010\/01\/MF11-300x194.jpg\" alt=\"\" width=\"300\" height=\"194\" srcset=\"https:\/\/ltbc.fr\/wp-content\/uploads\/2010\/01\/MF11-300x194.jpg 300w, https:\/\/ltbc.fr\/wp-content\/uploads\/2010\/01\/MF11-1024x664.jpg 1024w, https:\/\/ltbc.fr\/wp-content\/uploads\/2010\/01\/MF11.jpg 1600w\" sizes=\"auto, (max-width: 300px) 100vw, 300px\" \/><\/a><a href=\"http:\/\/ltbc.fr\/wp-content\/uploads\/2010\/01\/MF12.jpg\"><img loading=\"lazy\" decoding=\"async\" class=\"alignleft size-medium wp-image-983\" title=\"MF12\" src=\"http:\/\/ltbc.fr\/wp-content\/uploads\/2010\/01\/MF12-300x192.jpg\" alt=\"\" width=\"300\" height=\"192\" srcset=\"https:\/\/ltbc.fr\/wp-content\/uploads\/2010\/01\/MF12-300x192.jpg 300w, https:\/\/ltbc.fr\/wp-content\/uploads\/2010\/01\/MF12-1024x657.jpg 1024w, https:\/\/ltbc.fr\/wp-content\/uploads\/2010\/01\/MF12.jpg 1600w\" sizes=\"auto, (max-width: 300px) 100vw, 300px\" \/><\/a><a href=\"http:\/\/ltbc.fr\/wp-content\/uploads\/2010\/01\/MF13.jpg\"><img loading=\"lazy\" decoding=\"async\" class=\"alignleft size-medium wp-image-984\" title=\"MF13\" src=\"http:\/\/ltbc.fr\/wp-content\/uploads\/2010\/01\/MF13-300x194.jpg\" alt=\"\" width=\"300\" height=\"194\" srcset=\"https:\/\/ltbc.fr\/wp-content\/uploads\/2010\/01\/MF13-300x194.jpg 300w, https:\/\/ltbc.fr\/wp-content\/uploads\/2010\/01\/MF13-1024x664.jpg 1024w, https:\/\/ltbc.fr\/wp-content\/uploads\/2010\/01\/MF13.jpg 1600w\" sizes=\"auto, (max-width: 300px) 100vw, 300px\" \/><\/a><a href=\"&lt;span class=\">\u00ab\u00a0&gt;<\/a><\/p>\n<p>&nbsp;<\/p>\n<p>&nbsp;<\/p>\n<p>&nbsp;<\/p>\n<p>&nbsp;<\/p>\n<p>&nbsp;<\/p>\n<p>&nbsp;<\/p>\n<p>&nbsp;<\/p>\n<p>&nbsp;<\/p>\n<p>&nbsp;<\/p>\n<p>&nbsp;<\/p>\n<p>&nbsp;<\/p>\n<p>&nbsp;<\/p>\n<p>&nbsp;<\/p>\n<p>&nbsp;<\/p>\n<p>&nbsp;<\/p>\n<p>&nbsp;<\/p>\n<p>&nbsp;<\/p>\n<p>&nbsp;<\/p>\n<p>&nbsp;<\/p>\n<p>&nbsp;<\/p>\n<p>&nbsp;<\/p>\n<p>&nbsp;<\/p>\n<p>&nbsp;<\/p>\n<p>&nbsp;<\/p>\n<p>&nbsp;<\/p>\n<p>&nbsp;<\/p>\n<p>&nbsp;<\/p>\n<p>&nbsp;<\/p>\n<p>&nbsp;<\/p>\n<p>&nbsp;<\/p>\n<p>&nbsp;<\/p>\n<p>&nbsp;<\/p>\n<p>&nbsp;<\/p>\n<p>&nbsp;<\/p>\n<p>&nbsp;<\/p>\n<p>&nbsp;<\/p>\n<iframe loading=\"lazy\"  id=\"_ytid_96830\"  width=\"640\" height=\"360\"  data-origwidth=\"640\" data-origheight=\"360\" src=\"https:\/\/www.youtube.com\/embed\/YkjLpCld4yo?enablejsapi=1&autoplay=0&cc_load_policy=0&cc_lang_pref=&iv_load_policy=1&loop=0&modestbranding=0&rel=1&fs=1&playsinline=0&autohide=2&theme=dark&color=red&controls=1&\" class=\"__youtube_prefs__  no-lazyload\" title=\"YouTube player\"  allow=\"accelerometer; autoplay; clipboard-write; encrypted-media; gyroscope; picture-in-picture\" allowfullscreen data-no-lazy=\"1\" data-skipgform_ajax_framebjll=\"\"><\/iframe>\n<p>&nbsp;<\/p>\n<p>&nbsp;<\/p>\n<p>&nbsp;<\/p>\n<p>&nbsp;<\/p>\n<p>&nbsp;<\/p>\n<p>&nbsp;<\/p>\n<p>&nbsp;<\/p>\n","protected":false},"excerpt":{"rendered":"<p>En compl\u00e9ment de leur grand r\u00e9seau, Reine et Michel ont r\u00e9alis\u00e9 un petit r\u00e9seau inspir\u00e9 de la gare de Douadic.<\/p>\n<p>En voici une vid\u00e9o :<\/p>\n<p>_______________________________________________________________________________________________<\/p>\n<p>Voici une nouvelle vid\u00e9o montrant le grand r\u00e9seau en mai 2018.<\/p>\n<p>_______________________________________________________________________________________________<\/p>\n<p>Une vid\u00e9o de mon r\u00e9seau, prise le 18 septembre 2011 par Francis.<\/p>\n<p> _______________________________________________________________________________________________<\/p>\n<p>Pr\u00e9sentation de mon [&#8230;]<\/p>\n","protected":false},"author":1,"featured_media":0,"parent":310,"menu_order":0,"comment_status":"open","ping_status":"open","template":"","meta":{"_monsterinsights_skip_tracking":false,"_monsterinsights_sitenote_active":false,"_monsterinsights_sitenote_note":"","_monsterinsights_sitenote_category":0,"footnotes":""},"class_list":["post-505","page","type-page","status-publish","hentry","odd"],"aioseo_notices":[],"_links":{"self":[{"href":"https:\/\/ltbc.fr\/index.php?rest_route=\/wp\/v2\/pages\/505","targetHints":{"allow":["GET"]}}],"collection":[{"href":"https:\/\/ltbc.fr\/index.php?rest_route=\/wp\/v2\/pages"}],"about":[{"href":"https:\/\/ltbc.fr\/index.php?rest_route=\/wp\/v2\/types\/page"}],"author":[{"embeddable":true,"href":"https:\/\/ltbc.fr\/index.php?rest_route=\/wp\/v2\/users\/1"}],"replies":[{"embeddable":true,"href":"https:\/\/ltbc.fr\/index.php?rest_route=%2Fwp%2Fv2%2Fcomments&post=505"}],"version-history":[{"count":13,"href":"https:\/\/ltbc.fr\/index.php?rest_route=\/wp\/v2\/pages\/505\/revisions"}],"predecessor-version":[{"id":2308,"href":"https:\/\/ltbc.fr\/index.php?rest_route=\/wp\/v2\/pages\/505\/revisions\/2308"}],"up":[{"embeddable":true,"href":"https:\/\/ltbc.fr\/index.php?rest_route=\/wp\/v2\/pages\/310"}],"wp:attachment":[{"href":"https:\/\/ltbc.fr\/index.php?rest_route=%2Fwp%2Fv2%2Fmedia&parent=505"}],"curies":[{"name":"wp","href":"https:\/\/api.w.org\/{rel}","templated":true}]}}