{"id":541,"date":"2010-01-31T18:26:21","date_gmt":"2010-01-31T17:26:21","guid":{"rendered":"http:\/\/ltbc.fr\/?page_id=541"},"modified":"2016-05-23T11:43:00","modified_gmt":"2016-05-23T09:43:00","slug":"jean-noel","status":"publish","type":"page","link":"https:\/\/ltbc.fr\/?page_id=541","title":{"rendered":"Jean-No\u00ebl"},"content":{"rendered":"<h2><span style=\"color: #ffcc99;\"><span style=\"text-decoration: underline;\">CARTE CANTON<\/span> :<\/span><\/h2>\n<p>Cette carte a \u00e9t\u00e9 \u00e9tudi\u00e9e pour la gestion d&rsquo;un r\u00e9seau par cantonnement avec ralentissement, arr\u00eat et signalisation par feux tricolores sur un r\u00e9seau non digitalis\u00e9.<br \/>\nCela demande une alimentation 12v pour le relais et les feux (commun au \u2500 ) et une alimentation de traction d&rsquo;environ 15v. Ces deux alimentations ne doivent avoir aucun point commun. Les cantons seront isol\u00e9s entre eux et reli\u00e9s seulement \u00e0 la carte.<br \/>\nLa sensibilit\u00e9 est suffisante pour d\u00e9tecter les feux de fin de convoi ; la vitesse et le ralenti de chaque canton est r\u00e9glable s\u00e9par\u00e9ment. Le rebroussement est possible si l&rsquo;on ajoute une diode en inverse sur D1 et D2 (la d\u00e9tection est alors neutralis\u00e9e).<br \/>\nLe typon et l&rsquo;implantation du circuit imprim\u00e9 sont disponibles sur demande.<\/p>\n<h3><span style=\"color: #ff0000;\"><a href=\"http:\/\/ltbc.fr\/wp-content\/uploads\/2010\/01\/cartecanton.pdf\">cliquer ici<\/a><\/span><\/h3>\n<h2><span style=\"color: #ffcc99;\"><span style=\"text-decoration: underline;\">MON RESEAU<\/span> :<\/span><\/h2>\n<p><!-- \t\t@page { margin: 2cm } \t\tP { margin-bottom: 0.21cm } --><span style=\"font-family: Arial,sans-serif;\">R\u00e9seau en forme de \u00ab J \u00bb de 4,40m x 2,40m non digital, avec une double voie et une voie unique.<\/span><\/p>\n<p><span style=\"font-family: Arial,sans-serif;\">Il y a un garage de 9 voies sous la gare terminus avec arr\u00eats optiques. <\/span><\/p>\n<p><span style=\"font-family: Arial,sans-serif;\">Trois T.C.O. et quatre alimentations principales commandent ce r\u00e9seau.<\/span><\/p>\n<p><span style=\"font-family: Arial,sans-serif;\">L&rsquo;\u00e9clairage et les feux r\u00e9versibles des rames m\u00eame \u00e0 l&rsquo;arr\u00eat sont t\u00e9l\u00e9command\u00e9s<\/span><\/p>\n<p><span style=\"font-family: Arial,sans-serif;\">Un ordinateur utilisant les ports standards contr\u00f4le la s\u00e9curit\u00e9 et le suivi des convois ; le programme et l&rsquo;\u00e9lectronique sont de conception maison.<\/span><\/p>\n<p><span style=\"font-family: Arial,sans-serif;\">La commande du pont est enti\u00e8rement refaite avec le suivi automatique sur les 40 positions.<\/span><\/p>\n<p><span style=\"font-family: Arial,sans-serif;\">La verri\u00e8re est en profil\u00e9 et en photod\u00e9coupage de laiton, la couverture est en t\u00f4le fine d&rsquo;aluminium anodis\u00e9.<\/span><\/p>\n<p>Une vid\u00e9o :<br \/>\n<a href=\"&lt;span class=\"><br \/>\n<\/a><\/p>\n<p><iframe loading=\"lazy\"  id=\"_ytid_27016\"  width=\"640\" height=\"360\"  data-origwidth=\"640\" data-origheight=\"360\" src=\"https:\/\/www.youtube.com\/embed\/U6q1cYpaZHM?enablejsapi=1&autoplay=0&cc_load_policy=0&cc_lang_pref=&iv_load_policy=1&loop=0&modestbranding=0&rel=1&fs=1&playsinline=0&autohide=2&theme=dark&color=red&controls=1&\" class=\"__youtube_prefs__  no-lazyload\" title=\"YouTube player\"  allow=\"accelerometer; autoplay; clipboard-write; encrypted-media; gyroscope; picture-in-picture\" allowfullscreen data-no-lazy=\"1\" data-skipgform_ajax_framebjll=\"\"><\/iframe><br \/>\n<span style=\"font-family: Arial,sans-serif;\">Et quelques photographies :<\/span><\/p>\n<p><span style=\"font-family: Arial,sans-serif;\"><a href=\"http:\/\/ltbc.fr\/wp-content\/uploads\/2010\/01\/1.jpg\"><img loading=\"lazy\" decoding=\"async\" class=\"alignleft size-medium wp-image-1136\" title=\"1\" alt=\"\" src=\"http:\/\/ltbc.fr\/wp-content\/uploads\/2010\/01\/1-300x200.jpg\" width=\"300\" height=\"200\" srcset=\"https:\/\/ltbc.fr\/wp-content\/uploads\/2010\/01\/1-300x200.jpg 300w, https:\/\/ltbc.fr\/wp-content\/uploads\/2010\/01\/1-1024x682.jpg 1024w, https:\/\/ltbc.fr\/wp-content\/uploads\/2010\/01\/1.jpg 1600w\" sizes=\"auto, (max-width: 300px) 100vw, 300px\" \/><\/a><a href=\"http:\/\/ltbc.fr\/wp-content\/uploads\/2010\/01\/2.jpg\"><img loading=\"lazy\" decoding=\"async\" class=\"alignleft size-medium wp-image-1137\" title=\"2\" alt=\"\" src=\"http:\/\/ltbc.fr\/wp-content\/uploads\/2010\/01\/2-300x200.jpg\" width=\"300\" height=\"200\" srcset=\"https:\/\/ltbc.fr\/wp-content\/uploads\/2010\/01\/2-300x200.jpg 300w, https:\/\/ltbc.fr\/wp-content\/uploads\/2010\/01\/2-1024x682.jpg 1024w, https:\/\/ltbc.fr\/wp-content\/uploads\/2010\/01\/2.jpg 1600w\" sizes=\"auto, (max-width: 300px) 100vw, 300px\" \/><\/a><a href=\"http:\/\/ltbc.fr\/wp-content\/uploads\/2010\/01\/6.jpg\"><img loading=\"lazy\" decoding=\"async\" class=\"alignleft size-medium wp-image-1138\" title=\"6\" alt=\"\" src=\"http:\/\/ltbc.fr\/wp-content\/uploads\/2010\/01\/6-300x199.jpg\" width=\"300\" height=\"199\" srcset=\"https:\/\/ltbc.fr\/wp-content\/uploads\/2010\/01\/6-300x199.jpg 300w, https:\/\/ltbc.fr\/wp-content\/uploads\/2010\/01\/6-1024x682.jpg 1024w, https:\/\/ltbc.fr\/wp-content\/uploads\/2010\/01\/6.jpg 1600w\" sizes=\"auto, (max-width: 300px) 100vw, 300px\" \/><\/a><a href=\"http:\/\/ltbc.fr\/wp-content\/uploads\/2010\/01\/10.jpg\"><img loading=\"lazy\" decoding=\"async\" class=\"alignleft size-medium wp-image-1139\" title=\"10\" alt=\"\" src=\"http:\/\/ltbc.fr\/wp-content\/uploads\/2010\/01\/10-300x120.jpg\" width=\"300\" height=\"120\" srcset=\"https:\/\/ltbc.fr\/wp-content\/uploads\/2010\/01\/10-300x120.jpg 300w, https:\/\/ltbc.fr\/wp-content\/uploads\/2010\/01\/10-1024x409.jpg 1024w, https:\/\/ltbc.fr\/wp-content\/uploads\/2010\/01\/10.jpg 1600w\" sizes=\"auto, (max-width: 300px) 100vw, 300px\" \/><\/a><a href=\"http:\/\/ltbc.fr\/wp-content\/uploads\/2010\/01\/13.jpg\"><img loading=\"lazy\" decoding=\"async\" class=\"alignleft size-medium wp-image-1140\" title=\"13\" alt=\"\" src=\"http:\/\/ltbc.fr\/wp-content\/uploads\/2010\/01\/13-300x199.jpg\" width=\"300\" height=\"199\" srcset=\"https:\/\/ltbc.fr\/wp-content\/uploads\/2010\/01\/13-300x199.jpg 300w, https:\/\/ltbc.fr\/wp-content\/uploads\/2010\/01\/13-1024x681.jpg 1024w, https:\/\/ltbc.fr\/wp-content\/uploads\/2010\/01\/13.jpg 1600w\" sizes=\"auto, (max-width: 300px) 100vw, 300px\" \/><\/a><a href=\"http:\/\/ltbc.fr\/wp-content\/uploads\/2010\/01\/16.jpg\"><img loading=\"lazy\" decoding=\"async\" class=\"alignleft size-medium wp-image-1141\" title=\"16\" alt=\"\" src=\"http:\/\/ltbc.fr\/wp-content\/uploads\/2010\/01\/16-300x199.jpg\" width=\"300\" height=\"199\" srcset=\"https:\/\/ltbc.fr\/wp-content\/uploads\/2010\/01\/16-300x199.jpg 300w, https:\/\/ltbc.fr\/wp-content\/uploads\/2010\/01\/16-1024x681.jpg 1024w, https:\/\/ltbc.fr\/wp-content\/uploads\/2010\/01\/16.jpg 1600w\" sizes=\"auto, (max-width: 300px) 100vw, 300px\" \/><\/a><a href=\"http:\/\/ltbc.fr\/wp-content\/uploads\/2010\/01\/18.jpg\"><img loading=\"lazy\" decoding=\"async\" class=\"alignleft size-medium wp-image-1142\" title=\"18\" alt=\"\" src=\"http:\/\/ltbc.fr\/wp-content\/uploads\/2010\/01\/18-300x199.jpg\" width=\"300\" height=\"199\" srcset=\"https:\/\/ltbc.fr\/wp-content\/uploads\/2010\/01\/18-300x199.jpg 300w, https:\/\/ltbc.fr\/wp-content\/uploads\/2010\/01\/18-1024x681.jpg 1024w, https:\/\/ltbc.fr\/wp-content\/uploads\/2010\/01\/18.jpg 1600w\" sizes=\"auto, (max-width: 300px) 100vw, 300px\" \/><\/a><a href=\"http:\/\/ltbc.fr\/wp-content\/uploads\/2010\/01\/20.jpg\"><img loading=\"lazy\" decoding=\"async\" class=\"alignleft size-medium wp-image-1143\" title=\"20\" alt=\"\" src=\"http:\/\/ltbc.fr\/wp-content\/uploads\/2010\/01\/20-300x120.jpg\" width=\"300\" height=\"120\" srcset=\"https:\/\/ltbc.fr\/wp-content\/uploads\/2010\/01\/20-300x120.jpg 300w, https:\/\/ltbc.fr\/wp-content\/uploads\/2010\/01\/20-1024x409.jpg 1024w, https:\/\/ltbc.fr\/wp-content\/uploads\/2010\/01\/20.jpg 1600w\" sizes=\"auto, (max-width: 300px) 100vw, 300px\" \/><\/a><br \/>\n<\/span><\/p>\n<p><span style=\"font-family: Arial,sans-serif;\"><a href=\"http:\/\/ltbc.fr\/wp-content\/uploads\/2010\/01\/232.jpg\"><img loading=\"lazy\" decoding=\"async\" class=\"alignleft size-medium wp-image-1147\" title=\"23\" alt=\"\" src=\"http:\/\/ltbc.fr\/wp-content\/uploads\/2010\/01\/232-300x200.jpg\" width=\"300\" height=\"200\" srcset=\"https:\/\/ltbc.fr\/wp-content\/uploads\/2010\/01\/232-300x200.jpg 300w, https:\/\/ltbc.fr\/wp-content\/uploads\/2010\/01\/232-1024x682.jpg 1024w, https:\/\/ltbc.fr\/wp-content\/uploads\/2010\/01\/232.jpg 1600w\" sizes=\"auto, (max-width: 300px) 100vw, 300px\" \/><\/a><a href=\"http:\/\/ltbc.fr\/wp-content\/uploads\/2010\/01\/241.jpg\"><img loading=\"lazy\" decoding=\"async\" class=\"alignleft size-medium wp-image-1148\" title=\"24\" alt=\"\" src=\"http:\/\/ltbc.fr\/wp-content\/uploads\/2010\/01\/241-300x120.jpg\" width=\"300\" height=\"120\" srcset=\"https:\/\/ltbc.fr\/wp-content\/uploads\/2010\/01\/241-300x120.jpg 300w, https:\/\/ltbc.fr\/wp-content\/uploads\/2010\/01\/241-1024x409.jpg 1024w, https:\/\/ltbc.fr\/wp-content\/uploads\/2010\/01\/241.jpg 1600w\" sizes=\"auto, (max-width: 300px) 100vw, 300px\" \/><\/a><a href=\"http:\/\/ltbc.fr\/wp-content\/uploads\/2010\/01\/26.jpg\"><img loading=\"lazy\" decoding=\"async\" class=\"alignleft size-medium wp-image-1149\" title=\"26\" alt=\"\" src=\"http:\/\/ltbc.fr\/wp-content\/uploads\/2010\/01\/26-300x200.jpg\" width=\"300\" height=\"200\" srcset=\"https:\/\/ltbc.fr\/wp-content\/uploads\/2010\/01\/26-300x200.jpg 300w, https:\/\/ltbc.fr\/wp-content\/uploads\/2010\/01\/26-1024x682.jpg 1024w, https:\/\/ltbc.fr\/wp-content\/uploads\/2010\/01\/26.jpg 1600w\" sizes=\"auto, (max-width: 300px) 100vw, 300px\" \/><\/a><a href=\"http:\/\/ltbc.fr\/wp-content\/uploads\/2010\/01\/27.jpg\"><img loading=\"lazy\" decoding=\"async\" class=\"alignleft size-medium wp-image-1150\" title=\"27\" alt=\"\" src=\"http:\/\/ltbc.fr\/wp-content\/uploads\/2010\/01\/27-300x200.jpg\" width=\"300\" height=\"200\" srcset=\"https:\/\/ltbc.fr\/wp-content\/uploads\/2010\/01\/27-300x200.jpg 300w, https:\/\/ltbc.fr\/wp-content\/uploads\/2010\/01\/27-1024x682.jpg 1024w, https:\/\/ltbc.fr\/wp-content\/uploads\/2010\/01\/27.jpg 1600w\" sizes=\"auto, (max-width: 300px) 100vw, 300px\" \/><\/a><a href=\"http:\/\/ltbc.fr\/wp-content\/uploads\/2010\/01\/28.jpg\"><img loading=\"lazy\" decoding=\"async\" class=\"alignleft size-medium wp-image-1151\" title=\"28\" alt=\"\" src=\"http:\/\/ltbc.fr\/wp-content\/uploads\/2010\/01\/28-300x200.jpg\" width=\"300\" height=\"200\" srcset=\"https:\/\/ltbc.fr\/wp-content\/uploads\/2010\/01\/28-300x200.jpg 300w, https:\/\/ltbc.fr\/wp-content\/uploads\/2010\/01\/28-1024x682.jpg 1024w, https:\/\/ltbc.fr\/wp-content\/uploads\/2010\/01\/28.jpg 1600w\" sizes=\"auto, (max-width: 300px) 100vw, 300px\" \/><\/a><a href=\"http:\/\/ltbc.fr\/wp-content\/uploads\/2010\/01\/29.jpg\"><img loading=\"lazy\" decoding=\"async\" class=\"alignleft size-medium wp-image-1152\" title=\"29\" alt=\"\" src=\"http:\/\/ltbc.fr\/wp-content\/uploads\/2010\/01\/29-300x200.jpg\" width=\"300\" height=\"200\" srcset=\"https:\/\/ltbc.fr\/wp-content\/uploads\/2010\/01\/29-300x200.jpg 300w, https:\/\/ltbc.fr\/wp-content\/uploads\/2010\/01\/29-1024x682.jpg 1024w, https:\/\/ltbc.fr\/wp-content\/uploads\/2010\/01\/29.jpg 1600w\" sizes=\"auto, (max-width: 300px) 100vw, 300px\" \/><\/a><a href=\"http:\/\/ltbc.fr\/wp-content\/uploads\/2010\/01\/34.jpg\"><img loading=\"lazy\" decoding=\"async\" class=\"alignleft size-medium wp-image-1153\" title=\"34\" alt=\"\" src=\"http:\/\/ltbc.fr\/wp-content\/uploads\/2010\/01\/34-300x200.jpg\" width=\"300\" height=\"200\" srcset=\"https:\/\/ltbc.fr\/wp-content\/uploads\/2010\/01\/34-300x200.jpg 300w, https:\/\/ltbc.fr\/wp-content\/uploads\/2010\/01\/34-1024x682.jpg 1024w, https:\/\/ltbc.fr\/wp-content\/uploads\/2010\/01\/34.jpg 1600w\" sizes=\"auto, (max-width: 300px) 100vw, 300px\" \/><\/a><a href=\"http:\/\/ltbc.fr\/wp-content\/uploads\/2010\/01\/35.jpg\"><img loading=\"lazy\" decoding=\"async\" class=\"alignleft size-medium wp-image-1154\" title=\"35\" alt=\"\" src=\"http:\/\/ltbc.fr\/wp-content\/uploads\/2010\/01\/35-200x300.jpg\" width=\"200\" height=\"300\" srcset=\"https:\/\/ltbc.fr\/wp-content\/uploads\/2010\/01\/35-200x300.jpg 200w, https:\/\/ltbc.fr\/wp-content\/uploads\/2010\/01\/35-682x1024.jpg 682w, https:\/\/ltbc.fr\/wp-content\/uploads\/2010\/01\/35.jpg 1067w\" sizes=\"auto, (max-width: 200px) 100vw, 200px\" \/><\/a><a href=\"http:\/\/ltbc.fr\/wp-content\/uploads\/2010\/01\/40.jpg\"><img loading=\"lazy\" decoding=\"async\" class=\"alignleft size-medium wp-image-1155\" title=\"40\" alt=\"\" src=\"http:\/\/ltbc.fr\/wp-content\/uploads\/2010\/01\/40-300x200.jpg\" width=\"300\" height=\"200\" srcset=\"https:\/\/ltbc.fr\/wp-content\/uploads\/2010\/01\/40-300x200.jpg 300w, https:\/\/ltbc.fr\/wp-content\/uploads\/2010\/01\/40-1024x682.jpg 1024w, https:\/\/ltbc.fr\/wp-content\/uploads\/2010\/01\/40.jpg 1600w\" sizes=\"auto, (max-width: 300px) 100vw, 300px\" \/><\/a><a href=\"http:\/\/ltbc.fr\/wp-content\/uploads\/2010\/01\/43.jpg\"><img loading=\"lazy\" decoding=\"async\" class=\"alignleft size-medium wp-image-1156\" title=\"43\" alt=\"\" src=\"http:\/\/ltbc.fr\/wp-content\/uploads\/2010\/01\/43-300x200.jpg\" width=\"300\" height=\"200\" srcset=\"https:\/\/ltbc.fr\/wp-content\/uploads\/2010\/01\/43-300x200.jpg 300w, https:\/\/ltbc.fr\/wp-content\/uploads\/2010\/01\/43-1024x682.jpg 1024w, https:\/\/ltbc.fr\/wp-content\/uploads\/2010\/01\/43.jpg 1600w\" sizes=\"auto, (max-width: 300px) 100vw, 300px\" \/><\/a><a href=\"http:\/\/ltbc.fr\/wp-content\/uploads\/2010\/01\/48.jpg\"><img loading=\"lazy\" decoding=\"async\" class=\"alignleft size-medium wp-image-1157\" title=\"48\" alt=\"\" src=\"http:\/\/ltbc.fr\/wp-content\/uploads\/2010\/01\/48-300x200.jpg\" width=\"300\" height=\"200\" srcset=\"https:\/\/ltbc.fr\/wp-content\/uploads\/2010\/01\/48-300x200.jpg 300w, https:\/\/ltbc.fr\/wp-content\/uploads\/2010\/01\/48-1024x682.jpg 1024w, https:\/\/ltbc.fr\/wp-content\/uploads\/2010\/01\/48.jpg 1600w\" sizes=\"auto, (max-width: 300px) 100vw, 300px\" \/><\/a><a href=\"http:\/\/ltbc.fr\/wp-content\/uploads\/2010\/01\/49.jpg\"><img loading=\"lazy\" decoding=\"async\" class=\"alignleft size-medium wp-image-1158\" title=\"49\" alt=\"\" src=\"http:\/\/ltbc.fr\/wp-content\/uploads\/2010\/01\/49-300x200.jpg\" width=\"300\" height=\"200\" srcset=\"https:\/\/ltbc.fr\/wp-content\/uploads\/2010\/01\/49-300x200.jpg 300w, https:\/\/ltbc.fr\/wp-content\/uploads\/2010\/01\/49-1024x682.jpg 1024w, https:\/\/ltbc.fr\/wp-content\/uploads\/2010\/01\/49.jpg 1600w\" sizes=\"auto, (max-width: 300px) 100vw, 300px\" \/><\/a><a href=\"http:\/\/ltbc.fr\/wp-content\/uploads\/2010\/01\/51.jpg\"><img loading=\"lazy\" decoding=\"async\" class=\"alignleft size-medium wp-image-1159\" title=\"51\" alt=\"\" src=\"http:\/\/ltbc.fr\/wp-content\/uploads\/2010\/01\/51-300x200.jpg\" width=\"300\" height=\"200\" srcset=\"https:\/\/ltbc.fr\/wp-content\/uploads\/2010\/01\/51-300x200.jpg 300w, https:\/\/ltbc.fr\/wp-content\/uploads\/2010\/01\/51-1024x682.jpg 1024w, https:\/\/ltbc.fr\/wp-content\/uploads\/2010\/01\/51.jpg 1600w\" sizes=\"auto, (max-width: 300px) 100vw, 300px\" \/><\/a><a href=\"http:\/\/ltbc.fr\/wp-content\/uploads\/2010\/01\/52.jpg\"><img loading=\"lazy\" decoding=\"async\" class=\"alignleft size-medium wp-image-1160\" title=\"52\" alt=\"\" src=\"http:\/\/ltbc.fr\/wp-content\/uploads\/2010\/01\/52-300x200.jpg\" width=\"300\" height=\"200\" srcset=\"https:\/\/ltbc.fr\/wp-content\/uploads\/2010\/01\/52-300x200.jpg 300w, https:\/\/ltbc.fr\/wp-content\/uploads\/2010\/01\/52-1024x682.jpg 1024w, https:\/\/ltbc.fr\/wp-content\/uploads\/2010\/01\/52.jpg 1600w\" sizes=\"auto, (max-width: 300px) 100vw, 300px\" \/><\/a><a href=\"http:\/\/ltbc.fr\/wp-content\/uploads\/2010\/01\/57.jpg\"><img loading=\"lazy\" decoding=\"async\" class=\"alignleft size-medium wp-image-1161\" title=\"57\" alt=\"\" src=\"http:\/\/ltbc.fr\/wp-content\/uploads\/2010\/01\/57-300x200.jpg\" width=\"300\" height=\"200\" srcset=\"https:\/\/ltbc.fr\/wp-content\/uploads\/2010\/01\/57-300x200.jpg 300w, https:\/\/ltbc.fr\/wp-content\/uploads\/2010\/01\/57-1024x682.jpg 1024w, https:\/\/ltbc.fr\/wp-content\/uploads\/2010\/01\/57.jpg 1600w\" sizes=\"auto, (max-width: 300px) 100vw, 300px\" \/><\/a><a href=\"http:\/\/ltbc.fr\/wp-content\/uploads\/2010\/01\/59.jpg\"><img loading=\"lazy\" decoding=\"async\" class=\"alignleft size-medium wp-image-1162\" title=\"59\" alt=\"\" src=\"http:\/\/ltbc.fr\/wp-content\/uploads\/2010\/01\/59-300x199.jpg\" width=\"300\" height=\"199\" srcset=\"https:\/\/ltbc.fr\/wp-content\/uploads\/2010\/01\/59-300x199.jpg 300w, https:\/\/ltbc.fr\/wp-content\/uploads\/2010\/01\/59-1024x682.jpg 1024w, https:\/\/ltbc.fr\/wp-content\/uploads\/2010\/01\/59.jpg 1600w\" sizes=\"auto, (max-width: 300px) 100vw, 300px\" \/><\/a><a href=\"http:\/\/ltbc.fr\/wp-content\/uploads\/2010\/01\/60.jpg\"><img loading=\"lazy\" decoding=\"async\" class=\"alignleft size-medium wp-image-1163\" title=\"60\" alt=\"\" src=\"http:\/\/ltbc.fr\/wp-content\/uploads\/2010\/01\/60-300x200.jpg\" width=\"300\" height=\"200\" srcset=\"https:\/\/ltbc.fr\/wp-content\/uploads\/2010\/01\/60-300x200.jpg 300w, https:\/\/ltbc.fr\/wp-content\/uploads\/2010\/01\/60-1024x682.jpg 1024w, https:\/\/ltbc.fr\/wp-content\/uploads\/2010\/01\/60.jpg 1600w\" sizes=\"auto, (max-width: 300px) 100vw, 300px\" \/><\/a><a href=\"http:\/\/ltbc.fr\/wp-content\/uploads\/2010\/01\/64.jpg\"><img loading=\"lazy\" decoding=\"async\" class=\"alignleft size-medium wp-image-1164\" title=\"64\" alt=\"\" src=\"http:\/\/ltbc.fr\/wp-content\/uploads\/2010\/01\/64-300x200.jpg\" width=\"300\" height=\"200\" srcset=\"https:\/\/ltbc.fr\/wp-content\/uploads\/2010\/01\/64-300x200.jpg 300w, https:\/\/ltbc.fr\/wp-content\/uploads\/2010\/01\/64-1024x682.jpg 1024w, https:\/\/ltbc.fr\/wp-content\/uploads\/2010\/01\/64.jpg 1600w\" sizes=\"auto, (max-width: 300px) 100vw, 300px\" \/><\/a><a href=\"http:\/\/ltbc.fr\/wp-content\/uploads\/2010\/01\/65.jpg\"><img loading=\"lazy\" decoding=\"async\" class=\"alignleft size-medium wp-image-1165\" title=\"65\" alt=\"\" src=\"http:\/\/ltbc.fr\/wp-content\/uploads\/2010\/01\/65-300x199.jpg\" width=\"300\" height=\"199\" srcset=\"https:\/\/ltbc.fr\/wp-content\/uploads\/2010\/01\/65-300x199.jpg 300w, https:\/\/ltbc.fr\/wp-content\/uploads\/2010\/01\/65-1024x682.jpg 1024w, https:\/\/ltbc.fr\/wp-content\/uploads\/2010\/01\/65.jpg 1600w\" sizes=\"auto, (max-width: 300px) 100vw, 300px\" \/><\/a><a href=\"http:\/\/ltbc.fr\/wp-content\/uploads\/2010\/01\/67.jpg\"><img loading=\"lazy\" decoding=\"async\" class=\"alignleft size-medium wp-image-1166\" title=\"67\" alt=\"\" src=\"http:\/\/ltbc.fr\/wp-content\/uploads\/2010\/01\/67-300x200.jpg\" width=\"300\" height=\"200\" srcset=\"https:\/\/ltbc.fr\/wp-content\/uploads\/2010\/01\/67-300x200.jpg 300w, https:\/\/ltbc.fr\/wp-content\/uploads\/2010\/01\/67-1024x682.jpg 1024w, https:\/\/ltbc.fr\/wp-content\/uploads\/2010\/01\/67.jpg 1600w\" sizes=\"auto, (max-width: 300px) 100vw, 300px\" \/><\/a><a href=\"http:\/\/ltbc.fr\/wp-content\/uploads\/2010\/01\/69.jpg\"><img loading=\"lazy\" decoding=\"async\" class=\"alignleft size-medium wp-image-1167\" title=\"69\" alt=\"\" src=\"http:\/\/ltbc.fr\/wp-content\/uploads\/2010\/01\/69-300x200.jpg\" width=\"300\" height=\"200\" srcset=\"https:\/\/ltbc.fr\/wp-content\/uploads\/2010\/01\/69-300x200.jpg 300w, https:\/\/ltbc.fr\/wp-content\/uploads\/2010\/01\/69-1024x683.jpg 1024w, https:\/\/ltbc.fr\/wp-content\/uploads\/2010\/01\/69.jpg 1600w\" sizes=\"auto, (max-width: 300px) 100vw, 300px\" \/><\/a><a href=\"http:\/\/ltbc.fr\/wp-content\/uploads\/2010\/01\/76.jpg\"><img loading=\"lazy\" decoding=\"async\" class=\"alignleft size-medium wp-image-1168\" title=\"76\" alt=\"\" src=\"http:\/\/ltbc.fr\/wp-content\/uploads\/2010\/01\/76-300x120.jpg\" width=\"300\" height=\"120\" srcset=\"https:\/\/ltbc.fr\/wp-content\/uploads\/2010\/01\/76-300x120.jpg 300w, https:\/\/ltbc.fr\/wp-content\/uploads\/2010\/01\/76-1024x409.jpg 1024w, https:\/\/ltbc.fr\/wp-content\/uploads\/2010\/01\/76.jpg 1600w\" sizes=\"auto, (max-width: 300px) 100vw, 300px\" \/><\/a><a href=\"http:\/\/ltbc.fr\/wp-content\/uploads\/2010\/01\/79.jpg\"><img loading=\"lazy\" decoding=\"async\" class=\"alignleft size-medium wp-image-1169\" title=\"79\" alt=\"\" src=\"http:\/\/ltbc.fr\/wp-content\/uploads\/2010\/01\/79-300x200.jpg\" width=\"300\" height=\"200\" srcset=\"https:\/\/ltbc.fr\/wp-content\/uploads\/2010\/01\/79-300x200.jpg 300w, https:\/\/ltbc.fr\/wp-content\/uploads\/2010\/01\/79-1024x682.jpg 1024w, https:\/\/ltbc.fr\/wp-content\/uploads\/2010\/01\/79.jpg 1600w\" sizes=\"auto, (max-width: 300px) 100vw, 300px\" \/><\/a><a href=\"http:\/\/ltbc.fr\/wp-content\/uploads\/2010\/01\/80.jpg\"><img loading=\"lazy\" decoding=\"async\" class=\"alignleft size-medium wp-image-1170\" title=\"80\" alt=\"\" src=\"http:\/\/ltbc.fr\/wp-content\/uploads\/2010\/01\/80-300x200.jpg\" width=\"300\" height=\"200\" srcset=\"https:\/\/ltbc.fr\/wp-content\/uploads\/2010\/01\/80-300x200.jpg 300w, https:\/\/ltbc.fr\/wp-content\/uploads\/2010\/01\/80-1024x682.jpg 1024w, https:\/\/ltbc.fr\/wp-content\/uploads\/2010\/01\/80.jpg 1600w\" sizes=\"auto, (max-width: 300px) 100vw, 300px\" \/><\/a><\/span><\/p>\n<p><span style=\"font-family: Arial,sans-serif;\"><br \/>\n<\/span><\/p>\n","protected":false},"excerpt":{"rendered":"<p>CARTE CANTON : <\/p>\n<p>Cette carte a \u00e9t\u00e9 \u00e9tudi\u00e9e pour la gestion d&rsquo;un r\u00e9seau par cantonnement avec ralentissement, arr\u00eat et signalisation par feux tricolores sur un r\u00e9seau non digitalis\u00e9. Cela demande une alimentation 12v pour le relais et les feux (commun au \u2500 ) et une alimentation de traction d&rsquo;environ 15v. Ces deux alimentations ne doivent [&#8230;]<\/p>\n","protected":false},"author":1,"featured_media":0,"parent":310,"menu_order":0,"comment_status":"open","ping_status":"open","template":"","meta":{"_monsterinsights_skip_tracking":false,"_monsterinsights_sitenote_active":false,"_monsterinsights_sitenote_note":"","_monsterinsights_sitenote_category":0,"footnotes":""},"class_list":["post-541","page","type-page","status-publish","hentry","odd"],"aioseo_notices":[],"_links":{"self":[{"href":"https:\/\/ltbc.fr\/index.php?rest_route=\/wp\/v2\/pages\/541","targetHints":{"allow":["GET"]}}],"collection":[{"href":"https:\/\/ltbc.fr\/index.php?rest_route=\/wp\/v2\/pages"}],"about":[{"href":"https:\/\/ltbc.fr\/index.php?rest_route=\/wp\/v2\/types\/page"}],"author":[{"embeddable":true,"href":"https:\/\/ltbc.fr\/index.php?rest_route=\/wp\/v2\/users\/1"}],"replies":[{"embeddable":true,"href":"https:\/\/ltbc.fr\/index.php?rest_route=%2Fwp%2Fv2%2Fcomments&post=541"}],"version-history":[{"count":15,"href":"https:\/\/ltbc.fr\/index.php?rest_route=\/wp\/v2\/pages\/541\/revisions"}],"predecessor-version":[{"id":2101,"href":"https:\/\/ltbc.fr\/index.php?rest_route=\/wp\/v2\/pages\/541\/revisions\/2101"}],"up":[{"embeddable":true,"href":"https:\/\/ltbc.fr\/index.php?rest_route=\/wp\/v2\/pages\/310"}],"wp:attachment":[{"href":"https:\/\/ltbc.fr\/index.php?rest_route=%2Fwp%2Fv2%2Fmedia&parent=541"}],"curies":[{"name":"wp","href":"https:\/\/api.w.org\/{rel}","templated":true}]}}