{"id":557,"date":"2010-02-11T16:42:48","date_gmt":"2010-02-11T15:42:48","guid":{"rendered":"http:\/\/ltbc.fr\/?page_id=557"},"modified":"2022-01-06T22:01:12","modified_gmt":"2022-01-06T21:01:12","slug":"christian","status":"publish","type":"page","link":"https:\/\/ltbc.fr\/?page_id=557","title":{"rendered":"Christian"},"content":{"rendered":"\n<p>Lors d&rsquo;une exposition \u00e0 la m\u00e9diath\u00e8que de Brive<\/p>\n\n\n\n<figure class=\"wp-block-embed is-type-video is-provider-youtube wp-block-embed-youtube wp-embed-aspect-16-9 wp-has-aspect-ratio\"><div class=\"wp-block-embed__wrapper\">\n<iframe loading=\"lazy\"  id=\"_ytid_44529\"  width=\"640\" height=\"360\"  data-origwidth=\"640\" data-origheight=\"360\" src=\"https:\/\/www.youtube.com\/embed\/dh0mnyI8ijo?enablejsapi=1&#038;autoplay=0&#038;cc_load_policy=0&#038;cc_lang_pref=&#038;iv_load_policy=1&#038;loop=0&#038;modestbranding=0&#038;rel=1&#038;fs=1&#038;playsinline=0&#038;autohide=2&#038;theme=dark&#038;color=red&#038;controls=1&#038;\" class=\"__youtube_prefs__  epyt-is-override  no-lazyload\" title=\"YouTube player\"  allow=\"accelerometer; autoplay; clipboard-write; encrypted-media; gyroscope; picture-in-picture\" allowfullscreen data-no-lazy=\"1\" data-skipgform_ajax_framebjll=\"\"><\/iframe>\n<\/div><\/figure>\n\n\n\n<p>Le r\u00e9seau de Christian lors de la Foire \u00e0 Tout ce qui Roule de Noailhac<\/p>\n\n\n\n<figure class=\"wp-block-embed is-type-video is-provider-youtube wp-block-embed-youtube wp-embed-aspect-16-9 wp-has-aspect-ratio\"><div class=\"wp-block-embed__wrapper\">\n<iframe loading=\"lazy\"  id=\"_ytid_16056\"  width=\"640\" height=\"360\"  data-origwidth=\"640\" data-origheight=\"360\" src=\"https:\/\/www.youtube.com\/embed\/M3POzX77WqI?enablejsapi=1&#038;autoplay=0&#038;cc_load_policy=0&#038;cc_lang_pref=&#038;iv_load_policy=1&#038;loop=0&#038;modestbranding=0&#038;rel=1&#038;fs=1&#038;playsinline=0&#038;autohide=2&#038;theme=dark&#038;color=red&#038;controls=1&#038;\" class=\"__youtube_prefs__  epyt-is-override  no-lazyload\" title=\"YouTube player\"  allow=\"accelerometer; autoplay; clipboard-write; encrypted-media; gyroscope; picture-in-picture\" allowfullscreen data-no-lazy=\"1\" data-skipgform_ajax_framebjll=\"\"><\/iframe>\n<\/div><\/figure>\n\n\n\n<p>Le r\u00e9seau de Christian, \u00e0 l&rsquo;echelle I, lors de l&rsquo;exposition de Rabastens<\/p>\n\n\n\n<figure class=\"wp-block-embed is-type-video is-provider-youtube wp-block-embed-youtube wp-embed-aspect-16-9 wp-has-aspect-ratio\"><div class=\"wp-block-embed__wrapper\">\n<iframe loading=\"lazy\"  id=\"_ytid_53766\"  width=\"640\" height=\"360\"  data-origwidth=\"640\" data-origheight=\"360\" src=\"https:\/\/www.youtube.com\/embed\/Ot1sonn_QCQ?enablejsapi=1&#038;autoplay=0&#038;cc_load_policy=0&#038;cc_lang_pref=&#038;iv_load_policy=1&#038;loop=0&#038;modestbranding=0&#038;rel=1&#038;fs=1&#038;playsinline=0&#038;autohide=2&#038;theme=dark&#038;color=red&#038;controls=1&#038;\" class=\"__youtube_prefs__  epyt-is-override  no-lazyload\" title=\"YouTube player\"  allow=\"accelerometer; autoplay; clipboard-write; encrypted-media; gyroscope; picture-in-picture\" allowfullscreen data-no-lazy=\"1\" data-skipgform_ajax_framebjll=\"\"><\/iframe>\n<\/div><\/figure>\n\n\n\n<p>La 231 Altaya termin\u00e9e<\/p>\n\n\n\n<figure class=\"wp-block-embed is-type-video is-provider-youtube wp-block-embed-youtube wp-embed-aspect-16-9 wp-has-aspect-ratio\"><div class=\"wp-block-embed__wrapper\">\n<iframe loading=\"lazy\"  id=\"_ytid_48089\"  width=\"640\" height=\"360\"  data-origwidth=\"640\" data-origheight=\"360\" src=\"https:\/\/www.youtube.com\/embed\/gMN1pmZIRIc?enablejsapi=1&#038;autoplay=0&#038;cc_load_policy=0&#038;cc_lang_pref=&#038;iv_load_policy=1&#038;loop=0&#038;modestbranding=0&#038;rel=1&#038;fs=1&#038;playsinline=0&#038;autohide=2&#038;theme=dark&#038;color=red&#038;controls=1&#038;\" class=\"__youtube_prefs__  epyt-is-override  no-lazyload\" title=\"YouTube player\"  allow=\"accelerometer; autoplay; clipboard-write; encrypted-media; gyroscope; picture-in-picture\" allowfullscreen data-no-lazy=\"1\" data-skipgform_ajax_framebjll=\"\"><\/iframe>\n<\/div><\/figure>\n\n\n\n<p>La 231-6001 du PLM; la machine est fabriqu\u00e9e \u00e0 partir du kit Altaya, le tender est une construction personnelle. L&rsquo;ensemble a une longueur, hors tampons, de 1,20m.<\/p>\n\n\n\n<figure class=\"wp-block-image\"><a href=\"http:\/\/ltbc.fr\/wp-content\/uploads\/2010\/02\/Christian1.jpg\"><img loading=\"lazy\" decoding=\"async\" width=\"300\" height=\"200\" src=\"http:\/\/ltbc.fr\/wp-content\/uploads\/2010\/02\/Christian1-300x200.jpg\" alt=\"\" class=\"wp-image-561\" title=\"Christian1\" srcset=\"https:\/\/ltbc.fr\/wp-content\/uploads\/2010\/02\/Christian1-300x200.jpg 300w, https:\/\/ltbc.fr\/wp-content\/uploads\/2010\/02\/Christian1-1024x682.jpg 1024w, https:\/\/ltbc.fr\/wp-content\/uploads\/2010\/02\/Christian1.jpg 1600w\" sizes=\"auto, (max-width: 300px) 100vw, 300px\" \/><\/a><\/figure>\n\n\n\n<figure class=\"wp-block-image\"><a href=\"http:\/\/ltbc.fr\/wp-content\/uploads\/2010\/02\/Christian2.jpg\"><img loading=\"lazy\" decoding=\"async\" width=\"300\" height=\"200\" src=\"http:\/\/ltbc.fr\/wp-content\/uploads\/2010\/02\/Christian2-300x200.jpg\" alt=\"\" class=\"wp-image-562\" title=\"Christian2\" srcset=\"https:\/\/ltbc.fr\/wp-content\/uploads\/2010\/02\/Christian2-300x200.jpg 300w, https:\/\/ltbc.fr\/wp-content\/uploads\/2010\/02\/Christian2-1024x682.jpg 1024w, https:\/\/ltbc.fr\/wp-content\/uploads\/2010\/02\/Christian2.jpg 1600w\" sizes=\"auto, (max-width: 300px) 100vw, 300px\" \/><\/a><\/figure>\n\n\n\n<figure class=\"wp-block-image\"><a href=\"http:\/\/ltbc.fr\/wp-content\/uploads\/2010\/02\/Christian3.jpg\"><img loading=\"lazy\" decoding=\"async\" width=\"300\" height=\"200\" src=\"http:\/\/ltbc.fr\/wp-content\/uploads\/2010\/02\/Christian3-300x200.jpg\" alt=\"\" class=\"wp-image-563\" title=\"Christian3\" srcset=\"https:\/\/ltbc.fr\/wp-content\/uploads\/2010\/02\/Christian3-300x200.jpg 300w, https:\/\/ltbc.fr\/wp-content\/uploads\/2010\/02\/Christian3-1024x682.jpg 1024w, https:\/\/ltbc.fr\/wp-content\/uploads\/2010\/02\/Christian3.jpg 1600w\" sizes=\"auto, (max-width: 300px) 100vw, 300px\" \/><\/a><\/figure>\n\n\n\n<figure class=\"wp-block-image\"><a href=\"http:\/\/ltbc.fr\/wp-content\/uploads\/2010\/02\/Christian4.jpg\"><img loading=\"lazy\" decoding=\"async\" width=\"300\" height=\"200\" src=\"http:\/\/ltbc.fr\/wp-content\/uploads\/2010\/02\/Christian4-300x200.jpg\" alt=\"\" class=\"wp-image-564\" title=\"Christian4\" srcset=\"https:\/\/ltbc.fr\/wp-content\/uploads\/2010\/02\/Christian4-300x200.jpg 300w, https:\/\/ltbc.fr\/wp-content\/uploads\/2010\/02\/Christian4-1024x682.jpg 1024w, https:\/\/ltbc.fr\/wp-content\/uploads\/2010\/02\/Christian4.jpg 1600w\" sizes=\"auto, (max-width: 300px) 100vw, 300px\" \/><\/a><\/figure>\n\n\n\n<figure class=\"wp-block-image\"><a href=\"http:\/\/ltbc.fr\/wp-content\/uploads\/2010\/02\/Christian5.jpg\"><img loading=\"lazy\" decoding=\"async\" width=\"300\" height=\"200\" src=\"http:\/\/ltbc.fr\/wp-content\/uploads\/2010\/02\/Christian5-300x200.jpg\" alt=\"\" class=\"wp-image-565\" title=\"Christian5\" srcset=\"https:\/\/ltbc.fr\/wp-content\/uploads\/2010\/02\/Christian5-300x200.jpg 300w, https:\/\/ltbc.fr\/wp-content\/uploads\/2010\/02\/Christian5-1024x682.jpg 1024w, https:\/\/ltbc.fr\/wp-content\/uploads\/2010\/02\/Christian5.jpg 1600w\" sizes=\"auto, (max-width: 300px) 100vw, 300px\" \/><\/a><\/figure>\n\n\n\n<figure class=\"wp-block-image\"><a href=\"http:\/\/ltbc.fr\/wp-content\/uploads\/2010\/02\/Christian6.jpg\"><img loading=\"lazy\" decoding=\"async\" width=\"300\" height=\"200\" src=\"http:\/\/ltbc.fr\/wp-content\/uploads\/2010\/02\/Christian6-300x200.jpg\" alt=\"\" class=\"wp-image-566\" title=\"Christian6\" srcset=\"https:\/\/ltbc.fr\/wp-content\/uploads\/2010\/02\/Christian6-300x200.jpg 300w, https:\/\/ltbc.fr\/wp-content\/uploads\/2010\/02\/Christian6-1024x682.jpg 1024w, https:\/\/ltbc.fr\/wp-content\/uploads\/2010\/02\/Christian6.jpg 1600w\" sizes=\"auto, (max-width: 300px) 100vw, 300px\" \/><\/a><\/figure>\n\n\n\n<figure class=\"wp-block-image\"><a href=\"http:\/\/ltbc.fr\/wp-content\/uploads\/2010\/02\/Christian7.jpg\"><img loading=\"lazy\" decoding=\"async\" width=\"300\" height=\"200\" src=\"http:\/\/ltbc.fr\/wp-content\/uploads\/2010\/02\/Christian7-300x200.jpg\" alt=\"\" class=\"wp-image-567\" title=\"Christian7\" srcset=\"https:\/\/ltbc.fr\/wp-content\/uploads\/2010\/02\/Christian7-300x200.jpg 300w, https:\/\/ltbc.fr\/wp-content\/uploads\/2010\/02\/Christian7-1024x682.jpg 1024w, https:\/\/ltbc.fr\/wp-content\/uploads\/2010\/02\/Christian7.jpg 1600w\" sizes=\"auto, (max-width: 300px) 100vw, 300px\" \/><\/a><\/figure>\n\n\n\n<p>________________________________________________<\/p>\n\n\n\n<p>La 231G-558 d&rsquo;Altaya, en cours de construction<\/p>\n\n\n\n<p>Le 10\/02\/2010 :<\/p>\n\n\n\n<figure class=\"wp-block-image\"><a href=\"http:\/\/ltbc.fr\/wp-content\/uploads\/2010\/02\/Christian8.jpg\"><img loading=\"lazy\" decoding=\"async\" width=\"300\" height=\"199\" src=\"http:\/\/ltbc.fr\/wp-content\/uploads\/2010\/02\/Christian8-300x199.jpg\" alt=\"\" class=\"wp-image-569\" title=\"Christian8\" srcset=\"https:\/\/ltbc.fr\/wp-content\/uploads\/2010\/02\/Christian8-300x199.jpg 300w, https:\/\/ltbc.fr\/wp-content\/uploads\/2010\/02\/Christian8-1024x682.jpg 1024w, https:\/\/ltbc.fr\/wp-content\/uploads\/2010\/02\/Christian8.jpg 1600w\" sizes=\"auto, (max-width: 300px) 100vw, 300px\" \/><\/a><\/figure>\n\n\n\n<figure class=\"wp-block-image\"><a href=\"http:\/\/ltbc.fr\/wp-content\/uploads\/2010\/02\/Christian9.jpg\"><img loading=\"lazy\" decoding=\"async\" width=\"300\" height=\"200\" src=\"http:\/\/ltbc.fr\/wp-content\/uploads\/2010\/02\/Christian9-300x200.jpg\" alt=\"\" class=\"wp-image-570\" title=\"Christian9\" srcset=\"https:\/\/ltbc.fr\/wp-content\/uploads\/2010\/02\/Christian9-300x200.jpg 300w, https:\/\/ltbc.fr\/wp-content\/uploads\/2010\/02\/Christian9-1024x682.jpg 1024w, https:\/\/ltbc.fr\/wp-content\/uploads\/2010\/02\/Christian9.jpg 1600w\" sizes=\"auto, (max-width: 300px) 100vw, 300px\" \/><\/a><\/figure>\n\n\n\n<p>_________________________________________________<\/p>\n\n\n\n<p>Laissons la parole \u00e0 Christian : <\/p>\n\n\n\n<p><em>\u00ab\u00a0Je m&rsquo;int\u00e9resse aussi \u00e0 la construction de bateaux. Ceux-ci ont \u00e9t\u00e9 parfois pr\u00e9sent\u00e9s lors d&rsquo;exposition ferroviaires or<\/em>ganis\u00e9e par le Club, comme \u00e0 Conc\u00e8ze en mars 2009.<\/p>\n\n\n\n<p><em>Tout d&rsquo;abord la reproduction du Charles-de-Gaulle immatricul\u00e9 R91, porte-avions \u00e0 dissuasion et propulsion nucl\u00e9air<\/em>es.<\/p>\n\n\n\n<p><em>Le b\u00e2timent r\u00e9el mesure 261,50 m de long pour une largeur de 64,36 m et une hauteur de 75,00 m. Sa masse est de 40600 tonnes. L&rsquo;\u00e9quipage est de 1950 personnes environ, et il peut embarquer, en compl\u00e9ment, 800 militaires en tran<\/em>sport de troupes.<\/p>\n\n\n\n<p><em>La surface<\/em> du pont d&rsquo;envol est de 12000 m\u00b2, et celle des hangars a\u00e9ronefs est de 4600 m\u00b2.<\/p>\n\n\n\n<p><em>Son parc a\u00e9rien atteint les 40 a\u00e9ronefs, de type Rafale Marine, Super-Etendard, avion de surveillance a\u00e9rienne et de commandement Hawkeye, et h\u00e9licopt\u00e8<\/em>re Dauphin.<\/p>\n\n\n\n<p><em>La maquette est une construction int\u00e9grale \u00e0 partir des plans. Son \u00e9chelle est au 1\/100\u00e8me\u00a0\u00bb<\/em><\/p>\n\n\n\n<div class=\"wp-block-image\"><figure class=\"alignleft\"><a href=\"http:\/\/ltbc.fr\/wp-content\/uploads\/2010\/02\/Christian10.jpg\"><img loading=\"lazy\" decoding=\"async\" width=\"300\" height=\"104\" src=\"http:\/\/ltbc.fr\/wp-content\/uploads\/2010\/02\/Christian10-300x104.jpg\" alt=\"Vue d'ensemble\" class=\"wp-image-572\" srcset=\"https:\/\/ltbc.fr\/wp-content\/uploads\/2010\/02\/Christian10-300x104.jpg 300w, https:\/\/ltbc.fr\/wp-content\/uploads\/2010\/02\/Christian10-1024x355.jpg 1024w, https:\/\/ltbc.fr\/wp-content\/uploads\/2010\/02\/Christian10.jpg 1600w\" sizes=\"auto, (max-width: 300px) 100vw, 300px\" \/><\/a><figcaption>Vue d&rsquo;ensemble<\/figcaption><\/figure><\/div>\n\n\n\n<div class=\"wp-block-image\"><figure class=\"alignleft\"><a href=\"http:\/\/ltbc.fr\/wp-content\/uploads\/2010\/02\/Christian11.jpg\"><img loading=\"lazy\" decoding=\"async\" width=\"300\" height=\"184\" src=\"http:\/\/ltbc.fr\/wp-content\/uploads\/2010\/02\/Christian11-300x184.jpg\" alt=\"Vue 3\/4 avant\" class=\"wp-image-573\" srcset=\"https:\/\/ltbc.fr\/wp-content\/uploads\/2010\/02\/Christian11-300x184.jpg 300w, https:\/\/ltbc.fr\/wp-content\/uploads\/2010\/02\/Christian11-1024x629.jpg 1024w, https:\/\/ltbc.fr\/wp-content\/uploads\/2010\/02\/Christian11.jpg 1600w\" sizes=\"auto, (max-width: 300px) 100vw, 300px\" \/><\/a><figcaption>Vue 3\/4 avant<\/figcaption><\/figure><\/div>\n\n\n\n<div class=\"wp-block-image\"><figure class=\"alignleft\"><a href=\"http:\/\/ltbc.fr\/wp-content\/uploads\/2010\/02\/Christian12.jpg\"><img loading=\"lazy\" decoding=\"async\" width=\"300\" height=\"199\" src=\"http:\/\/ltbc.fr\/wp-content\/uploads\/2010\/02\/Christian12-300x199.jpg\" alt=\"Le pont d'envol\" class=\"wp-image-574\" srcset=\"https:\/\/ltbc.fr\/wp-content\/uploads\/2010\/02\/Christian12-300x199.jpg 300w, https:\/\/ltbc.fr\/wp-content\/uploads\/2010\/02\/Christian12-1024x682.jpg 1024w, https:\/\/ltbc.fr\/wp-content\/uploads\/2010\/02\/Christian12.jpg 1600w\" sizes=\"auto, (max-width: 300px) 100vw, 300px\" \/><\/a><figcaption>Le pont d&rsquo;envol<\/figcaption><\/figure><\/div>\n\n\n\n<div class=\"wp-block-image\"><figure class=\"alignleft\"><a href=\"http:\/\/ltbc.fr\/wp-content\/uploads\/2010\/02\/Christian13.jpg\"><img loading=\"lazy\" decoding=\"async\" width=\"200\" height=\"300\" src=\"http:\/\/ltbc.fr\/wp-content\/uploads\/2010\/02\/Christian13-200x300.jpg\" alt=\"L'il\u00f4t, servant entre autres de tour de contr\u00f4le\" class=\"wp-image-575\" srcset=\"https:\/\/ltbc.fr\/wp-content\/uploads\/2010\/02\/Christian13-200x300.jpg 200w, https:\/\/ltbc.fr\/wp-content\/uploads\/2010\/02\/Christian13-682x1024.jpg 682w, https:\/\/ltbc.fr\/wp-content\/uploads\/2010\/02\/Christian13.jpg 1067w\" sizes=\"auto, (max-width: 200px) 100vw, 200px\" \/><\/a><figcaption>L&rsquo;il\u00f4t servant entre autres de tour de contr\u00f4le et de passerelle de commandement<\/figcaption><\/figure><\/div>\n\n\n\n<div class=\"wp-block-image\"><figure class=\"alignleft\"><a href=\"http:\/\/ltbc.fr\/wp-content\/uploads\/2010\/02\/Christian14.jpg\"><img loading=\"lazy\" decoding=\"async\" width=\"300\" height=\"199\" src=\"http:\/\/ltbc.fr\/wp-content\/uploads\/2010\/02\/Christian14-300x199.jpg\" alt=\"Un des monte-charges\" class=\"wp-image-576\" srcset=\"https:\/\/ltbc.fr\/wp-content\/uploads\/2010\/02\/Christian14-300x199.jpg 300w, https:\/\/ltbc.fr\/wp-content\/uploads\/2010\/02\/Christian14-1024x682.jpg 1024w, https:\/\/ltbc.fr\/wp-content\/uploads\/2010\/02\/Christian14.jpg 1600w\" sizes=\"auto, (max-width: 300px) 100vw, 300px\" \/><\/a><figcaption>L&rsquo;un des monte-charges pour les avions<\/figcaption><\/figure><\/div>\n\n\n\n<div class=\"wp-block-image\"><figure class=\"alignleft\"><a href=\"http:\/\/ltbc.fr\/wp-content\/uploads\/2010\/02\/Christian15.jpg\"><img loading=\"lazy\" decoding=\"async\" width=\"300\" height=\"199\" src=\"http:\/\/ltbc.fr\/wp-content\/uploads\/2010\/02\/Christian15-300x199.jpg\" alt=\"L'autre monte-charges\" class=\"wp-image-577\" srcset=\"https:\/\/ltbc.fr\/wp-content\/uploads\/2010\/02\/Christian15-300x199.jpg 300w, https:\/\/ltbc.fr\/wp-content\/uploads\/2010\/02\/Christian15-1024x682.jpg 1024w, https:\/\/ltbc.fr\/wp-content\/uploads\/2010\/02\/Christian15.jpg 1600w\" sizes=\"auto, (max-width: 300px) 100vw, 300px\" \/><\/a><figcaption>Le second monte-charges<\/figcaption><\/figure><\/div>\n\n\n\n<div class=\"wp-block-image\"><figure class=\"alignleft\"><a href=\"http:\/\/ltbc.fr\/wp-content\/uploads\/2010\/02\/Christian16.jpg\"><img loading=\"lazy\" decoding=\"async\" width=\"300\" height=\"200\" src=\"http:\/\/ltbc.fr\/wp-content\/uploads\/2010\/02\/Christian16-300x200.jpg\" alt=\"Le Hawkeye\" class=\"wp-image-578\" srcset=\"https:\/\/ltbc.fr\/wp-content\/uploads\/2010\/02\/Christian16-300x200.jpg 300w, https:\/\/ltbc.fr\/wp-content\/uploads\/2010\/02\/Christian16-1024x682.jpg 1024w, https:\/\/ltbc.fr\/wp-content\/uploads\/2010\/02\/Christian16.jpg 1600w\" sizes=\"auto, (max-width: 300px) 100vw, 300px\" \/><\/a><figcaption>Le Hawkeye<\/figcaption><\/figure><\/div>\n\n\n\n<div class=\"wp-block-image\"><figure class=\"alignleft\"><a href=\"http:\/\/ltbc.fr\/wp-content\/uploads\/2010\/02\/Christian17.jpg\"><img loading=\"lazy\" decoding=\"async\" width=\"300\" height=\"199\" src=\"http:\/\/ltbc.fr\/wp-content\/uploads\/2010\/02\/Christian17-300x199.jpg\" alt=\"Un avion, pr\u00eat \u00e0 decoller\" class=\"wp-image-579\" srcset=\"https:\/\/ltbc.fr\/wp-content\/uploads\/2010\/02\/Christian17-300x199.jpg 300w, https:\/\/ltbc.fr\/wp-content\/uploads\/2010\/02\/Christian17-1024x682.jpg 1024w, https:\/\/ltbc.fr\/wp-content\/uploads\/2010\/02\/Christian17.jpg 1600w\" sizes=\"auto, (max-width: 300px) 100vw, 300px\" \/><\/a><figcaption>Un avion va d\u00e9coller<\/figcaption><\/figure><\/div>\n\n\n\n<p>____________________________________________________________<\/p>\n\n\n\n<div class=\"wp-block-image\"><figure class=\"alignleft\"><a href=\"http:\/\/ltbc.fr\/wp-content\/uploads\/2010\/02\/Christian18.jpg\"><img loading=\"lazy\" decoding=\"async\" width=\"300\" height=\"135\" src=\"http:\/\/ltbc.fr\/wp-content\/uploads\/2010\/02\/Christian18-300x135.jpg\" alt=\"\" class=\"wp-image-583\" title=\"Christian18\" srcset=\"https:\/\/ltbc.fr\/wp-content\/uploads\/2010\/02\/Christian18-300x135.jpg 300w, https:\/\/ltbc.fr\/wp-content\/uploads\/2010\/02\/Christian18-1024x460.jpg 1024w, https:\/\/ltbc.fr\/wp-content\/uploads\/2010\/02\/Christian18.jpg 1600w\" sizes=\"auto, (max-width: 300px) 100vw, 300px\" \/><\/a><\/figure><\/div>\n\n\n\n<p><em>\u00ab\u00a0La fr\u00e9gate De Grasse immatricul\u00e9e D612. Il s&rsquo;agit d&rsquo;une fr\u00e9gate anti-sous-marins du type F67 \u00e9quip\u00e9e d&rsquo;un syst\u00e8me Crotale anti-a\u00e9rien, de missiles Exocet anti-navires, et de torpilles anti-sous-marins. Sa longueur est de 152,75m, sa largeur 15,80m, son tirant d&rsquo;eau 6,60m et son tirant d&rsquo;air 43,20m.<\/em><\/p>\n\n\n\n<p><em>La maquette est \u00e9galement une construction int\u00e9grale \u00e0 partir des plans, \u00e0 l&rsquo;\u00e9chelle 1\/100\u00e8me<\/em>\u00ab\u00a0<\/p>\n\n\n\n<p><\/p>\n\n\n\n<p><\/p>\n\n\n\n<p><\/p>\n\n\n\n<p>&#8211;<\/p>\n\n\n\n<p>&#8211;<\/p>\n\n\n\n<p>&#8211;<\/p>\n\n\n\n<p>______________________________________________<\/p>\n\n\n\n<p><\/p>\n\n\n\n<p><\/p>\n\n\n\n<p>Une ancienne vid\u00e9o, tourn\u00e9e, je crois, par Marcel Soissons<\/p>\n\n\n<iframe loading=\"lazy\"  id=\"_ytid_74371\"  width=\"640\" height=\"360\"  data-origwidth=\"640\" data-origheight=\"360\" src=\"https:\/\/www.youtube.com\/embed\/-HUW9xe88rg?enablejsapi=1&autoplay=0&cc_load_policy=0&cc_lang_pref=&iv_load_policy=1&loop=0&modestbranding=0&rel=1&fs=1&playsinline=0&autohide=2&theme=dark&color=red&controls=1&\" class=\"__youtube_prefs__  no-lazyload\" title=\"YouTube player\"  allow=\"accelerometer; autoplay; clipboard-write; encrypted-media; gyroscope; picture-in-picture\" allowfullscreen data-no-lazy=\"1\" data-skipgform_ajax_framebjll=\"\"><\/iframe>\n","protected":false},"excerpt":{"rendered":"\n<p>Lors d&rsquo;une exposition \u00e0 la m\u00e9diath\u00e8que de Brive<\/p>\n<p>Le r\u00e9seau de Christian lors de la Foire \u00e0 Tout ce qui Roule de Noailhac<\/p>\n<p>Le r\u00e9seau de Christian, \u00e0 l&rsquo;echelle I, lors de l&rsquo;exposition de Rabastens<\/p>\n<p>La 231 Altaya termin\u00e9e<\/p>\n<p>La 231-6001 du PLM; la machine est fabriqu\u00e9e \u00e0 partir du kit Altaya, le tender [&#8230;]<\/p>\n","protected":false},"author":1,"featured_media":0,"parent":310,"menu_order":0,"comment_status":"open","ping_status":"open","template":"","meta":{"_monsterinsights_skip_tracking":false,"_monsterinsights_sitenote_active":false,"_monsterinsights_sitenote_note":"","_monsterinsights_sitenote_category":0,"footnotes":""},"class_list":["post-557","page","type-page","status-publish","hentry","odd"],"aioseo_notices":[],"_links":{"self":[{"href":"https:\/\/ltbc.fr\/index.php?rest_route=\/wp\/v2\/pages\/557","targetHints":{"allow":["GET"]}}],"collection":[{"href":"https:\/\/ltbc.fr\/index.php?rest_route=\/wp\/v2\/pages"}],"about":[{"href":"https:\/\/ltbc.fr\/index.php?rest_route=\/wp\/v2\/types\/page"}],"author":[{"embeddable":true,"href":"https:\/\/ltbc.fr\/index.php?rest_route=\/wp\/v2\/users\/1"}],"replies":[{"embeddable":true,"href":"https:\/\/ltbc.fr\/index.php?rest_route=%2Fwp%2Fv2%2Fcomments&post=557"}],"version-history":[{"count":23,"href":"https:\/\/ltbc.fr\/index.php?rest_route=\/wp\/v2\/pages\/557\/revisions"}],"predecessor-version":[{"id":3243,"href":"https:\/\/ltbc.fr\/index.php?rest_route=\/wp\/v2\/pages\/557\/revisions\/3243"}],"up":[{"embeddable":true,"href":"https:\/\/ltbc.fr\/index.php?rest_route=\/wp\/v2\/pages\/310"}],"wp:attachment":[{"href":"https:\/\/ltbc.fr\/index.php?rest_route=%2Fwp%2Fv2%2Fmedia&parent=557"}],"curies":[{"name":"wp","href":"https:\/\/api.w.org\/{rel}","templated":true}]}}