{"id":948,"date":"2010-03-19T21:01:06","date_gmt":"2010-03-19T20:01:06","guid":{"rendered":"http:\/\/ltbc.fr\/?page_id=948"},"modified":"2010-03-19T21:01:06","modified_gmt":"2010-03-19T20:01:06","slug":"le-viaduc-des-rochers-noirs-2","status":"publish","type":"page","link":"https:\/\/ltbc.fr\/?page_id=948","title":{"rendered":"Le Viaduc des Rochers Noirs"},"content":{"rendered":"<p>Il s&rsquo;agit de l&rsquo;ouvrage le plus remarquable de la ligne Tulle-Ussel des anciens tramways de la Corr\u00e8ze. Il a \u00e9t\u00e9 construit pour franchir la vall\u00e9e de la Luz\u00e8ge, entre Lapleau et Soursac.<\/p>\n<p style=\"text-align: center;\"><a href=\"http:\/\/ltbc.fr\/wp-content\/uploads\/2010\/03\/CarteMichelin2.jpg\"><img loading=\"lazy\" decoding=\"async\" class=\"size-medium wp-image-874 aligncenter\" title=\"CarteMichelin\" src=\"http:\/\/ltbc.fr\/wp-content\/uploads\/2010\/03\/CarteMichelin2-300x300.jpg\" alt=\"\" width=\"229\" height=\"229\" srcset=\"https:\/\/ltbc.fr\/wp-content\/uploads\/2010\/03\/CarteMichelin2-300x300.jpg 300w, https:\/\/ltbc.fr\/wp-content\/uploads\/2010\/03\/CarteMichelin2-150x150.jpg 150w, https:\/\/ltbc.fr\/wp-content\/uploads\/2010\/03\/CarteMichelin2.jpg 700w\" sizes=\"auto, (max-width: 229px) 100vw, 229px\" \/><\/a><\/p>\n<p>Appel\u00e9 soit le Viaduc des Rochers Noirs (c\u00f4t\u00e9 Lapleau), soit le Viaduc de la Roche Taillade ou Roche Taillad\u00e9e (c\u00f4t\u00e9 Soursac), cet ouvrage magnifique est situ\u00e9 dans un site exceptionnel, ce qui lui a valu r\u00e9cemment le titre non officiel mais bien m\u00e9rit\u00e9 de Roi de la Vall\u00e9e (Cliquez sur les images pour les agrandir).<\/p>\n<p><a href=\"http:\/\/ltbc.fr\/wp-content\/uploads\/2010\/03\/RoiDeLaVallee.jpg\"><img loading=\"lazy\" decoding=\"async\" class=\"size-thumbnail wp-image-866 alignleft\" title=\"RoiDeLaVallee\" src=\"http:\/\/ltbc.fr\/wp-content\/uploads\/2010\/03\/RoiDeLaVallee-150x150.jpg\" alt=\"\" width=\"150\" height=\"150\" \/><\/a><\/p>\n<p style=\"text-align: center;\"><a href=\"http:\/\/ltbc.fr\/wp-content\/uploads\/2010\/03\/VueVallee1.jpg\"><img loading=\"lazy\" decoding=\"async\" class=\"aligncenter size-large wp-image-876\" title=\"VueVallee\" src=\"http:\/\/ltbc.fr\/wp-content\/uploads\/2010\/03\/VueVallee1-1024x682.jpg\" alt=\"\" width=\"603\" height=\"401\" srcset=\"https:\/\/ltbc.fr\/wp-content\/uploads\/2010\/03\/VueVallee1-1024x682.jpg 1024w, https:\/\/ltbc.fr\/wp-content\/uploads\/2010\/03\/VueVallee1-300x200.jpg 300w, https:\/\/ltbc.fr\/wp-content\/uploads\/2010\/03\/VueVallee1.jpg 1600w\" sizes=\"auto, (max-width: 603px) 100vw, 603px\" \/><\/a><\/p>\n<p style=\"text-align: left;\">Il a \u00e9t\u00e9 construit juste avant la guerre, de 1911 \u00e0 1913<\/p>\n<p style=\"text-align: left;\">\n<p style=\"text-align: left;\"><a href=\"http:\/\/ltbc.fr\/wp-content\/uploads\/2010\/03\/Panneau13.jpg\"><img loading=\"lazy\" decoding=\"async\" class=\"alignleft size-full wp-image-889\" title=\"Panneau1\" src=\"http:\/\/ltbc.fr\/wp-content\/uploads\/2010\/03\/Panneau13.jpg\" alt=\"\" width=\"426\" height=\"344\" \/><\/a><a href=\"http:\/\/ltbc.fr\/wp-content\/uploads\/2010\/03\/Panneau2.jpg\"><img loading=\"lazy\" decoding=\"async\" class=\"alignright size-full wp-image-887\" title=\"Panneau2\" src=\"http:\/\/ltbc.fr\/wp-content\/uploads\/2010\/03\/Panneau2.jpg\" alt=\"\" width=\"461\" height=\"346\" \/><\/a><\/p>\n<p style=\"text-align: left;\">\n<p style=\"text-align: center;\">\n<p style=\"text-align: center;\">\n<p style=\"text-align: center;\">\n<p style=\"text-align: center;\">\n<p style=\"text-align: center;\">\n<p style=\"text-align: center;\">\n<p style=\"text-align: center;\">\n<p style=\"text-align: center;\">\n<p style=\"text-align: center;\">\n<p style=\"text-align: center;\">\n<p style=\"text-align: left;\">Quelques caract\u00e9ristiques :<\/p>\n<p style=\"text-align: left;\">\n<p style=\"text-align: left;\">Trav\u00e9es de 153,375 m entre les parements de cul\u00e9es.<\/p>\n<p style=\"text-align: left;\">Ecartement des axes des piles : 140 m.<\/p>\n<p style=\"text-align: left;\">La voie est \u00e0 92 m au dessus de la Luz\u00e8ge.<\/p>\n<p style=\"text-align: left;\">S&rsquo;il vous vient l&rsquo;id\u00e9e de monter au sommet des piles, vous serez 20 m au dessus de la voie.<\/p>\n<p style=\"text-align: left;\">Le viaduc a \u00e9t\u00e9 calcul\u00e9 pour supporter le passage d&rsquo;un train de 137,5 t.<\/p>\n<p style=\"text-align: left;\">Le plan :<\/p>\n<p style=\"text-align: left;\"><a href=\"http:\/\/ltbc.fr\/wp-content\/uploads\/2010\/03\/Plan.jpg\"><img loading=\"lazy\" decoding=\"async\" class=\"alignnone size-large wp-image-891\" title=\"Plan\" src=\"http:\/\/ltbc.fr\/wp-content\/uploads\/2010\/03\/Plan-1024x641.jpg\" alt=\"\" width=\"930\" height=\"582\" srcset=\"https:\/\/ltbc.fr\/wp-content\/uploads\/2010\/03\/Plan-1024x641.jpg 1024w, https:\/\/ltbc.fr\/wp-content\/uploads\/2010\/03\/Plan-300x188.jpg 300w, https:\/\/ltbc.fr\/wp-content\/uploads\/2010\/03\/Plan.jpg 1600w\" sizes=\"auto, (max-width: 930px) 100vw, 930px\" \/><\/a><\/p>\n<p style=\"text-align: left;\">Ce plan se trouve dans le livre \u00a0\u00bb Les Petits Trains de Corr\u00e8ze \u00a0\u00bb par Michel Sorbier, dont une nouvelle \u00e9dition doit toujours \u00eatre disponible \u00e0 cette adresse :<\/p>\n<p>http:\/\/www.transcorrezien.com\/spip.php?rubrique7<\/p>\n<p style=\"text-align: left;\">Vous pouvez aussi cliquer sur l&rsquo;image pour y acc\u00e9der<a href=\"http:\/\/www.transcorrezien.com\/spip.php?rubrique7\"><img loading=\"lazy\" decoding=\"async\" class=\"size-thumbnail wp-image-894 aligncenter\" title=\"LivreSorbier\" src=\"http:\/\/ltbc.fr\/wp-content\/uploads\/2010\/03\/LivreSorbier-140x150.jpg\" alt=\"\" width=\"140\" height=\"150\" \/><\/a><\/p>\n<p style=\"text-align: left;\">\n<p style=\"text-align: left;\">\n<p style=\"text-align: left;\">Comme vous pouvez le remarquer sur le plan, les c\u00e2bles sont ancr\u00e9s dans la roche naturelle, en passant dans des galeries semi circulaires inclin\u00e9es \u00e0 79\u00b0.<\/p>\n<p style=\"text-align: left;\">On voit le d\u00e9bouch\u00e9 d&rsquo;une de ces galerie ici, cot\u00e9 Soursac:<\/p>\n<p style=\"text-align: left;\"><a href=\"http:\/\/ltbc.fr\/wp-content\/uploads\/2010\/03\/ancrages1.jpg\"><img loading=\"lazy\" decoding=\"async\" class=\"aligncenter size-full wp-image-896\" title=\"ancrages1\" src=\"http:\/\/ltbc.fr\/wp-content\/uploads\/2010\/03\/ancrages1.jpg\" alt=\"\" width=\"679\" height=\"451\" \/><\/a><\/p>\n<p style=\"text-align: left;\">Comme je voulais voir de plus pr\u00e8s comment c&rsquo;\u00e9tait fait, je suis all\u00e9 voir, c\u00f4t\u00e9 Lapleau :<\/p>\n<p style=\"text-align: left;\"><a href=\"http:\/\/ltbc.fr\/wp-content\/uploads\/2010\/03\/ancrages21.jpg\"><img loading=\"lazy\" decoding=\"async\" class=\"alignleft size-full wp-image-901\" title=\"ancrages2\" src=\"http:\/\/ltbc.fr\/wp-content\/uploads\/2010\/03\/ancrages21.jpg\" alt=\"\" width=\"440\" height=\"662\" \/><\/a><a href=\"http:\/\/ltbc.fr\/wp-content\/uploads\/2010\/03\/ancrages31.jpg\"><img loading=\"lazy\" decoding=\"async\" class=\"aligncenter size-full wp-image-903\" title=\"ancrages3\" src=\"http:\/\/ltbc.fr\/wp-content\/uploads\/2010\/03\/ancrages31.jpg\" alt=\"\" width=\"437\" height=\"658\" \/><\/a><\/p>\n<p style=\"text-align: left;\">\n<p style=\"text-align: left;\">\n<p style=\"text-align: left;\">\n<div id=\"attachment_908\" style=\"width: 567px\" class=\"wp-caption alignnone\"><a href=\"http:\/\/ltbc.fr\/wp-content\/uploads\/2010\/03\/ancrages5.jpg\"><img loading=\"lazy\" decoding=\"async\" aria-describedby=\"caption-attachment-908\" class=\"size-medium wp-image-908 \" title=\"ancrages5\" src=\"http:\/\/ltbc.fr\/wp-content\/uploads\/2010\/03\/ancrages5-300x199.jpg\" alt=\"\" width=\"557\" height=\"369\" srcset=\"https:\/\/ltbc.fr\/wp-content\/uploads\/2010\/03\/ancrages5-300x199.jpg 300w, https:\/\/ltbc.fr\/wp-content\/uploads\/2010\/03\/ancrages5-1024x680.jpg 1024w, https:\/\/ltbc.fr\/wp-content\/uploads\/2010\/03\/ancrages5.jpg 1600w\" sizes=\"auto, (max-width: 557px) 100vw, 557px\" \/><\/a><p id=\"caption-attachment-908\" class=\"wp-caption-text\">Attention \u00e0 la marche, devant ...<\/p><\/div>\n<div id=\"attachment_904\" style=\"width: 554px\" class=\"wp-caption alignnone\"><a href=\"http:\/\/ltbc.fr\/wp-content\/uploads\/2010\/03\/ancrages4.jpg\"><img loading=\"lazy\" decoding=\"async\" aria-describedby=\"caption-attachment-904\" class=\"size-full wp-image-904 \" title=\"ancrages4\" src=\"http:\/\/ltbc.fr\/wp-content\/uploads\/2010\/03\/ancrages4.jpg\" alt=\"\" width=\"544\" height=\"363\" \/><\/a><p id=\"caption-attachment-904\" class=\"wp-caption-text\">L&#39;int\u00e9rieur de la galerie d&#39;ancrage, remplie d&#39;eau<\/p><\/div>\n<p>Quand j&rsquo;ai  d\u00e9couvert ce viaduc, c&rsquo;\u00e9tait aux environ de l&rsquo;ann\u00e9e 1980. On pouvait  encore passer dessus en voiture.<\/p>\n<p>La premi\u00e8re fois que j&rsquo;y suis all\u00e9, je  suis arriv\u00e9 par le cot\u00e9 Soursac.<\/p>\n<p>Apr\u00e8s quelques passages en tranch\u00e9e<\/p>\n<p><a href=\"http:\/\/ltbc.fr\/wp-content\/uploads\/2010\/03\/S2.jpg\"><img loading=\"lazy\" decoding=\"async\" class=\"alignleft size-medium wp-image-922\" title=\"S2\" src=\"http:\/\/ltbc.fr\/wp-content\/uploads\/2010\/03\/S2-300x187.jpg\" alt=\"\" width=\"300\" height=\"187\" srcset=\"https:\/\/ltbc.fr\/wp-content\/uploads\/2010\/03\/S2-300x187.jpg 300w, https:\/\/ltbc.fr\/wp-content\/uploads\/2010\/03\/S2-1024x640.jpg 1024w, https:\/\/ltbc.fr\/wp-content\/uploads\/2010\/03\/S2.jpg 1600w\" sizes=\"auto, (max-width: 300px) 100vw, 300px\" \/><\/a><\/p>\n<p style=\"text-align: left;\">\n<p style=\"text-align: left;\">\n<p style=\"text-align: left;\">\n<p style=\"text-align: left;\">\n<p style=\"text-align: left;\">\n<p style=\"text-align: left;\">\n<p style=\"text-align: left;\">un premier tunnel, droit<\/p>\n<p style=\"text-align: left;\"><a href=\"http:\/\/ltbc.fr\/wp-content\/uploads\/2010\/03\/S1.jpg\"><img loading=\"lazy\" decoding=\"async\" class=\"alignleft size-medium wp-image-923\" title=\"S1\" src=\"http:\/\/ltbc.fr\/wp-content\/uploads\/2010\/03\/S1-300x225.jpg\" alt=\"\" width=\"300\" height=\"225\" srcset=\"https:\/\/ltbc.fr\/wp-content\/uploads\/2010\/03\/S1-300x225.jpg 300w, https:\/\/ltbc.fr\/wp-content\/uploads\/2010\/03\/S1-1024x768.jpg 1024w, https:\/\/ltbc.fr\/wp-content\/uploads\/2010\/03\/S1.jpg 1600w\" sizes=\"auto, (max-width: 300px) 100vw, 300px\" \/><\/a><\/p>\n<p style=\"text-align: left;\">\n<p style=\"text-align: left;\">\n<p style=\"text-align: left;\">\n<p style=\"text-align: left;\">\n<p style=\"text-align: left;\">\n<p style=\"text-align: left;\">\n<p style=\"text-align: left;\">\n<p style=\"text-align: left;\">\n<p style=\"text-align: left;\">puis la prise d&rsquo;eau d&rsquo;Aussinange<\/p>\n<p style=\"text-align: center;\"><a href=\"http:\/\/ltbc.fr\/wp-content\/uploads\/2010\/03\/S3.jpg\"><img loading=\"lazy\" decoding=\"async\" class=\"alignleft size-medium wp-image-924\" title=\"S3\" src=\"http:\/\/ltbc.fr\/wp-content\/uploads\/2010\/03\/S3-300x225.jpg\" alt=\"\" width=\"300\" height=\"225\" srcset=\"https:\/\/ltbc.fr\/wp-content\/uploads\/2010\/03\/S3-300x225.jpg 300w, https:\/\/ltbc.fr\/wp-content\/uploads\/2010\/03\/S3-1024x768.jpg 1024w, https:\/\/ltbc.fr\/wp-content\/uploads\/2010\/03\/S3.jpg 1600w\" sizes=\"auto, (max-width: 300px) 100vw, 300px\" \/><\/a><a href=\"http:\/\/ltbc.fr\/wp-content\/uploads\/2010\/03\/S4.jpg\"><img loading=\"lazy\" decoding=\"async\" class=\"size-medium wp-image-925 aligncenter\" title=\"S4\" src=\"http:\/\/ltbc.fr\/wp-content\/uploads\/2010\/03\/S4-225x300.jpg\" alt=\"\" width=\"225\" height=\"300\" srcset=\"https:\/\/ltbc.fr\/wp-content\/uploads\/2010\/03\/S4-225x300.jpg 225w, https:\/\/ltbc.fr\/wp-content\/uploads\/2010\/03\/S4-768x1024.jpg 768w, https:\/\/ltbc.fr\/wp-content\/uploads\/2010\/03\/S4.jpg 1200w\" sizes=\"auto, (max-width: 225px) 100vw, 225px\" \/><\/a><\/p>\n<p style=\"text-align: center;\">\n<p style=\"text-align: left;\">on arrivait devant le tunnel pr\u00e9c\u00e9dant le Viaduc, tunnel courbe celui-l\u00e0<\/p>\n<p style=\"text-align: center;\"><a href=\"http:\/\/ltbc.fr\/wp-content\/uploads\/2010\/03\/X1.jpg\"><img loading=\"lazy\" decoding=\"async\" class=\"size-medium wp-image-926 aligncenter\" title=\"X1\" src=\"http:\/\/ltbc.fr\/wp-content\/uploads\/2010\/03\/X1-300x225.jpg\" alt=\"\" width=\"300\" height=\"225\" srcset=\"https:\/\/ltbc.fr\/wp-content\/uploads\/2010\/03\/X1-300x225.jpg 300w, https:\/\/ltbc.fr\/wp-content\/uploads\/2010\/03\/X1-1024x768.jpg 1024w, https:\/\/ltbc.fr\/wp-content\/uploads\/2010\/03\/X1.jpg 1600w\" sizes=\"auto, (max-width: 300px) 100vw, 300px\" \/><\/a><\/p>\n<p style=\"text-align: left;\">\n<p style=\"text-align: left;\">Il y avait \u00e0 droite, un feu rouge, car la circulation \u00e9tait altern\u00e9e. Quand le feu passait au vert, on pouvait s&rsquo;engouffrer dans le tunnel, fort sombre, car du fait de sa courbure on ne pouvait voir l&rsquo;extr\u00e9mit\u00e9. Mais on arrivait rapidement \u00e0 cette vue impressionnante :<\/p>\n<p style=\"text-align: left;\">\n<p style=\"text-align: center;\"><a href=\"http:\/\/ltbc.fr\/wp-content\/uploads\/2010\/03\/X2.jpg\"><img loading=\"lazy\" decoding=\"async\" class=\"size-large wp-image-929 aligncenter\" title=\"X2\" src=\"http:\/\/ltbc.fr\/wp-content\/uploads\/2010\/03\/X2-768x1024.jpg\" alt=\"\" width=\"602\" height=\"803\" srcset=\"https:\/\/ltbc.fr\/wp-content\/uploads\/2010\/03\/X2-768x1024.jpg 768w, https:\/\/ltbc.fr\/wp-content\/uploads\/2010\/03\/X2-225x300.jpg 225w, https:\/\/ltbc.fr\/wp-content\/uploads\/2010\/03\/X2.jpg 1200w\" sizes=\"auto, (max-width: 602px) 100vw, 602px\" \/><\/a><\/p>\n<p style=\"text-align: left;\">\n<p style=\"text-align: left;\">Puis on passait sur le viaduc, au-dessus d&rsquo;un vide de plus de 90 m.<\/p>\n<p style=\"text-align: left;\">Je vous laisse imaginer l&rsquo;\u00e9motion qui se d\u00e9gageait de cette transition entre un tunnel obscur et ce paysage magnifique.<\/p>\n<p style=\"text-align: left;\">\n<p style=\"text-align: left;\">Quelques autres photographies du viaduc, en vrac.<\/p>\n<div id=\"attachment_940\" style=\"width: 235px\" class=\"wp-caption alignleft\"><a href=\"http:\/\/ltbc.fr\/wp-content\/uploads\/2010\/03\/X8.jpg\"><img loading=\"lazy\" decoding=\"async\" aria-describedby=\"caption-attachment-940\" class=\"size-medium wp-image-940\" title=\"X8\" src=\"http:\/\/ltbc.fr\/wp-content\/uploads\/2010\/03\/X8-225x300.jpg\" alt=\"Si vous voulez monter en haut de la pile, c'est par l\u00e0 ...\" width=\"225\" height=\"300\" srcset=\"https:\/\/ltbc.fr\/wp-content\/uploads\/2010\/03\/X8-225x300.jpg 225w, https:\/\/ltbc.fr\/wp-content\/uploads\/2010\/03\/X8-768x1024.jpg 768w, https:\/\/ltbc.fr\/wp-content\/uploads\/2010\/03\/X8.jpg 1200w\" sizes=\"auto, (max-width: 225px) 100vw, 225px\" \/><\/a><p id=\"caption-attachment-940\" class=\"wp-caption-text\">Si vous voulez monter en haut de la pile, c&#39;est par l\u00e0 ...<\/p><\/div>\n<p style=\"text-align: left;\">\n<div id=\"attachment_935\" style=\"width: 235px\" class=\"wp-caption alignleft\"><a href=\"http:\/\/ltbc.fr\/wp-content\/uploads\/2010\/03\/X3.jpg\"><img loading=\"lazy\" decoding=\"async\" aria-describedby=\"caption-attachment-935\" class=\"size-medium wp-image-935\" title=\"X3\" src=\"http:\/\/ltbc.fr\/wp-content\/uploads\/2010\/03\/X3-225x300.jpg\" alt=\"\" width=\"225\" height=\"300\" srcset=\"https:\/\/ltbc.fr\/wp-content\/uploads\/2010\/03\/X3-225x300.jpg 225w, https:\/\/ltbc.fr\/wp-content\/uploads\/2010\/03\/X3-768x1024.jpg 768w, https:\/\/ltbc.fr\/wp-content\/uploads\/2010\/03\/X3.jpg 1200w\" sizes=\"auto, (max-width: 225px) 100vw, 225px\" \/><\/a><p id=\"caption-attachment-935\" class=\"wp-caption-text\">Vue en sortant du tunnel<\/p><\/div>\n<div id=\"attachment_936\" style=\"width: 310px\" class=\"wp-caption alignleft\"><a href=\"http:\/\/ltbc.fr\/wp-content\/uploads\/2010\/03\/X4.jpg\"><img loading=\"lazy\" decoding=\"async\" aria-describedby=\"caption-attachment-936\" class=\"size-medium wp-image-936\" title=\"X4\" src=\"http:\/\/ltbc.fr\/wp-content\/uploads\/2010\/03\/X4-300x200.jpg\" alt=\"\" width=\"300\" height=\"200\" srcset=\"https:\/\/ltbc.fr\/wp-content\/uploads\/2010\/03\/X4-300x200.jpg 300w, https:\/\/ltbc.fr\/wp-content\/uploads\/2010\/03\/X4-1024x682.jpg 1024w, https:\/\/ltbc.fr\/wp-content\/uploads\/2010\/03\/X4.jpg 1600w\" sizes=\"auto, (max-width: 300px) 100vw, 300px\" \/><\/a><p id=\"caption-attachment-936\" class=\"wp-caption-text\">Le haut d&#39;une des piles. On voit que celles-ci sont creuses.<\/p><\/div>\n<div id=\"attachment_937\" style=\"width: 310px\" class=\"wp-caption alignleft\"><a href=\"http:\/\/ltbc.fr\/wp-content\/uploads\/2010\/03\/X5.jpg\"><img loading=\"lazy\" decoding=\"async\" aria-describedby=\"caption-attachment-937\" class=\"size-medium wp-image-937\" title=\"X5\" src=\"http:\/\/ltbc.fr\/wp-content\/uploads\/2010\/03\/X5-300x225.jpg\" alt=\"\" width=\"300\" height=\"225\" srcset=\"https:\/\/ltbc.fr\/wp-content\/uploads\/2010\/03\/X5-300x225.jpg 300w, https:\/\/ltbc.fr\/wp-content\/uploads\/2010\/03\/X5-1024x768.jpg 1024w, https:\/\/ltbc.fr\/wp-content\/uploads\/2010\/03\/X5.jpg 1600w\" sizes=\"auto, (max-width: 300px) 100vw, 300px\" \/><\/a><p id=\"caption-attachment-937\" class=\"wp-caption-text\">D\u00e9tail d&#39;une des pi\u00e8ces de liaison des c\u00e2bles<\/p><\/div>\n<div id=\"attachment_938\" style=\"width: 310px\" class=\"wp-caption alignleft\"><a href=\"http:\/\/ltbc.fr\/wp-content\/uploads\/2010\/03\/X6.jpg\"><img loading=\"lazy\" decoding=\"async\" aria-describedby=\"caption-attachment-938\" class=\"size-medium wp-image-938\" title=\"X6\" src=\"http:\/\/ltbc.fr\/wp-content\/uploads\/2010\/03\/X6-300x225.jpg\" alt=\"\" width=\"300\" height=\"225\" srcset=\"https:\/\/ltbc.fr\/wp-content\/uploads\/2010\/03\/X6-300x225.jpg 300w, https:\/\/ltbc.fr\/wp-content\/uploads\/2010\/03\/X6-1024x768.jpg 1024w, https:\/\/ltbc.fr\/wp-content\/uploads\/2010\/03\/X6.jpg 1600w\" sizes=\"auto, (max-width: 300px) 100vw, 300px\" \/><\/a><p id=\"caption-attachment-938\" class=\"wp-caption-text\">Les pi\u00e8ces de liaisons centrales<\/p><\/div>\n<div id=\"attachment_939\" style=\"width: 235px\" class=\"wp-caption alignleft\"><a href=\"http:\/\/ltbc.fr\/wp-content\/uploads\/2010\/03\/X7.jpg\"><img loading=\"lazy\" decoding=\"async\" aria-describedby=\"caption-attachment-939\" class=\"size-medium wp-image-939 \" title=\"X7\" src=\"http:\/\/ltbc.fr\/wp-content\/uploads\/2010\/03\/X7-225x300.jpg\" alt=\"\" width=\"225\" height=\"300\" srcset=\"https:\/\/ltbc.fr\/wp-content\/uploads\/2010\/03\/X7-225x300.jpg 225w, https:\/\/ltbc.fr\/wp-content\/uploads\/2010\/03\/X7-768x1024.jpg 768w, https:\/\/ltbc.fr\/wp-content\/uploads\/2010\/03\/X7.jpg 1200w\" sizes=\"auto, (max-width: 225px) 100vw, 225px\" \/><\/a><p id=\"caption-attachment-939\" class=\"wp-caption-text\">C\u00f4t\u00e9 Soursac, avec l&#39;entr\u00e9e de tuinnel<\/p><\/div>\n<div id=\"attachment_941\" style=\"width: 235px\" class=\"wp-caption alignleft\"><a href=\"http:\/\/ltbc.fr\/wp-content\/uploads\/2010\/03\/X9.jpg\"><img loading=\"lazy\" decoding=\"async\" aria-describedby=\"caption-attachment-941\" class=\"size-medium wp-image-941\" title=\"X9\" src=\"http:\/\/ltbc.fr\/wp-content\/uploads\/2010\/03\/X9-225x300.jpg\" alt=\"\" width=\"225\" height=\"300\" srcset=\"https:\/\/ltbc.fr\/wp-content\/uploads\/2010\/03\/X9-225x300.jpg 225w, https:\/\/ltbc.fr\/wp-content\/uploads\/2010\/03\/X9-768x1024.jpg 768w, https:\/\/ltbc.fr\/wp-content\/uploads\/2010\/03\/X9.jpg 1200w\" sizes=\"auto, (max-width: 225px) 100vw, 225px\" \/><\/a><p id=\"caption-attachment-941\" class=\"wp-caption-text\">L&#39;acc\u00e8s au sommet<\/p><\/div>\n<div id=\"attachment_942\" style=\"width: 235px\" class=\"wp-caption alignleft\"><a href=\"http:\/\/ltbc.fr\/wp-content\/uploads\/2010\/03\/X10.jpg\"><img loading=\"lazy\" decoding=\"async\" aria-describedby=\"caption-attachment-942\" class=\"size-medium wp-image-942\" title=\"X10\" src=\"http:\/\/ltbc.fr\/wp-content\/uploads\/2010\/03\/X10-225x300.jpg\" alt=\"\" width=\"225\" height=\"300\" srcset=\"https:\/\/ltbc.fr\/wp-content\/uploads\/2010\/03\/X10-225x300.jpg 225w, https:\/\/ltbc.fr\/wp-content\/uploads\/2010\/03\/X10-768x1024.jpg 768w, https:\/\/ltbc.fr\/wp-content\/uploads\/2010\/03\/X10.jpg 1200w\" sizes=\"auto, (max-width: 225px) 100vw, 225px\" \/><\/a><p id=\"caption-attachment-942\" class=\"wp-caption-text\">Vue depuis le parking c\u00f4t\u00e9 Lapleau<\/p><\/div>\n<div id=\"attachment_943\" style=\"width: 310px\" class=\"wp-caption alignleft\"><a href=\"http:\/\/ltbc.fr\/wp-content\/uploads\/2010\/03\/X11.jpg\"><img loading=\"lazy\" decoding=\"async\" aria-describedby=\"caption-attachment-943\" class=\"size-medium wp-image-943\" title=\"X11\" src=\"http:\/\/ltbc.fr\/wp-content\/uploads\/2010\/03\/X11-300x200.jpg\" alt=\"\" width=\"300\" height=\"200\" srcset=\"https:\/\/ltbc.fr\/wp-content\/uploads\/2010\/03\/X11-300x200.jpg 300w, https:\/\/ltbc.fr\/wp-content\/uploads\/2010\/03\/X11-1024x682.jpg 1024w, https:\/\/ltbc.fr\/wp-content\/uploads\/2010\/03\/X11.jpg 1200w\" sizes=\"auto, (max-width: 300px) 100vw, 300px\" \/><\/a><p id=\"caption-attachment-943\" class=\"wp-caption-text\">Nacelle sous le viaduc<\/p><\/div>\n<div id=\"attachment_944\" style=\"width: 310px\" class=\"wp-caption alignleft\"><a href=\"http:\/\/ltbc.fr\/wp-content\/uploads\/2010\/03\/X12.jpg\"><img loading=\"lazy\" decoding=\"async\" aria-describedby=\"caption-attachment-944\" class=\"size-medium wp-image-944\" title=\"X12\" src=\"http:\/\/ltbc.fr\/wp-content\/uploads\/2010\/03\/X12-300x225.jpg\" alt=\"\" width=\"300\" height=\"225\" srcset=\"https:\/\/ltbc.fr\/wp-content\/uploads\/2010\/03\/X12-300x225.jpg 300w, https:\/\/ltbc.fr\/wp-content\/uploads\/2010\/03\/X12-1024x768.jpg 1024w, https:\/\/ltbc.fr\/wp-content\/uploads\/2010\/03\/X12.jpg 1200w\" sizes=\"auto, (max-width: 300px) 100vw, 300px\" \/><\/a><p id=\"caption-attachment-944\" class=\"wp-caption-text\">Un des charriots de dilatation<\/p><\/div>\n<div id=\"attachment_945\" style=\"width: 310px\" class=\"wp-caption alignleft\"><a href=\"http:\/\/ltbc.fr\/wp-content\/uploads\/2010\/03\/X13.jpg\"><img loading=\"lazy\" decoding=\"async\" aria-describedby=\"caption-attachment-945\" class=\"size-medium wp-image-945\" title=\"X13\" src=\"http:\/\/ltbc.fr\/wp-content\/uploads\/2010\/03\/X13-300x225.jpg\" alt=\"\" width=\"300\" height=\"225\" srcset=\"https:\/\/ltbc.fr\/wp-content\/uploads\/2010\/03\/X13-300x225.jpg 300w, https:\/\/ltbc.fr\/wp-content\/uploads\/2010\/03\/X13-1024x768.jpg 1024w, https:\/\/ltbc.fr\/wp-content\/uploads\/2010\/03\/X13.jpg 1200w\" sizes=\"auto, (max-width: 300px) 100vw, 300px\" \/><\/a><p id=\"caption-attachment-945\" class=\"wp-caption-text\">Vue d&#39;ensemble<\/p><\/div>\n<div id=\"attachment_946\" style=\"width: 235px\" class=\"wp-caption alignleft\"><a href=\"http:\/\/ltbc.fr\/wp-content\/uploads\/2010\/03\/X14.jpg\"><img loading=\"lazy\" decoding=\"async\" aria-describedby=\"caption-attachment-946\" class=\"size-medium wp-image-946\" title=\"X14\" src=\"http:\/\/ltbc.fr\/wp-content\/uploads\/2010\/03\/X14-225x300.jpg\" alt=\"\" width=\"225\" height=\"300\" srcset=\"https:\/\/ltbc.fr\/wp-content\/uploads\/2010\/03\/X14-225x300.jpg 225w, https:\/\/ltbc.fr\/wp-content\/uploads\/2010\/03\/X14-768x1024.jpg 768w, https:\/\/ltbc.fr\/wp-content\/uploads\/2010\/03\/X14.jpg 1200w\" sizes=\"auto, (max-width: 225px) 100vw, 225px\" \/><\/a><p id=\"caption-attachment-946\" class=\"wp-caption-text\">L&#39;entr\u00e9e du tunnel c\u00f4t\u00e9 Soursac<\/p><\/div>\n","protected":false},"excerpt":{"rendered":"<p>Il s&rsquo;agit de l&rsquo;ouvrage le plus remarquable de la ligne Tulle-Ussel des anciens tramways de la Corr\u00e8ze. Il a \u00e9t\u00e9 construit pour franchir la vall\u00e9e de la Luz\u00e8ge, entre Lapleau et Soursac.<\/p>\n<p style=\"text-align: center;\">\n<p>Appel\u00e9 soit le Viaduc des Rochers Noirs (c\u00f4t\u00e9 Lapleau), soit le Viaduc de la Roche Taillade ou Roche Taillad\u00e9e (c\u00f4t\u00e9 [&#8230;]<\/p>\n","protected":false},"author":1,"featured_media":0,"parent":425,"menu_order":0,"comment_status":"open","ping_status":"open","template":"","meta":{"_monsterinsights_skip_tracking":false,"_monsterinsights_sitenote_active":false,"_monsterinsights_sitenote_note":"","_monsterinsights_sitenote_category":0,"footnotes":""},"class_list":["post-948","page","type-page","status-publish","hentry","odd"],"aioseo_notices":[],"_links":{"self":[{"href":"https:\/\/ltbc.fr\/index.php?rest_route=\/wp\/v2\/pages\/948","targetHints":{"allow":["GET"]}}],"collection":[{"href":"https:\/\/ltbc.fr\/index.php?rest_route=\/wp\/v2\/pages"}],"about":[{"href":"https:\/\/ltbc.fr\/index.php?rest_route=\/wp\/v2\/types\/page"}],"author":[{"embeddable":true,"href":"https:\/\/ltbc.fr\/index.php?rest_route=\/wp\/v2\/users\/1"}],"replies":[{"embeddable":true,"href":"https:\/\/ltbc.fr\/index.php?rest_route=%2Fwp%2Fv2%2Fcomments&post=948"}],"version-history":[{"count":3,"href":"https:\/\/ltbc.fr\/index.php?rest_route=\/wp\/v2\/pages\/948\/revisions"}],"predecessor-version":[{"id":2979,"href":"https:\/\/ltbc.fr\/index.php?rest_route=\/wp\/v2\/pages\/948\/revisions\/2979"}],"up":[{"embeddable":true,"href":"https:\/\/ltbc.fr\/index.php?rest_route=\/wp\/v2\/pages\/425"}],"wp:attachment":[{"href":"https:\/\/ltbc.fr\/index.php?rest_route=%2Fwp%2Fv2%2Fmedia&parent=948"}],"curies":[{"name":"wp","href":"https:\/\/api.w.org\/{rel}","templated":true}]}}